{"id":5553,"date":"2026-04-19T15:41:53","date_gmt":"2026-04-19T07:41:53","guid":{"rendered":"https:\/\/jrtacrylic.com\/?post_type=product&#038;p=5553"},"modified":"2026-04-21T10:25:41","modified_gmt":"2026-04-21T02:25:41","slug":"turquoise-opaque-acrylic-board-3-mm-solid-aqua-plexiglass","status":"publish","type":"product","link":"https:\/\/jrtacrylic.com\/es\/product\/acrylic\/acrylic-sheet\/turquoise-opaque-acrylic-board-3-mm-solid-aqua-plexiglass.html","title":{"rendered":"Placa acr\u00edlica transl\u00facida opaca 3-20 mm - Plexigl\u00e1s de colores personalizados"},"content":{"rendered":"<p>Color <a class=\"wpil_keyword_link\" title=\"L\u00e1mina acr\u00edlica\" href=\"https:\/\/jrtacrylic.com\/product\/acrylic\/acrylic-sheet\" data-wpil-keyword-link=\"linked\" data-wpil-monitor-id=\"30\">L\u00e1mina acr\u00edlica<\/a> Es una l\u00e1mina coloreada fabricada a\u00f1adiendo pigmentos inorg\u00e1nicos o tintes al sustrato de PMMA, producida mediante procesos de moldeo o extrusi\u00f3n. Ofrece tres series principales: transparente, transl\u00facida y opaca, que incluyen m\u00e1s de 50 colores est\u00e1ndar y colores personalizados (correspondencia de colores Pantone). El grosor de la l\u00e1mina var\u00eda entre 1 mm y 50 mm, con opciones de acabado de alta brillantez, mate o texturizado, y pel\u00edcula protectora de PE por ambas caras. Con una transmitancia de luz de 92% (colores transparentes), una excelente resistencia a la intemperie y facilidad de procesamiento, es un material ideal para aplicaciones de decoraci\u00f3n, se\u00f1alizaci\u00f3n e iluminaci\u00f3n.<\/p>\n<h2>Caracter\u00edsticas principales<\/h2>\n<ul>\n<li><strong>Rendimiento del color<\/strong>: \u0394E\u22642 diferencia de color, estricto control de color lote a lote, tasa de decoloraci\u00f3n en exteriores de 5 a\u00f1os \u22645%<\/li>\n<li><strong>Calidad \u00f3ptica<\/strong>: Serie de color transparente con transmisi\u00f3n de luz 85%-92%, neblina ajustable 5%-95%, \u00edndice de refracci\u00f3n 1,49<\/li>\n<li><strong>Fuerza f\u00edsica<\/strong>: Resistencia al impacto 16kJ\/m\u00b2, resistencia a la flexi\u00f3n \u226590MPa, dureza Shore M90-95.<\/li>\n<li><strong>Estabilidad meteorol\u00f3gica<\/strong>: Contenido de absorbente UV 0,2%-0,5%, \u00edndice de amarilleamiento \u0394E&lt;3 (QUV 5000 horas)<\/li>\n<li><strong>Rendimiento del procesamiento<\/strong>: Termoformable (140-160\u2103), grabado l\u00e1ser, fresado CNC, impresi\u00f3n adherencia \u22653N\/cm.<\/li>\n<li><strong>Certificaci\u00f3n medioambiental<\/strong>: Cumple las normas RoHS, REACH, contenido en metales pesados &lt;10ppm, cero emisiones de formaldeh\u00eddo.<\/li>\n<\/ul>\n<h2>Escenarios de aplicaci\u00f3n<\/h2>\n<h3>Decoraci\u00f3n y arquitectura<\/h3>\n<ul>\n<li><strong>Dise\u00f1o interior<\/strong>: Tabiques de colores, paneles decorativos para paredes, paneles para muebles<\/li>\n<li><strong>Construcci\u00f3n de muros cortina<\/strong>: Paneles de iluminaci\u00f3n natural de colores, componentes decorativos de formas especiales, pieles de edificios emblem\u00e1ticos<\/li>\n<li><strong>Decoraci\u00f3n del hogar<\/strong>: Muebles a medida, mamparas art\u00edsticas, techos de cocina y ba\u00f1o<\/li>\n<\/ul>\n<h3>Publicidad y se\u00f1alizaci\u00f3n<\/h3>\n<ul>\n<li><strong>Producci\u00f3n de r\u00f3tulos<\/strong>: Letras tridimensionales, r\u00f3tulos retroiluminados, sistemas de orientaci\u00f3n<\/li>\n<li><strong>Exposici\u00f3n<\/strong>: Decoraci\u00f3n de stands, expositores de productos, publicidad POP<\/li>\n<li><strong>Impresi\u00f3n digital<\/strong>: Soportes de inyecci\u00f3n de tinta UV, cajas de luz acr\u00edlicas<\/li>\n<\/ul>\n<h3>Aplicaciones especiales<\/h3>\n<ul>\n<li><strong>Luminotecnia<\/strong>: Pantallas de l\u00e1mparas de colores, luces decorativas LED, iluminaci\u00f3n paisaj\u00edstica<\/li>\n<li><strong>Creaci\u00f3n art\u00edstica<\/strong>: Obras escult\u00f3ricas, instalaciones art\u00edsticas, atrezo esc\u00e9nico<\/li>\n<li><strong>Paneles electr\u00f3nicos<\/strong>: Paneles frontales de los equipos, paneles de control, ventanas de visualizaci\u00f3n<\/li>\n<\/ul>\n<h2>Par\u00e1metros t\u00e9cnicos<\/h2>\n<table width=\"0%\">\n<tbody>\n<tr>\n<td>Art\u00edculo de rendimiento<\/td>\n<td>Norma de ensayo<\/td>\n<td>Valor t\u00edpico<\/td>\n<\/tr>\n<tr>\n<td>Densidad<\/td>\n<td>ASTM D792<\/td>\n<td>1,19 g\/cm\u00b3<\/td>\n<\/tr>\n<tr>\n<td>Transmitancia de la luz (colores transparentes)<\/td>\n<td>ASTM D1003<\/td>\n<td>85-92 %<\/td>\n<\/tr>\n<tr>\n<td>Temperatura de distorsi\u00f3n t\u00e9rmica<\/td>\n<td>ASTM D648<\/td>\n<td>85-90 \u2103<\/td>\n<\/tr>\n<tr>\n<td>Resistencia al impacto (sin entallar)<\/td>\n<td>ASTM D256<\/td>\n<td>16 kJ\/m\u00b2<\/td>\n<\/tr>\n<tr>\n<td>Coeficiente de dilataci\u00f3n t\u00e9rmica lineal<\/td>\n<td>ASTM D696<\/td>\n<td>7\u00d710-\u2075 \/\u2103<\/td>\n<\/tr>\n<tr>\n<td>Punto de reblandecimiento Vicat<\/td>\n<td>ASTM D1525<\/td>\n<td>100-105 \u2103<\/td>\n<\/tr>\n<tr>\n<td>Resistencia a la intemperie<\/td>\n<td>ISO 4892-2<\/td>\n<td>Clase 5 (5 a\u00f1os al aire libre)<\/td>\n<\/tr>\n<tr>\n<td>Grado de inflamabilidad<\/td>\n<td>UL94<\/td>\n<td>HB<\/td>\n<\/tr>\n<\/tbody>\n<\/table>\n<h2>Colores y especificaciones<\/h2>\n<table width=\"100%\">\n<tbody>\n<tr>\n<td>Serie Color<\/td>\n<td>C\u00f3digos de colores representativos<\/td>\n<td>Gama de espesores<\/td>\n<td>Tratamiento de superficies<\/td>\n<\/tr>\n<tr>\n<td>Colores transparentes<\/td>\n<td>Rojo(2423), Azul(2050), Verde(3030)<\/td>\n<td>1-20 mm<\/td>\n<td>Alto brillo\/mate<\/td>\n<\/tr>\n<tr>\n<td>Colores transl\u00facidos<\/td>\n<td>Blanco lechoso(2447), Azul esmerilado(2114), Marr\u00f3n(2404)<\/td>\n<td>2-30 mm<\/td>\n<td>Esmerilado\/Textura fina<\/td>\n<\/tr>\n<tr>\n<td>Colores opacos<\/td>\n<td>Negro(2025), Amarillo(2037), Naranja(2119)<\/td>\n<td>3-50 mm<\/td>\n<td>Alto brillo\/texturizado<\/td>\n<\/tr>\n<tr>\n<td>Efectos especiales<\/td>\n<td>Fluorescente, Nacarado, Degradado<\/td>\n<td>3-20 mm<\/td>\n<td>Textura personalizada<\/td>\n<\/tr>\n<\/tbody>\n<\/table>\n<h2>Directrices de tratamiento<\/h2>\n<ul>\n<li><strong>Herramientas de corte<\/strong>: Corte por l\u00e1ser (potencia recomendada 50-100W), sierra circular (hoja de aleaci\u00f3n de 100-120 dientes)<\/li>\n<li><strong>Proceso de termoformado<\/strong>: Calentamiento uniforme a 150\u2103, radio de curvatura \u22653\u00d7espesor, tiempo de enfriamiento \u22655 minutos.<\/li>\n<li><strong>Tratamiento de superficies<\/strong>: Pintable (pintura acr\u00edlica), serigrafiable (tintas UV), recubrible (metalizaci\u00f3n)<\/li>\n<li><strong>M\u00e9todos de adhesi\u00f3n<\/strong>: Pegamento acr\u00edlico especial (por ejemplo, diclorometano), pegamento UV (recomendado para colores transparentes)<\/li>\n<\/ul>","protected":false},"excerpt":{"rendered":"<p>Color <a class=\"wpil_keyword_link\" title=\"L\u00e1mina acr\u00edlica\" href=\"https:\/\/jrtacrylic.com\/product\/acrylic\/acrylic-sheet\" data-wpil-keyword-link=\"linked\" data-wpil-monitor-id=\"31\">L\u00e1mina acr\u00edlica<\/a> Es una l\u00e1mina coloreada fabricada a\u00f1adiendo pigmentos inorg\u00e1nicos o tintes al sustrato de PMMA, producida mediante procesos de moldeo o extrusi\u00f3n. Ofrece tres series principales: transparente, transl\u00facida y opaca, que incluyen m\u00e1s de 50 colores est\u00e1ndar y colores personalizados (correspondencia de colores Pantone). El grosor de la l\u00e1mina var\u00eda entre 1 mm y 50 mm, con opciones de acabado de alta brillantez, mate o texturizado, y pel\u00edcula protectora de PE por ambas caras. Con una transmitancia de luz de 92% (colores transparentes), una excelente resistencia a la intemperie y facilidad de procesamiento, es un material ideal para aplicaciones de decoraci\u00f3n, se\u00f1alizaci\u00f3n e iluminaci\u00f3n.<\/p>","protected":false},"featured_media":7493,"comment_status":"closed","ping_status":"closed","template":"","meta":{"_acf_changed":false,"_seopress_robots_primary_cat":"none","_seopress_titles_title":"","_seopress_titles_desc":"Jingruite Turquoise Opaque Acrylic Board 3\u202fmm \u2013 durable, lightweight, and versatile for signage, architectural, furniture, and industrial applications.","_seopress_robots_index":"","_gspb_post_css":""},"product_brand":[],"product_cat":[77],"product_tag":[123],"class_list":{"0":"post-5553","1":"product","2":"type-product","3":"status-publish","4":"has-post-thumbnail","6":"product_cat-acrylic-sheet","7":"product_tag-featured-products","9":"first","10":"instock","11":"featured","12":"shipping-taxable","13":"product-type-simple"},"acf":[],"etheme_brands":{"errors":{"invalid_taxonomy":["Taxonom\u00eda no v\u00e1lida."]},"error_data":[]},"_links":{"self":[{"href":"https:\/\/jrtacrylic.com\/es\/wp-json\/wp\/v2\/product\/5553","targetHints":{"allow":["GET"]}}],"collection":[{"href":"https:\/\/jrtacrylic.com\/es\/wp-json\/wp\/v2\/product"}],"about":[{"href":"https:\/\/jrtacrylic.com\/es\/wp-json\/wp\/v2\/types\/product"}],"replies":[{"embeddable":true,"href":"https:\/\/jrtacrylic.com\/es\/wp-json\/wp\/v2\/comments?post=5553"}],"version-history":[{"count":3,"href":"https:\/\/jrtacrylic.com\/es\/wp-json\/wp\/v2\/product\/5553\/revisions"}],"predecessor-version":[{"id":7603,"href":"https:\/\/jrtacrylic.com\/es\/wp-json\/wp\/v2\/product\/5553\/revisions\/7603"}],"wp:featuredmedia":[{"embeddable":true,"href":"https:\/\/jrtacrylic.com\/es\/wp-json\/wp\/v2\/media\/7493"}],"wp:attachment":[{"href":"https:\/\/jrtacrylic.com\/es\/wp-json\/wp\/v2\/media?parent=5553"}],"wp:term":[{"taxonomy":"product_brand","embeddable":true,"href":"https:\/\/jrtacrylic.com\/es\/wp-json\/wp\/v2\/product_brand?post=5553"},{"taxonomy":"product_cat","embeddable":true,"href":"https:\/\/jrtacrylic.com\/es\/wp-json\/wp\/v2\/product_cat?post=5553"},{"taxonomy":"product_tag","embeddable":true,"href":"https:\/\/jrtacrylic.com\/es\/wp-json\/wp\/v2\/product_tag?post=5553"}],"curies":[{"name":"wp","href":"https:\/\/api.w.org\/{rel}","templated":true}]}}