{"id":5595,"date":"2025-09-09T15:59:15","date_gmt":"2025-09-09T07:59:15","guid":{"rendered":"https:\/\/jrtacrylic.com\/?post_type=product&#038;p=5595"},"modified":"2026-04-17T16:09:20","modified_gmt":"2026-04-17T08:09:20","slug":"impact-resistant-acrylic-sheet","status":"publish","type":"product","link":"https:\/\/jrtacrylic.com\/es\/product\/acrylic\/acrylic-sheet\/impact-resistant-acrylic-sheet.html","title":{"rendered":"Plancha acr\u00edlica resistente a los impactos"},"content":{"rendered":"<p>La l\u00e1mina acr\u00edlica resistente a impactos es una l\u00e1mina de alto rendimiento fabricada mediante tecnolog\u00eda de modificaci\u00f3n de mezclas (PMMA y copol\u00edmero elast\u00f3mero). Ofrece una resistencia al impacto entre 5 y 10 veces superior a la del acr\u00edlico normal (resistencia al impacto con entalla Izod \u226515kJ\/m\u00b2), aproxim\u00e1ndose a la de la l\u00e1mina de PC y conservando al mismo tiempo las excelentes propiedades \u00f3pticas del acr\u00edlico (transmitancia luminosa 89-91%). Con una dureza superficial de 2H, un grosor de entre 3 mm y 25 mm y un tama\u00f1o est\u00e1ndar de 1220\u00d72440 mm, es adecuada para aplicaciones que requieren alta seguridad.<\/p>\n<h2>Caracter\u00edsticas principales<\/h2>\n<ul>\n<li><strong>Resistencia ultra alta a los impactos<\/strong>: Resistencia al impacto Izod 15-25kJ\/m\u00b2, prueba de impacto de ca\u00edda de bola (1kg@1m) sin rotura<\/li>\n<li><strong>Rendimiento \u00f3ptico<\/strong>: Transmitancia luminosa 89-91%, turbidez &lt;2%, distorsi\u00f3n \u00f3ptica &lt;0,5%<\/li>\n<li><strong>Resistencia a la intemperie<\/strong>: Temperatura de funcionamiento -40\u2103 a 90\u2103, estabilizador UV a\u00f1adido, amarilleamiento en exteriores 5 a\u00f1os \u0394E&lt;3<\/li>\n<li><strong>Rendimiento del procesamiento<\/strong>: Termoformable (150-170\u2103), corte por l\u00e1ser, mecanizado CNC, superficie imprimible.<\/li>\n<li><strong>Caracter\u00edsticas de seguridad<\/strong>: Se rompe en fragmentos obtusos sin bordes afilados, cumple las normas de seguridad del vidrio arquitect\u00f3nico<\/li>\n<li><strong>Estabilidad qu\u00edmica<\/strong>: Resistente a \u00e1cidos diluidos, \u00e1lcalis, alcohol, anticontaminaci\u00f3n, f\u00e1cil de limpiar<\/li>\n<\/ul>\n<h2>Escenarios de aplicaci\u00f3n<\/h2>\n<h3>Protecci\u00f3n de la seguridad<\/h3>\n<ul>\n<li><strong>Acristalamiento de seguridad<\/strong>: Mostradores de bancos, vitrinas de joyer\u00edas, vitrinas de museos<\/li>\n<li><strong>Protectores de m\u00e1quinas<\/strong>: Paneles de protecci\u00f3n de equipos industriales, aislamiento de estaciones de trabajo robotizadas<\/li>\n<li><strong>Transporte<\/strong>: Puertas de and\u00e9n de metro, ventanas de trenes de alta velocidad, parabrisas de yates<\/li>\n<\/ul>\n<h3>Arquitectura y espacios p\u00fablicos<\/h3>\n<ul>\n<li><strong>Arquitectura<\/strong>: Muros cortina de vidrio, claraboyas, barandillas de escaleras<\/li>\n<li><strong>Espacios p\u00fablicos<\/strong>: Zonas de seguridad de aeropuertos, gradas de estadios, instalaciones de parques de atracciones<\/li>\n<li><strong>Centros de ense\u00f1anza<\/strong>: Ventanas de escuelas, tabiques de laboratorios, barreras de protecci\u00f3n<\/li>\n<\/ul>\n<h3>Entornos especiales<\/h3>\n<ul>\n<li><strong>Entornos extremos<\/strong>: Estaciones de investigaci\u00f3n polar, instalaciones en el desierto, edificios costeros<\/li>\n<li><strong>Zonas de tr\u00e1fico intenso<\/strong>: Puertas autom\u00e1ticas de centros comerciales, pasillos de hospitales, andenes de metro<\/li>\n<li><strong>Instalaciones deportivas<\/strong>: Barreras para pistas de hielo, cerramientos para pistas de tenis, claraboyas para piscinas<\/li>\n<\/ul>\n<h2>Par\u00e1metros t\u00e9cnicos<\/h2>\n<table width=\"0%\">\n<tbody>\n<tr>\n<td>\u00cdndice de rendimiento<\/td>\n<td>M\u00e9todo de ensayo<\/td>\n<td>Rango de valores<\/td>\n<\/tr>\n<tr>\n<td>Densidad<\/td>\n<td>ASTM D792<\/td>\n<td>1,18-1,20 g\/cm\u00b3<\/td>\n<\/tr>\n<tr>\n<td>Transmitancia luminosa<\/td>\n<td>ASTM D1003<\/td>\n<td>89-91%<\/td>\n<\/tr>\n<tr>\n<td>Resistencia al impacto Izod (entallado)<\/td>\n<td>ASTM D256<\/td>\n<td>15-25 kJ\/m\u00b2<\/td>\n<\/tr>\n<tr>\n<td>Resistencia a la tracci\u00f3n<\/td>\n<td>ASTM D638<\/td>\n<td>55-65 MPa<\/td>\n<\/tr>\n<tr>\n<td>Resistencia a la flexi\u00f3n<\/td>\n<td>ASTM D790<\/td>\n<td>80-95 MPa<\/td>\n<\/tr>\n<tr>\n<td>Temperatura de distorsi\u00f3n t\u00e9rmica<\/td>\n<td>ASTM D648<\/td>\n<td>85-90\u2103<\/td>\n<\/tr>\n<tr>\n<td>Punto de reblandecimiento Vicat<\/td>\n<td>ASTM D1525<\/td>\n<td>95-100\u2103<\/td>\n<\/tr>\n<tr>\n<td>Dureza del l\u00e1piz<\/td>\n<td>ASTM D3363<\/td>\n<td>2H<\/td>\n<\/tr>\n<\/tbody>\n<\/table>\n<h2>Directrices de tratamiento<\/h2>\n<ul>\n<li><strong>Herramientas de corte<\/strong>: Cuchillas de acero r\u00e1pido (100-120 dientes), corte por l\u00e1ser (potencia 100-150W)<\/li>\n<li><strong>Termoformado<\/strong>: Temperatura de calentamiento 150-170\u2103, tiempo de mantenimiento 3-5 minutos\/mm de espesor.<\/li>\n<li><strong>Tratamiento de bordes<\/strong>: Pulido a la llama (temperatura 2000-2500\u2103), evitar el sobrecalentamiento causando decoloraci\u00f3n.<\/li>\n<li><strong>M\u00e9todos de conexi\u00f3n<\/strong>: Fijaci\u00f3n mec\u00e1nica (tornillos de acero inoxidable + arandelas), adhesi\u00f3n estructural (adhesivo de poliuretano)<\/li>\n<li><strong>Tratamiento de superficies<\/strong>: Imprimible (tintas UV), recubrible (revestimiento antirrayado)<\/li>\n<\/ul>\n<h2>Especificaciones del producto<\/h2>\n<table width=\"0%\">\n<tbody>\n<tr>\n<td>Espesor<\/td>\n<td>Tama\u00f1o est\u00e1ndar<\/td>\n<td>Nivel de resistencia a los impactos<\/td>\n<td>Aplicaci\u00f3n recomendada<\/td>\n<\/tr>\n<tr>\n<td>3-6 mm<\/td>\n<td>1220\u00d72440mm<\/td>\n<td>5\u00d7 acr\u00edlico normal<\/td>\n<td>Barreras protectoras<\/td>\n<\/tr>\n<tr>\n<td>8-12 mm<\/td>\n<td>1220\u00d72440mm<\/td>\n<td>8\u00d7 acr\u00edlico normal<\/td>\n<td>Cristal de seguridad<\/td>\n<\/tr>\n<tr>\n<td>15-20 mm<\/td>\n<td>2000\u00d73000mm<\/td>\n<td>10\u00d7 acr\u00edlico normal<\/td>\n<td>Protecciones para m\u00e1quinas<\/td>\n<\/tr>\n<tr>\n<td>25 mm<\/td>\n<td>2000\u00d73000mm<\/td>\n<td>12\u00d7 acr\u00edlico normal<\/td>\n<td>Aplicaciones a prueba de balas<\/td>\n<\/tr>\n<\/tbody>\n<\/table>\n<p>&nbsp;<\/p>","protected":false},"excerpt":{"rendered":"<p>La l\u00e1mina acr\u00edlica resistente a impactos es una l\u00e1mina de alto rendimiento fabricada mediante tecnolog\u00eda de modificaci\u00f3n de mezclas (PMMA y copol\u00edmero elast\u00f3mero). Ofrece una resistencia al impacto entre 5 y 10 veces superior a la del acr\u00edlico normal (resistencia al impacto con entalla Izod \u226515kJ\/m\u00b2), aproxim\u00e1ndose a la de la l\u00e1mina de PC y conservando al mismo tiempo las excelentes propiedades \u00f3pticas del acr\u00edlico (transmitancia luminosa 89-91%). Con una dureza superficial de 2H, un grosor de entre 3 mm y 25 mm y un tama\u00f1o est\u00e1ndar de 1220\u00d72440 mm, es adecuada para aplicaciones que requieren alta seguridad.<\/p>","protected":false},"featured_media":7510,"comment_status":"closed","ping_status":"closed","template":"","meta":{"_acf_changed":false,"_seopress_robots_primary_cat":"none","_seopress_titles_title":"","_seopress_titles_desc":"Our impact-resistant acrylic sheets protect against physical damage, ideal for high-impact environments and security applications.","_seopress_robots_index":"","_gspb_post_css":""},"product_brand":[],"product_cat":[77],"product_tag":[],"class_list":{"0":"post-5595","1":"product","2":"type-product","3":"status-publish","4":"has-post-thumbnail","6":"product_cat-acrylic-sheet","8":"first","9":"instock","10":"shipping-taxable","11":"product-type-simple"},"acf":[],"etheme_brands":{"errors":{"invalid_taxonomy":["Taxonom\u00eda no v\u00e1lida."]},"error_data":[]},"_links":{"self":[{"href":"https:\/\/jrtacrylic.com\/es\/wp-json\/wp\/v2\/product\/5595","targetHints":{"allow":["GET"]}}],"collection":[{"href":"https:\/\/jrtacrylic.com\/es\/wp-json\/wp\/v2\/product"}],"about":[{"href":"https:\/\/jrtacrylic.com\/es\/wp-json\/wp\/v2\/types\/product"}],"replies":[{"embeddable":true,"href":"https:\/\/jrtacrylic.com\/es\/wp-json\/wp\/v2\/comments?post=5595"}],"version-history":[{"count":0,"href":"https:\/\/jrtacrylic.com\/es\/wp-json\/wp\/v2\/product\/5595\/revisions"}],"wp:featuredmedia":[{"embeddable":true,"href":"https:\/\/jrtacrylic.com\/es\/wp-json\/wp\/v2\/media\/7510"}],"wp:attachment":[{"href":"https:\/\/jrtacrylic.com\/es\/wp-json\/wp\/v2\/media?parent=5595"}],"wp:term":[{"taxonomy":"product_brand","embeddable":true,"href":"https:\/\/jrtacrylic.com\/es\/wp-json\/wp\/v2\/product_brand?post=5595"},{"taxonomy":"product_cat","embeddable":true,"href":"https:\/\/jrtacrylic.com\/es\/wp-json\/wp\/v2\/product_cat?post=5595"},{"taxonomy":"product_tag","embeddable":true,"href":"https:\/\/jrtacrylic.com\/es\/wp-json\/wp\/v2\/product_tag?post=5595"}],"curies":[{"name":"wp","href":"https:\/\/api.w.org\/{rel}","templated":true}]}}