{"id":5653,"date":"2025-09-09T16:38:55","date_gmt":"2025-09-09T08:38:55","guid":{"rendered":"https:\/\/jrtacrylic.com\/?post_type=product&#038;p=5653"},"modified":"2026-04-20T16:22:10","modified_gmt":"2026-04-20T08:22:10","slug":"sound-barrier-acrylic-sheet-2","status":"publish","type":"product","link":"https:\/\/jrtacrylic.com\/es\/product\/acrylic\/acrylic-sheet\/sound-barrier-acrylic-sheet-2.html","title":{"rendered":"L\u00e1mina acr\u00edlica insonorizante"},"content":{"rendered":"<p>Barrera ac\u00fastica <a class=\"wpil_keyword_link\" title=\"L\u00e1mina acr\u00edlica\" href=\"https:\/\/jrtacrylic.com\/product\/acrylic\/acrylic-sheet\" data-wpil-keyword-link=\"linked\" data-wpil-monitor-id=\"46\">L\u00e1mina acr\u00edlica<\/a> Es una l\u00e1mina de pl\u00e1stico t\u00e9cnico especial que integra reducci\u00f3n ac\u00fastica del ruido, transparencia visual y seguridad estructural. Fabricada mediante un proceso de coextrusi\u00f3n multicapa, contiene capas especiales de amortiguaci\u00f3n ac\u00fastica y un dise\u00f1o microestructurado en la superficie, lo que permite lograr una reducci\u00f3n del ruido de entre 30 y 35 dB y una transmitancia de la luz superior al 90 %. En comparaci\u00f3n con las barreras ac\u00fasticas tradicionales de hormig\u00f3n, reduce el peso en m\u00e1s de 60% y el coste de instalaci\u00f3n en 40%, lo que la convierte en una soluci\u00f3n innovadora para el control del ruido del tr\u00e1fico urbano.<\/p>\n<h2>Caracter\u00edsticas principales<\/h2>\n<ul>\n<li><strong>Rendimiento ac\u00fastico<\/strong>: Aislamiento ac\u00fastico a ruido a\u00e9reo 30-35 dB (100-5000 Hz)<\/li>\n<li><strong>Transmitancia luminosa<\/strong>: 85%-92%, manteniendo la transparencia visual<\/li>\n<li><strong>Resistencia estructural<\/strong>: Resistencia al impacto \u226515kJ\/m\u00b2, capaz de soportar un tif\u00f3n de nivel 12.<\/li>\n<li><strong>Resistencia a la intemperie<\/strong>: Funcionamiento estable en un rango de temperatura de -40\u2103~80\u2103, protecci\u00f3n UV sin amarilleamiento durante 5 a\u00f1os.<\/li>\n<li><strong>Dise\u00f1o para prevenir el impacto de las aves<\/strong>: L\u00edneas horizontales negras en la superficie, que proporcionan tanto una advertencia visual como un efecto decorativo<\/li>\n<li><strong>Ligero<\/strong>: Densidad 1,2kg\/m\u00b2-mm, s\u00f3lo 50% de peso de vidrio<\/li>\n<\/ul>\n<h2>Escenarios de aplicaci\u00f3n<\/h2>\n<h3>Transporte<\/h3>\n<ul>\n<li><strong>Carreteras<\/strong>: Barreras ac\u00fasticas a ambos lados, barreras ac\u00fasticas del puente<\/li>\n<li><strong>Transporte ferroviario urbano<\/strong>: Barreras ac\u00fasticas a lo largo de las l\u00edneas de metro y tren ligero<\/li>\n<li><strong>Instalaciones aeroportuarias<\/strong>: Barreras ac\u00fasticas alrededor de las pistas de los aeropuertos, muros de reducci\u00f3n del ruido en las terminales<\/li>\n<\/ul>\n<h3>Construcci\u00f3n y sectores industriales<\/h3>\n<ul>\n<li><strong>Aislamiento ac\u00fastico de edificios<\/strong>: Ventanas insonorizantes para hospitales, escuelas y zonas residenciales<\/li>\n<li><strong>Reducci\u00f3n del ruido industrial<\/strong>: Barreras ac\u00fasticas para talleres, cerramientos de aislamiento ac\u00fastico de equipos<\/li>\n<li><strong>Zonas comerciales<\/strong>: Barreras ac\u00fasticas para bares y KTV al aire libre<\/li>\n<\/ul>\n<h3>Escenarios especiales<\/h3>\n<ul>\n<li><strong>Estadios<\/strong>: Barreras ac\u00fasticas para stands, control del ruido en eventos<\/li>\n<li><strong>Obras de construcci\u00f3n<\/strong>: Vallas temporales de aislamiento ac\u00fastico, barreras antirruido para la hinca de pilotes<\/li>\n<li><strong>Centrales el\u00e9ctricas<\/strong>: Turbinas de gas, barreras ac\u00fasticas para ventiladores<\/li>\n<\/ul>\n<h2>Par\u00e1metros t\u00e9cnicos<\/h2>\n<table width=\"0%\">\n<tbody>\n<tr>\n<td>Par\u00e1metro<\/td>\n<td>Valor<\/td>\n<\/tr>\n<tr>\n<td>Gama de espesores<\/td>\n<td>10mm-25mm<\/td>\n<\/tr>\n<tr>\n<td>Tama\u00f1o est\u00e1ndar<\/td>\n<td>2440\u00d71220mm, 3000\u00d71500mm<\/td>\n<\/tr>\n<tr>\n<td>Reducci\u00f3n del ruido<\/td>\n<td>30-35 dB(A)<\/td>\n<\/tr>\n<tr>\n<td>Transmitancia luminosa<\/td>\n<td>\u226585%<\/td>\n<\/tr>\n<tr>\n<td>Resistencia a la presi\u00f3n del viento<\/td>\n<td>\u22652400Pa<\/td>\n<\/tr>\n<tr>\n<td>Clasificaci\u00f3n al fuego<\/td>\n<td>UL94 V-0<\/td>\n<\/tr>\n<tr>\n<td>Vida \u00fatil<\/td>\n<td>15 a\u00f1os (exterior)<\/td>\n<\/tr>\n<\/tbody>\n<\/table>\n<h2>Sistema de instalaci\u00f3n<\/h2>\n<ul>\n<li><strong>Estructura de apoyo<\/strong>: Bastidor de aleaci\u00f3n de aluminio o estructura de acero<\/li>\n<li><strong>M\u00e9todo de conexi\u00f3n<\/strong>: Tiras el\u00e1sticas de estanqueidad + fijaci\u00f3n mec\u00e1nica<\/li>\n<li><strong>Dise\u00f1o del drenaje<\/strong>: Ranuras de drenaje reservadas entre los paneles para evitar la acumulaci\u00f3n de agua<\/li>\n<li><strong>Comportamiento s\u00edsmico<\/strong>: Capaz de resistir un terremoto de magnitud 6<\/li>\n<\/ul>\n<h2>Ventajas del producto<\/h2>\n<ul>\n<li><strong>Beneficios medioambientales<\/strong>: Reduce el ruido del tr\u00e1fico entre 10 y 15 decibelios, mejorando la calidad de vida de los residentes de los alrededores.<\/li>\n<li><strong>Integraci\u00f3n paisaj\u00edstica<\/strong>: El dise\u00f1o transparente reduce la obstrucci\u00f3n visual, manteniendo la continuidad del paisaje urbano<\/li>\n<li><strong>Instalaci\u00f3n r\u00e1pida<\/strong>: Dise\u00f1o modular, eficacia de instalaci\u00f3n 3 veces superior a las barreras tradicionales<\/li>\n<li><strong>Bajo coste de mantenimiento<\/strong>: Dise\u00f1o sin mantenimiento, f\u00e1cil de limpiar, bajo coste del ciclo de vida<\/li>\n<\/ul>","protected":false},"excerpt":{"rendered":"<p>Barrera ac\u00fastica <a class=\"wpil_keyword_link\" title=\"L\u00e1mina acr\u00edlica\" href=\"https:\/\/jrtacrylic.com\/product\/acrylic\/acrylic-sheet\" data-wpil-keyword-link=\"linked\" data-wpil-monitor-id=\"47\">L\u00e1mina acr\u00edlica<\/a> Es una l\u00e1mina de pl\u00e1stico t\u00e9cnico especial que integra reducci\u00f3n ac\u00fastica del ruido, transparencia visual y seguridad estructural. Fabricada mediante un proceso de coextrusi\u00f3n multicapa, contiene capas especiales de amortiguaci\u00f3n ac\u00fastica y un dise\u00f1o microestructurado en la superficie, lo que permite lograr una reducci\u00f3n del ruido de entre 30 y 35 dB y una transmitancia de la luz superior al 90 %. En comparaci\u00f3n con las barreras ac\u00fasticas tradicionales de hormig\u00f3n, reduce el peso en m\u00e1s de 60% y el coste de instalaci\u00f3n en 40%, lo que la convierte en una soluci\u00f3n innovadora para el control del ruido del tr\u00e1fico urbano.<\/p>","protected":false},"featured_media":7541,"comment_status":"closed","ping_status":"closed","template":"","meta":{"_acf_changed":false,"_seopress_robots_primary_cat":"none","_seopress_titles_title":"","_seopress_titles_desc":"Our noise-reducing acrylic sheets create effective sound barriers in noisy environments. Ideal for urban, industrial, and transportation applications.","_seopress_robots_index":"","_gspb_post_css":""},"product_brand":[],"product_cat":[77],"product_tag":[],"class_list":{"0":"post-5653","1":"product","2":"type-product","3":"status-publish","4":"has-post-thumbnail","6":"product_cat-acrylic-sheet","8":"first","9":"instock","10":"shipping-taxable","11":"product-type-simple"},"acf":[],"etheme_brands":{"errors":{"invalid_taxonomy":["Taxonom\u00eda no v\u00e1lida."]},"error_data":[]},"_links":{"self":[{"href":"https:\/\/jrtacrylic.com\/es\/wp-json\/wp\/v2\/product\/5653","targetHints":{"allow":["GET"]}}],"collection":[{"href":"https:\/\/jrtacrylic.com\/es\/wp-json\/wp\/v2\/product"}],"about":[{"href":"https:\/\/jrtacrylic.com\/es\/wp-json\/wp\/v2\/types\/product"}],"replies":[{"embeddable":true,"href":"https:\/\/jrtacrylic.com\/es\/wp-json\/wp\/v2\/comments?post=5653"}],"version-history":[{"count":1,"href":"https:\/\/jrtacrylic.com\/es\/wp-json\/wp\/v2\/product\/5653\/revisions"}],"predecessor-version":[{"id":7542,"href":"https:\/\/jrtacrylic.com\/es\/wp-json\/wp\/v2\/product\/5653\/revisions\/7542"}],"wp:featuredmedia":[{"embeddable":true,"href":"https:\/\/jrtacrylic.com\/es\/wp-json\/wp\/v2\/media\/7541"}],"wp:attachment":[{"href":"https:\/\/jrtacrylic.com\/es\/wp-json\/wp\/v2\/media?parent=5653"}],"wp:term":[{"taxonomy":"product_brand","embeddable":true,"href":"https:\/\/jrtacrylic.com\/es\/wp-json\/wp\/v2\/product_brand?post=5653"},{"taxonomy":"product_cat","embeddable":true,"href":"https:\/\/jrtacrylic.com\/es\/wp-json\/wp\/v2\/product_cat?post=5653"},{"taxonomy":"product_tag","embeddable":true,"href":"https:\/\/jrtacrylic.com\/es\/wp-json\/wp\/v2\/product_tag?post=5653"}],"curies":[{"name":"wp","href":"https:\/\/api.w.org\/{rel}","templated":true}]}}