{"id":5669,"date":"2026-04-18T16:50:14","date_gmt":"2026-04-18T08:50:14","guid":{"rendered":"https:\/\/jrtacrylic.com\/?post_type=product&#038;p=5669"},"modified":"2026-04-20T17:40:51","modified_gmt":"2026-04-20T09:40:51","slug":"uv-transmitting-acrylic-sheet","status":"publish","type":"product","link":"https:\/\/jrtacrylic.com\/es\/product\/acrylic\/acrylic-sheet\/uv-transmitting-acrylic-sheet.html","title":{"rendered":"L\u00e1mina acr\u00edlica transmisora de UV"},"content":{"rendered":"<p>UV Transmitting Acrylic Sheet es una l\u00e1mina de PMMA de grado \u00f3ptico especialmente formulada para aplicaciones que requieren una transmisi\u00f3n ultravioleta eficaz. En comparaci\u00f3n con las l\u00e1minas acr\u00edlicas est\u00e1ndar, ofrece una excelente transmitancia en los rangos de longitud de onda UV-A (320-400 nm) y UV-B (280-320 nm), al tiempo que mantiene una alta transparencia en el espectro de luz visible. Fabricada con materia prima MMA virgen 100% para garantizar la estabilidad de los lotes y la fiabilidad a largo plazo, est\u00e1 disponible en grosores de 1 mm a 50 mm con un tama\u00f1o est\u00e1ndar de 1220\u00d72440 mm.<\/p>\n<h2>Caracter\u00edsticas principales<\/h2>\n<ul>\n<li><strong>Transmitancia UV<\/strong>: UV-A &gt;90%, UV-B &gt;85% (a 3 mm de grosor)<\/li>\n<li><strong>Claridad \u00f3ptica<\/strong>: Transmitancia de la luz visible &gt;92%, neblina &lt;1%<\/li>\n<li><strong>Resistencia a la intemperie<\/strong>: F\u00f3rmula especial antienvejecimiento, degradaci\u00f3n del rendimiento &lt;5% tras 3 a\u00f1os de uso en exteriores.<\/li>\n<li><strong>Resistencia mec\u00e1nica<\/strong>: Resistencia al impacto 10 veces superior a la del vidrio, resistencia a la flexi\u00f3n \u226570MPa.<\/li>\n<li><strong>Estabilidad t\u00e9rmica<\/strong>: Temperatura de funcionamiento continuo -40\u2103~70\u2103<\/li>\n<li><strong>Adaptabilidad de procesamiento<\/strong>: Termoformable, recortable, perforable, pulible y revestible<\/li>\n<\/ul>\n<h2>Escenarios de aplicaci\u00f3n<\/h2>\n<h3>Campos de investigaci\u00f3n m\u00e9dica y cient\u00edfica<\/h3>\n<ul>\n<li><strong>Equipos de fototerapia<\/strong>: Aparatos de tratamiento UVB, l\u00e1mparas de tratamiento de la psoriasis<\/li>\n<li><strong>Instrumentos anal\u00edticos<\/strong>: Espectr\u00f3metros de fluorescencia, cubetas de muestra con detector UV<\/li>\n<li><strong>Equipos de esterilizaci\u00f3n<\/strong>: Cubiertas protectoras de l\u00e1mparas de desinfecci\u00f3n UV, reactores UV para tratamiento de aguas<\/li>\n<\/ul>\n<h3>Campos industriales y agr\u00edcolas<\/h3>\n<ul>\n<li><strong>Aplicaciones de curado<\/strong>: Curado de adhesivos UV, ventanas de equipos de curado de tinta<\/li>\n<li><strong>Tecnolog\u00eda agr\u00edcola<\/strong>: L\u00e1mparas de crecimiento vegetal, paneles transmisores de rayos UV para invernaderos<\/li>\n<li><strong>Pruebas de materiales<\/strong>: Ventanas de observaci\u00f3n de la c\u00e1mara de pruebas de envejecimiento UV<\/li>\n<\/ul>\n<h3>Campos de iluminaci\u00f3n especiales<\/h3>\n<ul>\n<li><strong>Iluminaci\u00f3n esc\u00e9nica<\/strong>: L\u00e1mparas de efecto UV, filtros de luz negra<\/li>\n<li><strong>Tecnolog\u00eda litogr\u00e1fica<\/strong>: Sistemas de exposici\u00f3n en la fabricaci\u00f3n de semiconductores<\/li>\n<li><strong>Iluminaci\u00f3n art\u00edstica<\/strong>: L\u00e1mparas de excitaci\u00f3n de pigmentos fluorescentes UV<\/li>\n<\/ul>\n<h2>Par\u00e1metros t\u00e9cnicos<\/h2>\n<table width=\"0%\">\n<tbody>\n<tr>\n<td>Par\u00e1metro<\/td>\n<td>Valor est\u00e1ndar<\/td>\n<\/tr>\n<tr>\n<td>Gama de espesores<\/td>\n<td>1mm-50mm<\/td>\n<\/tr>\n<tr>\n<td>Tama\u00f1o est\u00e1ndar<\/td>\n<td>1220\u00d72440mm, 1000\u00d72000mm<\/td>\n<\/tr>\n<tr>\n<td>Transmitancia UV-A<\/td>\n<td>\u226590% (320-400nm)<\/td>\n<\/tr>\n<tr>\n<td>Transmitancia UV-B<\/td>\n<td>\u226585% (280-320nm)<\/td>\n<\/tr>\n<tr>\n<td>Transmitancia de la luz visible<\/td>\n<td>\u226592% (400-700nm)<\/td>\n<\/tr>\n<tr>\n<td>Calidad de la superficie<\/td>\n<td>60\/40 (ara\u00f1azos\/pits)<\/td>\n<\/tr>\n<tr>\n<td>Resistencia a la radiaci\u00f3n<\/td>\n<td>\u22651000kGy<\/td>\n<\/tr>\n<\/tbody>\n<\/table>\n<h2>Precauciones de uso<\/h2>\n<ul>\n<li><strong>Protecci\u00f3n de la seguridad<\/strong>: Llevar gafas y guantes de protecci\u00f3n UV durante el funcionamiento<\/li>\n<li><strong>Limpieza y mantenimiento<\/strong>: Utilice un limpiador especial para acr\u00edlicos, evite el alcohol y otros disolventes.<\/li>\n<li><strong>Condiciones de almacenamiento<\/strong>: Evitar la luz solar directa, temperatura controlada a 20\u00b15\u2103, humedad relativa 40%-60%<\/li>\n<li><strong>Limitaciones de procesamiento<\/strong>: La temperatura de termoformado debe controlarse a 140-160\u2103 para evitar la degradaci\u00f3n del rendimiento debido a la alta temperatura.<\/li>\n<\/ul>\n<h2>Recomendaciones de selecci\u00f3n<\/h2>\n<table width=\"0%\">\n<tbody>\n<tr>\n<td>Tipo de aplicaci\u00f3n<\/td>\n<td>Espesor recomendado<\/td>\n<td>Requisitos especiales<\/td>\n<\/tr>\n<tr>\n<td>Equipamiento m\u00e9dico<\/td>\n<td>3mm-5mm<\/td>\n<td>Certificaci\u00f3n de biocompatibilidad<\/td>\n<\/tr>\n<tr>\n<td>Instrumentos anal\u00edticos<\/td>\n<td>1mm-3mm<\/td>\n<td>Gran uniformidad \u00f3ptica<\/td>\n<\/tr>\n<tr>\n<td>Equipo de curado<\/td>\n<td>5mm-10mm<\/td>\n<td>Alta resistencia al envejecimiento UV<\/td>\n<\/tr>\n<tr>\n<td>Aplicaciones agr\u00edcolas<\/td>\n<td>10mm-15mm<\/td>\n<td>Resistencia a los impactos, protecci\u00f3n contra el granizo<\/td>\n<\/tr>\n<\/tbody>\n<\/table>\n<p>&nbsp;<\/p>","protected":false},"excerpt":{"rendered":"<p>UV Transmitting Acrylic Sheet es una l\u00e1mina de PMMA de grado \u00f3ptico especialmente formulada para aplicaciones que requieren una transmisi\u00f3n ultravioleta eficaz. En comparaci\u00f3n con las l\u00e1minas acr\u00edlicas est\u00e1ndar, ofrece una excelente transmitancia en los rangos de longitud de onda UV-A (320-400 nm) y UV-B (280-320 nm), al tiempo que mantiene una alta transparencia en el espectro de luz visible. Fabricada con materia prima MMA virgen 100% para garantizar la estabilidad de los lotes y la fiabilidad a largo plazo, est\u00e1 disponible en grosores de 1 mm a 50 mm con un tama\u00f1o est\u00e1ndar de 1220\u00d72440 mm.<\/p>","protected":false},"featured_media":7504,"comment_status":"closed","ping_status":"closed","template":"","meta":{"_acf_changed":false,"_seopress_robots_primary_cat":"none","_seopress_titles_title":"","_seopress_titles_desc":"Explore our UV-transmitting acrylic sheets, ideal for UV-light applications like lighting, research, and specialized displays.","_seopress_robots_index":"","_gspb_post_css":""},"product_brand":[],"product_cat":[77],"product_tag":[123],"class_list":{"0":"post-5669","1":"product","2":"type-product","3":"status-publish","4":"has-post-thumbnail","6":"product_cat-acrylic-sheet","7":"product_tag-featured-products","9":"first","10":"instock","11":"featured","12":"shipping-taxable","13":"product-type-simple"},"acf":[],"etheme_brands":{"errors":{"invalid_taxonomy":["Taxonom\u00eda no v\u00e1lida."]},"error_data":[]},"_links":{"self":[{"href":"https:\/\/jrtacrylic.com\/es\/wp-json\/wp\/v2\/product\/5669","targetHints":{"allow":["GET"]}}],"collection":[{"href":"https:\/\/jrtacrylic.com\/es\/wp-json\/wp\/v2\/product"}],"about":[{"href":"https:\/\/jrtacrylic.com\/es\/wp-json\/wp\/v2\/types\/product"}],"replies":[{"embeddable":true,"href":"https:\/\/jrtacrylic.com\/es\/wp-json\/wp\/v2\/comments?post=5669"}],"version-history":[{"count":1,"href":"https:\/\/jrtacrylic.com\/es\/wp-json\/wp\/v2\/product\/5669\/revisions"}],"predecessor-version":[{"id":7590,"href":"https:\/\/jrtacrylic.com\/es\/wp-json\/wp\/v2\/product\/5669\/revisions\/7590"}],"wp:featuredmedia":[{"embeddable":true,"href":"https:\/\/jrtacrylic.com\/es\/wp-json\/wp\/v2\/media\/7504"}],"wp:attachment":[{"href":"https:\/\/jrtacrylic.com\/es\/wp-json\/wp\/v2\/media?parent=5669"}],"wp:term":[{"taxonomy":"product_brand","embeddable":true,"href":"https:\/\/jrtacrylic.com\/es\/wp-json\/wp\/v2\/product_brand?post=5669"},{"taxonomy":"product_cat","embeddable":true,"href":"https:\/\/jrtacrylic.com\/es\/wp-json\/wp\/v2\/product_cat?post=5669"},{"taxonomy":"product_tag","embeddable":true,"href":"https:\/\/jrtacrylic.com\/es\/wp-json\/wp\/v2\/product_tag?post=5669"}],"curies":[{"name":"wp","href":"https:\/\/api.w.org\/{rel}","templated":true}]}}