{"id":7455,"date":"2026-04-16T14:57:53","date_gmt":"2026-04-16T06:57:53","guid":{"rendered":"https:\/\/jrtacrylic.com\/?post_type=product&#038;p=7455"},"modified":"2026-04-20T17:41:44","modified_gmt":"2026-04-20T09:41:44","slug":"double-color-sheet-for-laser-cuttting","status":"publish","type":"product","link":"https:\/\/jrtacrylic.com\/es\/product\/double-color-sheet\/double-color-sheet-for-laser-cuttting.html","title":{"rendered":"Hoja de doble color para corte por l\u00e1ser"},"content":{"rendered":"<div data-page-id=\"Cg0mdO79Co3ol7xTdYncY6W9nHe\" data-lark-html-role=\"root\" data-docx-has-block-data=\"true\">\n<div class=\"ace-line ace-line old-record-id-Cg0mdO79Co3ol7xTdYncY6W9nHe\">Hoja de doble color Detalles del producto<\/div>\n<h1 class=\"heading-1 ace-line old-record-id-UXIzfCL5ddO2AYcDy6UcGMAtnCb\">Productos<\/h1>\n<div class=\"ace-line ace-line old-record-id-QcY7fDAYtdETsycFOxnc7Gu8nnf\">Nuestra l\u00e1mina de doble color es un material decorativo y funcional vers\u00e1til y de alto rendimiento, fabricado con tecnolog\u00eda de extrusi\u00f3n avanzada para combinar dos colores contrastados o complementarios en una l\u00e1mina integrada. Dise\u00f1ada para satisfacer las diversas necesidades de las aplicaciones industriales, comerciales y de bricolaje, esta l\u00e1mina destaca por su vibrante solidez del color, sus excelentes propiedades f\u00edsicas y su f\u00e1cil procesabilidad. Ya sea para se\u00f1alizaci\u00f3n, decoraci\u00f3n de interiores o componentes industriales, ofrece tanto un atractivo est\u00e9tico como un rendimiento fiable, lo que la convierte en la opci\u00f3n preferida de profesionales y aficionados por igual.<\/div>\n<h1 class=\"heading-1 ace-line old-record-id-FSNtfLCfsdSxj7cdIKIcpUNunSf\">Principales caracter\u00edsticas y ventajas<\/h1>\n<ul class=\"list-bullet1\">\n<li class=\"ace-line ace-line old-record-id-Kh4XfrnxVdh5AYcqLKCcR2Ucn3k\" data-list=\"bullet\">\n<div><strong>Integraci\u00f3n bicolor<\/strong>: Combina a la perfecci\u00f3n dos colores distintos en una sola hoja, eliminando la necesidad de pulverizaci\u00f3n posterior. La uni\u00f3n del color es firme y no se descascarilla, lo que garantiza un atractivo visual duradero sin decoloraci\u00f3n ni desvanecimiento incluso tras un uso prolongado.<\/div>\n<\/li>\n<li class=\"ace-line ace-line old-record-id-YfGofFwOkds121cgFdzcnhjDnHe\" data-list=\"bullet\">\n<div><strong>Durabilidad excepcional<\/strong>: Fabricada con materiales de alta calidad (ABS, HDPE o acr\u00edlico opcionales), la l\u00e1mina presenta una excelente resistencia a los impactos, al desgaste y a las bajas temperaturas (aplicable a -40\u2103~80\u2103). Adem\u00e1s, est\u00e1 estabilizada contra los rayos UV, es resistente a la humedad y a la corrosi\u00f3n, y puede utilizarse tanto en interiores como en exteriores sin amarillear ni degradarse.<\/div>\n<\/li>\n<li class=\"ace-line ace-line old-record-id-IvuXfCTJFdPYZCczzRhcy5K1ntf\" data-list=\"bullet\">\n<div><strong>F\u00e1cil procesabilidad<\/strong>: Compatible con varios m\u00e9todos de procesamiento, incluidos el corte por l\u00e1ser, el grabado CNC, el doblado en caliente, el aserrado y el pegado. Puede cortarse f\u00e1cilmente en formas y tama\u00f1os personalizados, taladrarse o grabarse para lograr dise\u00f1os intrincados, por lo que es ideal para proyectos personalizados y producci\u00f3n en masa.<\/div>\n<\/li>\n<li class=\"ace-line ace-line old-record-id-DwOkftOHDd5CVRcjEDQcR5Uxnqf\" data-list=\"bullet\">\n<div><strong>Ecol\u00f3gico y seguro<\/strong>: Adopta materias primas no t\u00f3xicas y reciclables que cumplen las normas medioambientales internacionales. Libre de sustancias nocivas, es seguro para su uso en componentes de equipos m\u00e9dicos, productos infantiles y aplicaciones relacionadas con la alimentaci\u00f3n.<\/div>\n<\/li>\n<li class=\"ace-line ace-line old-record-id-XsHbfEw3ldOHU7crbFFciHZvnX3\" data-list=\"bullet\">\n<div><strong>Opciones de superficie vers\u00e1tiles<\/strong>: Disponible en acabado brillante, mate o texturado. Las superficies brillantes realzan la viveza del color con fines decorativos, mientras que las mates reducen el deslumbramiento y las texturadas mejoran el agarre en aplicaciones funcionales como los suelos.<\/div>\n<\/li>\n<\/ul>\n<h1 class=\"heading-1 ace-line old-record-id-AjUdfCo2ZdYCGUcNtbic2Vdfnph\">Especificaciones t\u00e9cnicas<\/h1>\n<div>\n<table class=\"ace-table\" data-ace-table-col-widths=\"200;200;200\">\n<colgroup>\n<col width=\"200\" \/>\n<col width=\"200\" \/>\n<col width=\"200\" \/><\/colgroup>\n<thead>\n<tr>\n<th colspan=\"1\" rowspan=\"1\">\n<div class=\"ace-line ace-line old-record-id-B17XfB9nPd5skScWj09c5ctVn6d\">Art\u00edculo<\/div>\n<\/th>\n<th colspan=\"1\" rowspan=\"1\">\n<div class=\"ace-line ace-line old-record-id-Ebc0fYuWAd1Q2xcVdj9cKLyynpc\">Especificaci\u00f3n<\/div>\n<\/th>\n<th colspan=\"1\" rowspan=\"1\">\n<div class=\"ace-line ace-line old-record-id-L40qfnKFfdgdddcOtypcpjuYnZd\">Gama opcional<\/div>\n<\/th>\n<\/tr>\n<\/thead>\n<tbody>\n<tr>\n<td colspan=\"1\" rowspan=\"1\">\n<div class=\"ace-line ace-line old-record-id-Dhm8fM0CpdTCvsc80EJclL65nPd\">Material<\/div>\n<\/td>\n<td colspan=\"1\" rowspan=\"1\">\n<div class=\"ace-line ace-line old-record-id-RYKtfdvhjdVfeWc2ugscaprsnJh\">ABS \/ HDPE \/ Acr\u00edlico<\/div>\n<\/td>\n<td colspan=\"1\" rowspan=\"1\">\n<div class=\"ace-line ace-line old-record-id-Eswff09ZQdeDIwcpQEtc4wYonBf\">Personalizable en funci\u00f3n de la aplicaci\u00f3n<\/div>\n<\/td>\n<\/tr>\n<tr>\n<td colspan=\"1\" rowspan=\"1\">\n<div class=\"ace-line ace-line old-record-id-Kk0bfpvnIdH6TcceEX9c6Ha5nGc\">Espesor<\/div>\n<\/td>\n<td colspan=\"1\" rowspan=\"1\">\n<div class=\"ace-line ace-line old-record-id-XDpdfQVgXdp79Xcyuxnc21N3nwT\">0,5 mm - 30 mm<\/div>\n<\/td>\n<td colspan=\"1\" rowspan=\"1\">\n<div class=\"ace-line ace-line old-record-id-D1HWfSFFJdbnkwc6nUscAP6vn6e\">0,1 mm - 100 mm (personalizable)<\/div>\n<\/td>\n<\/tr>\n<tr>\n<td colspan=\"1\" rowspan=\"1\">\n<div class=\"ace-line ace-line old-record-id-VWO6fmzjsda8RWc10Ngc9OhMnuc\">Tama\u00f1o est\u00e1ndar<\/div>\n<\/td>\n<td colspan=\"1\" rowspan=\"1\">\n<div class=\"ace-line ace-line old-record-id-PRcifVKZmd7YjkcySmEcRTFen0O\">600\u00d71200 mm, 1220\u00d72440 mm<\/div>\n<\/td>\n<td colspan=\"1\" rowspan=\"1\">\n<div class=\"ace-line ace-line old-record-id-MUh4fc5zMd2kblcuRYIcmVcInKd\">Tama\u00f1os personalizados (anchura m\u00e1xima 2500 mm, cualquier longitud)<\/div>\n<\/td>\n<\/tr>\n<tr>\n<td colspan=\"1\" rowspan=\"1\">\n<div class=\"ace-line ace-line old-record-id-SqhlfcQM0dAaxfcqq84cJ6oDnGf\">Combinaciones de colores<\/div>\n<\/td>\n<td colspan=\"1\" rowspan=\"1\">\n<div class=\"ace-line ace-line old-record-id-Bgq7f6vbLdyU8WczOWgchSqAnEd\">Negro y blanco, Oro y negro, Plata y negro, Rojo y blanco<\/div>\n<\/td>\n<td colspan=\"1\" rowspan=\"1\">\n<div class=\"ace-line ace-line old-record-id-LKlGfTGkwd67K7cpq5YcCtoSnEb\">Cualquier combinaci\u00f3n de colores personalizada<\/div>\n<\/td>\n<\/tr>\n<tr>\n<td colspan=\"1\" rowspan=\"1\">\n<div class=\"ace-line ace-line old-record-id-T1YufPflFdFDitc2InDcEdaVn0d\">Densidad<\/div>\n<\/td>\n<td colspan=\"1\" rowspan=\"1\">\n<div class=\"ace-line ace-line old-record-id-SW9Yftl5bdC2Mkc5OjYcTTFRnie\">1,05-1,08 g\/cm\u00b3 (ABS); 0,94-0,96 g\/cm\u00b3 (HDPE)<\/div>\n<\/td>\n<td colspan=\"1\" rowspan=\"1\">\n<div class=\"ace-line ace-line old-record-id-EtUsf9EPVdM3t8cMFrEc21L7nfP\">Depende del material<\/div>\n<\/td>\n<\/tr>\n<tr>\n<td colspan=\"1\" rowspan=\"1\">\n<div class=\"ace-line ace-line old-record-id-PvjKf4DppdMXfecT8Nfc45z2njg\">Resistencia a la tracci\u00f3n<\/div>\n<\/td>\n<td colspan=\"1\" rowspan=\"1\">\n<div class=\"ace-line ace-line old-record-id-XIorfBxK6dbbafcItzTc6tZHnbh\">40-80MPa<\/div>\n<\/td>\n<td colspan=\"1\" rowspan=\"1\">\n<div class=\"ace-line ace-line old-record-id-TyRIfmmJYd1g1KcFgeZcp7HHnve\">Ajustable en funci\u00f3n del material y el grosor<\/div>\n<\/td>\n<\/tr>\n<tr>\n<td colspan=\"1\" rowspan=\"1\">\n<div class=\"ace-line ace-line old-record-id-Ojw0fuTeddyrimcvWXucwbHRnGh\">Temperatura de deflexi\u00f3n t\u00e9rmica<\/div>\n<\/td>\n<td colspan=\"1\" rowspan=\"1\">\n<div class=\"ace-line ace-line old-record-id-EUAxfzzZTdzzUvcQc3XceQsJnLg\">90-105\u2103 (ABS); 80\u2103 (Acr\u00edlico)<\/div>\n<\/td>\n<td colspan=\"1\" rowspan=\"1\">\n<div class=\"ace-line ace-line old-record-id-Onm5f58ARdVphBcM1YCcGzfinxL\">Depende del material<\/div>\n<\/td>\n<\/tr>\n<tr>\n<td colspan=\"1\" rowspan=\"1\">\n<div class=\"ace-line ace-line old-record-id-O7RbfX9RcdFqtacIuP7cYAdinrg\">Grado de inflamabilidad<\/div>\n<\/td>\n<td colspan=\"1\" rowspan=\"1\">\n<div class=\"ace-line ace-line old-record-id-Cd9Qf9majdNWOJcn1FkcWRSdnUf\">HB<\/div>\n<\/td>\n<td colspan=\"1\" rowspan=\"1\">\n<div class=\"ace-line ace-line old-record-id-W7fPfSIv9dgVEGcbylUcYPspnpc\">Adaptable a las necesidades ign\u00edfugas<\/div>\n<\/td>\n<\/tr>\n<\/tbody>\n<\/table>\n<\/div>\n<h1 class=\"heading-1 ace-line old-record-id-OKJJfPAkrdWBWHcjwk3cM6vXn0Y\">Escenarios de aplicaci\u00f3n<\/h1>\n<div class=\"ace-line ace-line old-record-id-YjaaffsyZd1X1fcyBTgclVtSndg\">Nuestra l\u00e1mina de doble color se utiliza ampliamente en m\u00faltiples sectores gracias a su versatilidad y fiabilidad. Entre sus principales aplicaciones se incluyen:<\/div>\n<ul class=\"list-bullet1\">\n<li class=\"ace-line ace-line old-record-id-ZsZufIhxIdYVmYcZWiMcplxKnHf\" data-list=\"bullet\">\n<div><strong>Publicidad y se\u00f1alizaci\u00f3n<\/strong>: R\u00f3tulos grabados por l\u00e1ser, placas de identificaci\u00f3n, etiquetas de precios, carteles para estanter\u00edas, paneles publicitarios iluminados y decoraci\u00f3n de stands de ferias.<\/div>\n<\/li>\n<li class=\"ace-line ace-line old-record-id-Iu18f7LcMdtUI9cTPNmc3z2Mnid\" data-list=\"bullet\">\n<div><strong>Automoci\u00f3n y electr\u00f3nica<\/strong>: Componentes interiores de autom\u00f3viles, cajas electr\u00f3nicas, carcasas de dispositivos y paneles de control.<\/div>\n<\/li>\n<li class=\"ace-line ace-line old-record-id-EuWufuWzYdXQSMc8lpRceWy0nLh\" data-list=\"bullet\">\n<div><strong>Decoraci\u00f3n de interiores y mobiliario<\/strong>: Paneles de pared, tabiques, superficies de muebles, placas de n\u00fameros de puertas, tarjetas de suelo y acentos decorativos.<\/div>\n<\/li>\n<li class=\"ace-line ace-line old-record-id-ADyDfDV5IdkbU1cbcrqcdC9Qnqd\" data-list=\"bullet\">\n<div><strong>Industria y medicina<\/strong>: Equipos de protecci\u00f3n, equipos de seguridad, componentes de equipos m\u00e9dicos y piezas industriales resistentes a la corrosi\u00f3n.<\/div>\n<\/li>\n<li class=\"ace-line ace-line old-record-id-SpQBfqWj3dW5XMcXy90cZs7bnNg\" data-list=\"bullet\">\n<div><strong>Bricolaje y productos promocionales<\/strong>: Premios, trofeos, artes de regalo, llaveros y proyectos de prototipos personalizados grabados con l\u00e1ser.<\/div>\n<\/li>\n<li class=\"ace-line ace-line old-record-id-CrL8fLo2MdJA7XcaNctcC1WnnXe\" data-list=\"bullet\">\n<div><strong>N\u00e1utica y aire libre<\/strong>: Componentes marinos, superficies de muelles, mobiliario de jard\u00edn y se\u00f1alizaci\u00f3n exterior (variantes resistentes a los rayos UV).<\/div>\n<\/li>\n<\/ul>\n<h1 class=\"heading-1 ace-line old-record-id-AM8If71wNdnJY6cqfpJcLooungc\">Servicios de personalizaci\u00f3n<\/h1>\n<div class=\"ace-line ace-line old-record-id-YpiefSSZldIlJbc1EtXcQoxNnvA\">Entendemos que cada proyecto tiene requisitos \u00fanicos, por lo que ofrecemos servicios integrales de personalizaci\u00f3n para satisfacer sus necesidades espec\u00edficas:<\/div>\n<ul class=\"list-bullet1\">\n<li class=\"ace-line ace-line old-record-id-ZpaFfuDqNdyk4GcdY63cf2GWnxc\" data-list=\"bullet\">\n<div>Tama\u00f1o y grosor: Tama\u00f1os y grosores personalizados, desde ultrafinos de 0,1 mm hasta gruesos de 100 mm, para adaptarse a su aplicaci\u00f3n.<\/div>\n<\/li>\n<li class=\"ace-line ace-line old-record-id-LTaZfIfXCd16Vcc8WiDcmZFunSc\" data-list=\"bullet\">\n<div>Combinaciones de colores: Combinaciones de colores personalizadas para alinearse con su paleta de marca o concepto de dise\u00f1o.<\/div>\n<\/li>\n<li class=\"ace-line ace-line old-record-id-Ql6RfyvltdA78vcXNiec2VssnA0\" data-list=\"bullet\">\n<div>Acabado superficial: Superficies brillantes, mates o texturadas, adaptadas a sus necesidades funcionales y est\u00e9ticas.<\/div>\n<\/li>\n<li class=\"ace-line ace-line old-record-id-RaS3fBoxFdDI2cczp6XcjbItnNb\" data-list=\"bullet\">\n<div>Servicios de procesado: Precorte, grabado l\u00e1ser, mecanizado CNC, impresi\u00f3n de logotipos y plegado en caliente para ahorrarle tiempo de producci\u00f3n.<\/div>\n<\/li>\n<\/ul>\n<h1 class=\"heading-1 ace-line old-record-id-M3tBfdi2vdGkMZcPO7KcOBRgnuo\">Embalaje y env\u00edo<\/h1>\n<ul class=\"list-bullet1\">\n<li class=\"ace-line ace-line old-record-id-IKQgfvibMdYAgsccYn2c9qEpnYg\" data-list=\"bullet\">\n<div><strong>Embalaje<\/strong>: El embalaje est\u00e1ndar incluye un envoltorio de pel\u00edcula de PE para cada hoja, adem\u00e1s de pal\u00e9s de madera o cajas de cart\u00f3n para evitar ara\u00f1azos y da\u00f1os durante el transporte. Para los pedidos al por mayor, se ofrecen embalajes personalizados.<\/div>\n<\/li>\n<li class=\"ace-line ace-line old-record-id-SCcUfOMttdjrmOcwNQBcwAlRnFW\" data-list=\"bullet\">\n<div><strong>Plazo de entrega<\/strong>: 5-7 d\u00edas para pedidos est\u00e1ndar; 15-20 d\u00edas para pedidos masivos personalizados (var\u00eda en funci\u00f3n de la cantidad del pedido y la complejidad de la personalizaci\u00f3n).<\/div>\n<\/li>\n<li class=\"ace-line ace-line old-record-id-Idfgf7mBrdmjXQcJelycREzUn6e\" data-list=\"bullet\">\n<div><strong>Capacidad de suministro<\/strong>: 1200 toneladas al mes, capaz de satisfacer pedidos a granel a gran escala con una calidad estable y una entrega puntual.<\/div>\n<\/li>\n<\/ul>\n<h1 class=\"heading-1 ace-line old-record-id-CO6dfqpZfd9XN6cgzdzcz1ovn2f\">Garant\u00eda de calidad<\/h1>\n<div class=\"ace-line ace-line old-record-id-VFmnfXSKxdCs5cciKascFGIknqh\">Todas nuestras planchas de doble color se someten a estrictas pruebas de control de calidad durante todo el proceso de producci\u00f3n, desde la selecci\u00f3n de la materia prima hasta la extrusi\u00f3n, el enfriamiento y el corte. Cumplimos las normas internacionales para garantizar un color uniforme, un grosor homog\u00e9neo y unas propiedades f\u00edsicas excelentes. Cada lote de productos se inspecciona para comprobar la suavidad de la superficie, la solidez del color y la durabilidad, garantizando que usted recibe materiales fiables y de alta calidad para sus proyectos.<\/div>\n<h1 class=\"heading-1 ace-line old-record-id-XCWUfqMIJdEMowcFOFdcZHRcnXc\">\u00bfPor qu\u00e9 elegirnos?<\/h1>\n<ul class=\"list-bullet1\">\n<li class=\"ace-line ace-line old-record-id-NLWZfgSWldR7MNcsZkJcqcWUnOf\" data-list=\"bullet\">\n<div>Tecnolog\u00eda de producci\u00f3n avanzada: Equipado con l\u00edneas de extrusi\u00f3n profesionales y equipos de pruebas de calidad para garantizar la calidad estable del producto.<\/div>\n<\/li>\n<li class=\"ace-line ace-line old-record-id-VTxDfCzJfdq0SkclXXVcgbWHnih\" data-list=\"bullet\">\n<div>Amplia experiencia en el sector: A\u00f1os de experiencia en la fabricaci\u00f3n de hojas de doble color, sirviendo a clientes de todo el mundo con productos y servicios fiables.<\/div>\n<\/li>\n<li class=\"ace-line ace-line old-record-id-LL6xfTQNPdNKAjcfXU1cq2Senst\" data-list=\"bullet\">\n<div>Personalizaci\u00f3n flexible: Amplias opciones de personalizaci\u00f3n para satisfacer diversas necesidades de aplicaci\u00f3n y conceptos de dise\u00f1o.<\/div>\n<\/li>\n<li class=\"ace-line ace-line old-record-id-XzpZf0kAtdJfAAcZyl7cFF3Enpe\" data-list=\"bullet\">\n<div>Precios competitivos: Suministro directo de f\u00e1brica, sin intermediarios, ofreciendo precios competitivos tanto para pedidos peque\u00f1os como al por mayor.<\/div>\n<\/li>\n<li class=\"ace-line ace-line old-record-id-FRvgf1VTJdHbmVcgxa6cYS7qnue\" data-list=\"bullet\">\n<div>Servicio receptivo: Equipo profesional de postventa para proporcionar soporte t\u00e9cnico oportuno y seguimiento de pedidos.<\/div>\n<\/li>\n<\/ul>\n<\/div>","protected":false},"excerpt":{"rendered":"<div class=\"ace-line ace-line old-record-id-YjaaffsyZd1X1fcyBTgclVtSndg\">Nuestra l\u00e1mina de doble color se utiliza ampliamente en m\u00faltiples sectores gracias a su versatilidad y fiabilidad. Entre sus principales aplicaciones se incluyen:<\/div>\n<ul class=\"list-bullet1\">\n<li class=\"ace-line ace-line old-record-id-ZsZufIhxIdYVmYcZWiMcplxKnHf\" data-list=\"bullet\">\n<div><strong>Publicidad y se\u00f1alizaci\u00f3n<\/strong>: R\u00f3tulos grabados por l\u00e1ser, placas de identificaci\u00f3n, etiquetas de precios, carteles para estanter\u00edas, paneles publicitarios iluminados y decoraci\u00f3n de stands de ferias.<\/div>\n<\/li>\n<li class=\"ace-line ace-line old-record-id-Iu18f7LcMdtUI9cTPNmc3z2Mnid\" data-list=\"bullet\">\n<div><strong>Automoci\u00f3n y electr\u00f3nica<\/strong>: Componentes interiores de autom\u00f3viles, cajas electr\u00f3nicas, carcasas de dispositivos y paneles de control.<\/div>\n<\/li>\n<li class=\"ace-line ace-line old-record-id-EuWufuWzYdXQSMc8lpRceWy0nLh\" data-list=\"bullet\">\n<div><strong>Decoraci\u00f3n de interiores y mobiliario<\/strong>: Paneles de pared, tabiques, superficies de muebles, placas de n\u00fameros de puertas, tarjetas de suelo y acentos decorativos.<\/div>\n<\/li>\n<li class=\"ace-line ace-line old-record-id-ADyDfDV5IdkbU1cbcrqcdC9Qnqd\" data-list=\"bullet\">\n<div><strong>Industria y medicina<\/strong>: Equipos de protecci\u00f3n, equipos de seguridad, componentes de equipos m\u00e9dicos y piezas industriales resistentes a la corrosi\u00f3n.<\/div>\n<\/li>\n<li class=\"ace-line ace-line old-record-id-SpQBfqWj3dW5XMcXy90cZs7bnNg\" data-list=\"bullet\">\n<div><strong>Bricolaje y productos promocionales<\/strong>: Premios, trofeos, artes de regalo, llaveros y proyectos de prototipos personalizados grabados con l\u00e1ser.<\/div>\n<\/li>\n<li class=\"ace-line ace-line old-record-id-CrL8fLo2MdJA7XcaNctcC1WnnXe\" data-list=\"bullet\">\n<div><strong>N\u00e1utica y aire libre<\/strong>: Componentes marinos, superficies de muelles, mobiliario de jard\u00edn y se\u00f1alizaci\u00f3n exterior (variantes resistentes a los rayos UV).<\/div>\n<\/li>\n<\/ul>","protected":false},"featured_media":7471,"comment_status":"closed","ping_status":"closed","template":"","meta":{"_acf_changed":false,"_seopress_robots_primary_cat":"none","_seopress_titles_title":"","_seopress_titles_desc":"","_seopress_robots_index":"","_gspb_post_css":""},"product_brand":[],"product_cat":[122],"product_tag":[123],"class_list":{"0":"post-7455","1":"product","2":"type-product","3":"status-publish","4":"has-post-thumbnail","6":"product_cat-double-color-sheet","7":"product_tag-featured-products","9":"first","10":"instock","11":"featured","12":"shipping-taxable","13":"product-type-simple"},"acf":[],"etheme_brands":{"errors":{"invalid_taxonomy":["Taxonom\u00eda no v\u00e1lida."]},"error_data":[]},"_links":{"self":[{"href":"https:\/\/jrtacrylic.com\/es\/wp-json\/wp\/v2\/product\/7455","targetHints":{"allow":["GET"]}}],"collection":[{"href":"https:\/\/jrtacrylic.com\/es\/wp-json\/wp\/v2\/product"}],"about":[{"href":"https:\/\/jrtacrylic.com\/es\/wp-json\/wp\/v2\/types\/product"}],"replies":[{"embeddable":true,"href":"https:\/\/jrtacrylic.com\/es\/wp-json\/wp\/v2\/comments?post=7455"}],"version-history":[{"count":1,"href":"https:\/\/jrtacrylic.com\/es\/wp-json\/wp\/v2\/product\/7455\/revisions"}],"predecessor-version":[{"id":7528,"href":"https:\/\/jrtacrylic.com\/es\/wp-json\/wp\/v2\/product\/7455\/revisions\/7528"}],"wp:featuredmedia":[{"embeddable":true,"href":"https:\/\/jrtacrylic.com\/es\/wp-json\/wp\/v2\/media\/7471"}],"wp:attachment":[{"href":"https:\/\/jrtacrylic.com\/es\/wp-json\/wp\/v2\/media?parent=7455"}],"wp:term":[{"taxonomy":"product_brand","embeddable":true,"href":"https:\/\/jrtacrylic.com\/es\/wp-json\/wp\/v2\/product_brand?post=7455"},{"taxonomy":"product_cat","embeddable":true,"href":"https:\/\/jrtacrylic.com\/es\/wp-json\/wp\/v2\/product_cat?post=7455"},{"taxonomy":"product_tag","embeddable":true,"href":"https:\/\/jrtacrylic.com\/es\/wp-json\/wp\/v2\/product_tag?post=7455"}],"curies":[{"name":"wp","href":"https:\/\/api.w.org\/{rel}","templated":true}]}}