{"id":5595,"date":"2025-09-09T15:59:15","date_gmt":"2025-09-09T07:59:15","guid":{"rendered":"https:\/\/jrtacrylic.com\/?post_type=product&#038;p=5595"},"modified":"2026-04-17T16:09:20","modified_gmt":"2026-04-17T08:09:20","slug":"impact-resistant-acrylic-sheet","status":"publish","type":"product","link":"https:\/\/jrtacrylic.com\/fr\/product\/acrylic\/acrylic-sheet\/impact-resistant-acrylic-sheet.html","title":{"rendered":"Plaque acrylique r\u00e9sistante aux chocs"},"content":{"rendered":"<p>La feuille acrylique r\u00e9sistante aux chocs est une feuille haute performance produite par la technologie de modification des m\u00e9langes (PMMA et copolym\u00e8re \u00e9lastom\u00e8re). Elle offre une r\u00e9sistance aux chocs 5 \u00e0 10 fois sup\u00e9rieure \u00e0 celle de l'acrylique ordinaire (r\u00e9sistance aux chocs Izod \u226515kJ\/m\u00b2), se rapprochant ainsi de la feuille de PC tout en conservant les excellentes propri\u00e9t\u00e9s optiques de l'acrylique (transmission de la lumi\u00e8re 89-91%). Avec une duret\u00e9 de surface de 2H, une \u00e9paisseur de 3 \u00e0 25 mm et des dimensions standard de 1220\u00d72440 mm, il convient aux applications exigeant une grande s\u00e9curit\u00e9.<\/p>\n<h2>Caract\u00e9ristiques principales<\/h2>\n<ul>\n<li><strong>R\u00e9sistance aux chocs tr\u00e8s \u00e9lev\u00e9e<\/strong>: R\u00e9sistance \u00e0 l'impact Izod 15-25kJ\/m\u00b2, test d'impact de chute de balle (1kg@1m) pas de rupture<\/li>\n<li><strong>Performances optiques<\/strong>: Transmission lumineuse 89-91%, voile &lt;2%, distorsion optique &lt;0,5%<\/li>\n<li><strong>R\u00e9sistance aux intemp\u00e9ries<\/strong>: Temp\u00e9rature de fonctionnement -40\u2103 \u00e0 90\u2103, stabilisateur UV ajout\u00e9, jaunissement ext\u00e9rieur de 5 ans \u0394E&lt;3.<\/li>\n<li><strong>Performance de traitement<\/strong>: Thermoformable (150-170\u2103), d\u00e9coupe laser, usinage CNC, surface imprimable.<\/li>\n<li><strong>Caract\u00e9ristiques de s\u00e9curit\u00e9<\/strong>: Se brise en fragments obtus sans ar\u00eates vives, r\u00e9pond aux normes du verre de s\u00e9curit\u00e9 architectural<\/li>\n<li><strong>Stabilit\u00e9 chimique<\/strong>: R\u00e9sistant aux acides dilu\u00e9s, aux alcalis, \u00e0 l'alcool, anti-pollution, facile \u00e0 nettoyer.<\/li>\n<\/ul>\n<h2>Sc\u00e9narios d'application<\/h2>\n<h3>Protection de la s\u00e9curit\u00e9<\/h3>\n<ul>\n<li><strong>Vitrage de s\u00e9curit\u00e9<\/strong>: Guichets de banque, vitrines de bijouterie, vitrines de mus\u00e9e<\/li>\n<li><strong>Protections de machines<\/strong>: Panneaux de protection des \u00e9quipements industriels, isolation des postes de travail des robots<\/li>\n<li><strong>Transport<\/strong>: Portes grillag\u00e9es des quais de m\u00e9tro, fen\u00eatres des trains \u00e0 grande vitesse, pare-brise des yachts<\/li>\n<\/ul>\n<h3>Architecture et espaces publics<\/h3>\n<ul>\n<li><strong>Architecture<\/strong>: Murs-rideaux en verre, puits de lumi\u00e8re, rampes d'escalier<\/li>\n<li><strong>Espaces publics<\/strong>: Zones de s\u00e9curit\u00e9 des a\u00e9roports, tribunes des stades, installations des parcs d'attractions<\/li>\n<li><strong>\u00c9tablissements d'enseignement<\/strong>: Fen\u00eatres d'\u00e9coles, cloisons de laboratoires, barri\u00e8res de protection<\/li>\n<\/ul>\n<h3>Environnements sp\u00e9ciaux<\/h3>\n<ul>\n<li><strong>Environnements extr\u00eames<\/strong>: Stations de recherche polaire, installations dans le d\u00e9sert, b\u00e2timents c\u00f4tiers<\/li>\n<li><strong>Zones \u00e0 fort trafic<\/strong>: Portes automatiques de centres commerciaux, couloirs d'h\u00f4pitaux, quais de m\u00e9tro<\/li>\n<li><strong>Installations sportives<\/strong>: Barri\u00e8res de patinoires, cl\u00f4tures de courts de tennis, lanterneaux de piscines<\/li>\n<\/ul>\n<h2>Param\u00e8tres techniques<\/h2>\n<table width=\"0%\">\n<tbody>\n<tr>\n<td>Indice de performance<\/td>\n<td>M\u00e9thode d'essai<\/td>\n<td>Plage de valeurs<\/td>\n<\/tr>\n<tr>\n<td>Densit\u00e9<\/td>\n<td>ASTM D792<\/td>\n<td>1,18-1,20 g\/cm\u00b3<\/td>\n<\/tr>\n<tr>\n<td>Transmittance de la lumi\u00e8re<\/td>\n<td>ASTM D1003<\/td>\n<td>89-91%<\/td>\n<\/tr>\n<tr>\n<td>R\u00e9sistance \u00e0 l'impact Izod (entaill\u00e9)<\/td>\n<td>ASTM D256<\/td>\n<td>15-25 kJ\/m\u00b2<\/td>\n<\/tr>\n<tr>\n<td>R\u00e9sistance \u00e0 la traction<\/td>\n<td>ASTM D638<\/td>\n<td>55-65 MPa<\/td>\n<\/tr>\n<tr>\n<td>R\u00e9sistance \u00e0 la flexion<\/td>\n<td>ASTM D790<\/td>\n<td>80-95 MPa<\/td>\n<\/tr>\n<tr>\n<td>Temp\u00e9rature de distorsion thermique<\/td>\n<td>ASTM D648<\/td>\n<td>85-90\u2103<\/td>\n<\/tr>\n<tr>\n<td>Point de ramollissement Vicat<\/td>\n<td>ASTM D1525<\/td>\n<td>95-100\u2103<\/td>\n<\/tr>\n<tr>\n<td>Duret\u00e9 du crayon<\/td>\n<td>ASTM D3363<\/td>\n<td>2H<\/td>\n<\/tr>\n<\/tbody>\n<\/table>\n<h2>Lignes directrices en mati\u00e8re de traitement<\/h2>\n<ul>\n<li><strong>Outils de coupe<\/strong>: Lames en acier rapide (100-120 dents), d\u00e9coupe au laser (puissance 100-150W)<\/li>\n<li><strong>Thermoformage<\/strong>: Temp\u00e9rature de chauffage 150-170\u2103, temps de maintien 3-5 minutes\/mm d'\u00e9paisseur.<\/li>\n<li><strong>Traitement des bords<\/strong>: Polissage \u00e0 la flamme (temp\u00e9rature 2000-2500\u2103), \u00e9viter la surchauffe qui provoque une d\u00e9coloration.<\/li>\n<li><strong>M\u00e9thodes de connexion<\/strong>: Fixation m\u00e9canique (vis en acier inoxydable + rondelles), collage structurel (colle polyur\u00e9thane)<\/li>\n<li><strong>Traitement de surface<\/strong>: Imprimable (encres UV), recouvrable (rev\u00eatement anti-rayures)<\/li>\n<\/ul>\n<h2>Sp\u00e9cifications des produits<\/h2>\n<table width=\"0%\">\n<tbody>\n<tr>\n<td>\u00c9paisseur<\/td>\n<td>Taille standard<\/td>\n<td>Niveau de r\u00e9sistance aux chocs<\/td>\n<td>Application recommand\u00e9e<\/td>\n<\/tr>\n<tr>\n<td>3-6mm<\/td>\n<td>1220\u00d72440mm<\/td>\n<td>5\u00d7 acrylique ordinaire<\/td>\n<td>Barri\u00e8res de protection<\/td>\n<\/tr>\n<tr>\n<td>8-12mm<\/td>\n<td>1220\u00d72440mm<\/td>\n<td>8\u00d7 acrylique ordinaire<\/td>\n<td>Verre de s\u00e9curit\u00e9<\/td>\n<\/tr>\n<tr>\n<td>15-20 mm<\/td>\n<td>2000\u00d73000mm<\/td>\n<td>10\u00d7 acrylique ordinaire<\/td>\n<td>Protections des machines<\/td>\n<\/tr>\n<tr>\n<td>25 mm<\/td>\n<td>2000\u00d73000mm<\/td>\n<td>12\u00d7 acrylique ordinaire<\/td>\n<td>Applications \u00e0 l'\u00e9preuve des balles<\/td>\n<\/tr>\n<\/tbody>\n<\/table>\n<p>&nbsp;<\/p>","protected":false},"excerpt":{"rendered":"<p>La feuille acrylique r\u00e9sistante aux chocs est une feuille haute performance produite par la technologie de modification des m\u00e9langes (PMMA et copolym\u00e8re \u00e9lastom\u00e8re). Elle offre une r\u00e9sistance aux chocs 5 \u00e0 10 fois sup\u00e9rieure \u00e0 celle de l'acrylique ordinaire (r\u00e9sistance aux chocs Izod \u226515kJ\/m\u00b2), se rapprochant ainsi de la feuille de PC tout en conservant les excellentes propri\u00e9t\u00e9s optiques de l'acrylique (transmission de la lumi\u00e8re 89-91%). Avec une duret\u00e9 de surface de 2H, une \u00e9paisseur de 3 \u00e0 25 mm et des dimensions standard de 1220\u00d72440 mm, il convient aux applications exigeant une grande s\u00e9curit\u00e9.<\/p>","protected":false},"featured_media":7510,"comment_status":"closed","ping_status":"closed","template":"","meta":{"_acf_changed":false,"_seopress_robots_primary_cat":"none","_seopress_titles_title":"","_seopress_titles_desc":"Our impact-resistant acrylic sheets protect against physical damage, ideal for high-impact environments and security applications.","_seopress_robots_index":"","_gspb_post_css":""},"product_brand":[],"product_cat":[77],"product_tag":[],"class_list":{"0":"post-5595","1":"product","2":"type-product","3":"status-publish","4":"has-post-thumbnail","6":"product_cat-acrylic-sheet","8":"first","9":"instock","10":"shipping-taxable","11":"product-type-simple"},"acf":[],"etheme_brands":{"errors":{"invalid_taxonomy":["Taxonomie non valide."]},"error_data":[]},"_links":{"self":[{"href":"https:\/\/jrtacrylic.com\/fr\/wp-json\/wp\/v2\/product\/5595","targetHints":{"allow":["GET"]}}],"collection":[{"href":"https:\/\/jrtacrylic.com\/fr\/wp-json\/wp\/v2\/product"}],"about":[{"href":"https:\/\/jrtacrylic.com\/fr\/wp-json\/wp\/v2\/types\/product"}],"replies":[{"embeddable":true,"href":"https:\/\/jrtacrylic.com\/fr\/wp-json\/wp\/v2\/comments?post=5595"}],"version-history":[{"count":0,"href":"https:\/\/jrtacrylic.com\/fr\/wp-json\/wp\/v2\/product\/5595\/revisions"}],"wp:featuredmedia":[{"embeddable":true,"href":"https:\/\/jrtacrylic.com\/fr\/wp-json\/wp\/v2\/media\/7510"}],"wp:attachment":[{"href":"https:\/\/jrtacrylic.com\/fr\/wp-json\/wp\/v2\/media?parent=5595"}],"wp:term":[{"taxonomy":"product_brand","embeddable":true,"href":"https:\/\/jrtacrylic.com\/fr\/wp-json\/wp\/v2\/product_brand?post=5595"},{"taxonomy":"product_cat","embeddable":true,"href":"https:\/\/jrtacrylic.com\/fr\/wp-json\/wp\/v2\/product_cat?post=5595"},{"taxonomy":"product_tag","embeddable":true,"href":"https:\/\/jrtacrylic.com\/fr\/wp-json\/wp\/v2\/product_tag?post=5595"}],"curies":[{"name":"wp","href":"https:\/\/api.w.org\/{rel}","templated":true}]}}