{"id":5701,"date":"2025-09-09T17:03:50","date_gmt":"2025-09-09T09:03:50","guid":{"rendered":"https:\/\/jrtacrylic.com\/?post_type=product&#038;p=5701"},"modified":"2026-04-21T10:36:36","modified_gmt":"2026-04-21T02:36:36","slug":"pvc-foam-board","status":"publish","type":"product","link":"https:\/\/jrtacrylic.com\/fr\/product\/pvc\/pvc-board-panel\/pvc-foam-board.html","title":{"rendered":"Panneau de mousse PVC"},"content":{"rendered":"<p><a class=\"wpil_keyword_link\" title=\"PVC\" href=\"https:\/\/jrtacrylic.com\/product\/pvc\" data-wpil-keyword-link=\"linked\" data-wpil-monitor-id=\"59\">PVC<\/a> Le panneau en mousse est une feuille rigide l\u00e9g\u00e8re fabriqu\u00e9e \u00e0 partir de r\u00e9sine de chlorure de polyvinyle par un processus de moussage physique. Il adopte une structure coextrud\u00e9e \u00e0 trois couches avec une couche dure en PVC haute densit\u00e9 (0,2 \u00e0 0,5 mm d'\u00e9paisseur) \u00e0 la surface et une structure en mousse \u00e0 cellules ferm\u00e9es (densit\u00e9 de 0,4 \u00e0 0,8 g\/cm\u00b3) au c\u0153ur. Avec une densit\u00e9 globale \u00e9quivalente \u00e0 seulement 1\/3 de celle du bois, il poss\u00e8de une r\u00e9sistance \u00e0 la flexion et aux chocs consid\u00e9rable. La surface est sp\u00e9cialement trait\u00e9e pour pr\u00e9senter des effets mats ou brillants, adapt\u00e9s \u00e0 l'impression UV directe, \u00e0 la s\u00e9rigraphie et \u00e0 la gravure, ce qui en fait une alternative \u00e9cologique id\u00e9ale au bois et aux panneaux de gypse.<\/p>\n<h2>Caract\u00e9ristiques principales<\/h2>\n<ul>\n<li><strong>L\u00e9ger et tr\u00e8s r\u00e9sistant<\/strong>: Densit\u00e9 0,45-0,65g\/cm\u00b3, r\u00e9sistance \u00e0 la flexion \u226522MPa, r\u00e9sistance aux chocs \u226514kJ\/m\u00b2.<\/li>\n<li><strong>R\u00e9sistance aux intemp\u00e9ries et \u00e0 la corrosion<\/strong>: Plage de temp\u00e9rature de fonctionnement de -40\u2103 \u00e0 70\u2103, \u00e9tanche (absorption d'eau \u22641%), r\u00e9sistant \u00e0 la moisissure, r\u00e9sistant au vieillissement UV.<\/li>\n<li><strong>Traitement facile<\/strong>: Peut \u00eatre coup\u00e9, perc\u00e9, rabot\u00e9 avec des outils de menuiserie ; convient pour le clouage, le vissage ou le collage.<\/li>\n<li><strong>Performances de surface<\/strong>: Duret\u00e9 Shore D55-65, rugosit\u00e9 de surface Ra\u22640,8\u03bcm, adh\u00e9sion \u00e0 l'impression \u22652N\/cm.<\/li>\n<li><strong>S\u00e9curit\u00e9 environnementale<\/strong>: Sans formald\u00e9hyde ni m\u00e9taux lourds, conforme \u00e0 la norme RoHS, indice de flamme UL94 V-0<\/li>\n<li><strong>Stabilit\u00e9 dimensionnelle<\/strong>: Taux de d\u00e9formation thermique \u22641,5% (70\u2103\u00d724h), coefficient de dilatation lin\u00e9aire \u22648\u00d710-\u2075\/\u2103.<\/li>\n<\/ul>\n<h2>Sc\u00e9narios d'application<\/h2>\n<h3>Publicit\u00e9 et affichage<\/h3>\n<ul>\n<li><strong>Production d'enseignes<\/strong>: Grands panneaux d'affichage ext\u00e9rieur, panneaux lumineux, substrats pour la gravure de lettres en 3D<\/li>\n<li><strong>Exposition et pr\u00e9sentation<\/strong>: Construction de stands, pr\u00e9sentoirs POP, accessoires promotionnels<\/li>\n<li><strong>Impression num\u00e9rique<\/strong>: Supports pour jet d'encre UV, panneaux d'exposition photo, supports pour l'habillage des v\u00e9hicules<\/li>\n<\/ul>\n<h3>Construction et d\u00e9coration<\/h3>\n<ul>\n<li><strong>D\u00e9coration int\u00e9rieure<\/strong>: Panneaux muraux, plafonds, \u00e9crans de s\u00e9paration<\/li>\n<li><strong>Fabrication de meubles<\/strong>: Portes d'armoires, vanit\u00e9s de salle de bain, bo\u00eetes de rangement<\/li>\n<li><strong>Ing\u00e9nierie de la construction<\/strong>: Cl\u00f4tures temporaires, panneaux de protection de chantier, rev\u00eatements de coffrage<\/li>\n<\/ul>\n<h3>Applications industrielles et sp\u00e9ciales<\/h3>\n<ul>\n<li><strong>Int\u00e9rieur des v\u00e9hicules et des navires<\/strong>: Panneaux int\u00e9rieurs d'automobiles, cloisons de cabines de bateaux<\/li>\n<li><strong>Emballage et transport<\/strong>: Emballage d'instruments de pr\u00e9cision, bo\u00eetes de roulement<\/li>\n<li><strong>Mod\u00e9lisation<\/strong>: Mod\u00e8les architecturaux, prototypes industriels, accessoires de films<\/li>\n<\/ul>\n<h2>Param\u00e8tres techniques<\/h2>\n<table width=\"0%\">\n<tbody>\n<tr>\n<td>Indice de performance<\/td>\n<td>Norme d'essai<\/td>\n<td>Plage de valeurs<\/td>\n<\/tr>\n<tr>\n<td>Densit\u00e9<\/td>\n<td>ASTM D792<\/td>\n<td>0,45-0,65 g\/cm\u00b3<\/td>\n<\/tr>\n<tr>\n<td>R\u00e9sistance \u00e0 la flexion<\/td>\n<td>ASTM D790<\/td>\n<td>22-30 MPa<\/td>\n<\/tr>\n<tr>\n<td>R\u00e9sistance aux chocs<\/td>\n<td>ASTM D256<\/td>\n<td>14-20 kJ\/m\u00b2<\/td>\n<\/tr>\n<tr>\n<td>Temp\u00e9rature de distorsion thermique<\/td>\n<td>ASTM D648<\/td>\n<td>73-78 \u2103<\/td>\n<\/tr>\n<tr>\n<td>Point de ramollissement Vicat<\/td>\n<td>ASTM D1525<\/td>\n<td>75-80 \u2103<\/td>\n<\/tr>\n<tr>\n<td>Coefficient de dilatation thermique lin\u00e9aire<\/td>\n<td>ASTM D696<\/td>\n<td>6-8\u00d710-\u2075 \/\u2103<\/td>\n<\/tr>\n<tr>\n<td>Indice de flamme<\/td>\n<td>UL94<\/td>\n<td>V-0<\/td>\n<\/tr>\n<tr>\n<td>R\u00e9sistance de la surface<\/td>\n<td>ASTM D257<\/td>\n<td>\uff1e10\u00b9\u2074 \u03a9<\/td>\n<\/tr>\n<\/tbody>\n<\/table>\n<h2>Guide de traitement<\/h2>\n<ul>\n<li><strong>Outils de coupe<\/strong>: Scie circulaire (nombre de dents \u226510TPI), couteau utilitaire (plusieurs coupes n\u00e9cessaires), d\u00e9coupe au laser (puissance recommand\u00e9e 50-100W).<\/li>\n<li><strong>M\u00e9thodes de connexion<\/strong>: Vis autotaraudeuses (diam\u00e8tre recommand\u00e9 3-5 mm), colle sp\u00e9cifique au PVC (par exemple, colle n\u00e9opr\u00e8ne), ruban adh\u00e9sif double face.<\/li>\n<li><strong>Traitement de surface<\/strong>: Polissage au papier de verre (400 grains ou plus recommand\u00e9), pulv\u00e9risation \u00e9lectrostatique, impression par transfert thermique.<\/li>\n<li><strong>Pr\u00e9cautions<\/strong>: \u00c9viter l'exposition prolong\u00e9e \u00e0 des environnements sup\u00e9rieurs \u00e0 80\u2103, porter un masque anti-poussi\u00e8re pendant le traitement.<\/li>\n<\/ul>\n<h2>Sp\u00e9cifications et emballage<\/h2>\n<ul>\n<li><strong>Tailles standard<\/strong>: 1220\u00d72440mm, 1560\u00d73050mm (personnalisable jusqu'\u00e0 6000mm de longueur)<\/li>\n<li><strong>Gamme d'\u00e9paisseur<\/strong>: 3mm, 5mm, 8mm, 10mm, 15mm, 20mm, 30mm<\/li>\n<li><strong>Options de couleur<\/strong>: Blanc, noir, gris, color\u00e9 (num\u00e9ros de couleur RAL personnalis\u00e9s disponibles)<\/li>\n<li><strong>M\u00e9thode d'emballage<\/strong>: Film PE + palette, 10-50 feuilles par paquet (en fonction de l'\u00e9paisseur)<\/li>\n<\/ul>","protected":false},"excerpt":{"rendered":"<p><a class=\"wpil_keyword_link\" title=\"PVC\" href=\"https:\/\/jrtacrylic.com\/product\/pvc\" data-wpil-keyword-link=\"linked\" data-wpil-monitor-id=\"60\">PVC<\/a> Le panneau en mousse est une feuille rigide l\u00e9g\u00e8re fabriqu\u00e9e \u00e0 partir de r\u00e9sine de chlorure de polyvinyle par un processus de moussage physique. Il adopte une structure coextrud\u00e9e \u00e0 trois couches avec une couche dure en PVC haute densit\u00e9 (0,2 \u00e0 0,5 mm d'\u00e9paisseur) \u00e0 la surface et une structure en mousse \u00e0 cellules ferm\u00e9es (densit\u00e9 de 0,4 \u00e0 0,8 g\/cm\u00b3) au c\u0153ur. Avec une densit\u00e9 globale \u00e9quivalente \u00e0 seulement 1\/3 de celle du bois, il poss\u00e8de une r\u00e9sistance \u00e0 la flexion et aux chocs consid\u00e9rable. La surface est sp\u00e9cialement trait\u00e9e pour pr\u00e9senter des effets mats ou brillants, adapt\u00e9s \u00e0 l'impression UV directe, \u00e0 la s\u00e9rigraphie et \u00e0 la gravure, ce qui en fait une alternative \u00e9cologique id\u00e9ale au bois et aux panneaux de gypse.<\/p>","protected":false},"featured_media":7604,"comment_status":"closed","ping_status":"closed","template":"","meta":{"_acf_changed":false,"_seopress_robots_primary_cat":"none","_seopress_titles_title":"PVC Foam Board Panel \u2013 Lightweight, Durable & Versatile | Jingruite","_seopress_titles_desc":"Jingruite PVC foam boards \u2013 perfect for signage, walls, furniture, and transport. 17-year ISO-certified supplier, worldwide shipping.","_seopress_robots_index":"","_gspb_post_css":""},"product_brand":[],"product_cat":[105],"product_tag":[],"class_list":{"0":"post-5701","1":"product","2":"type-product","3":"status-publish","4":"has-post-thumbnail","6":"product_cat-pvc-board-panel","8":"first","9":"instock","10":"shipping-taxable","11":"product-type-simple"},"acf":[],"etheme_brands":{"errors":{"invalid_taxonomy":["Taxonomie non valide."]},"error_data":[]},"_links":{"self":[{"href":"https:\/\/jrtacrylic.com\/fr\/wp-json\/wp\/v2\/product\/5701","targetHints":{"allow":["GET"]}}],"collection":[{"href":"https:\/\/jrtacrylic.com\/fr\/wp-json\/wp\/v2\/product"}],"about":[{"href":"https:\/\/jrtacrylic.com\/fr\/wp-json\/wp\/v2\/types\/product"}],"replies":[{"embeddable":true,"href":"https:\/\/jrtacrylic.com\/fr\/wp-json\/wp\/v2\/comments?post=5701"}],"version-history":[{"count":1,"href":"https:\/\/jrtacrylic.com\/fr\/wp-json\/wp\/v2\/product\/5701\/revisions"}],"predecessor-version":[{"id":7605,"href":"https:\/\/jrtacrylic.com\/fr\/wp-json\/wp\/v2\/product\/5701\/revisions\/7605"}],"wp:featuredmedia":[{"embeddable":true,"href":"https:\/\/jrtacrylic.com\/fr\/wp-json\/wp\/v2\/media\/7604"}],"wp:attachment":[{"href":"https:\/\/jrtacrylic.com\/fr\/wp-json\/wp\/v2\/media?parent=5701"}],"wp:term":[{"taxonomy":"product_brand","embeddable":true,"href":"https:\/\/jrtacrylic.com\/fr\/wp-json\/wp\/v2\/product_brand?post=5701"},{"taxonomy":"product_cat","embeddable":true,"href":"https:\/\/jrtacrylic.com\/fr\/wp-json\/wp\/v2\/product_cat?post=5701"},{"taxonomy":"product_tag","embeddable":true,"href":"https:\/\/jrtacrylic.com\/fr\/wp-json\/wp\/v2\/product_tag?post=5701"}],"curies":[{"name":"wp","href":"https:\/\/api.w.org\/{rel}","templated":true}]}}