{"id":7455,"date":"2026-04-16T14:57:53","date_gmt":"2026-04-16T06:57:53","guid":{"rendered":"https:\/\/jrtacrylic.com\/?post_type=product&#038;p=7455"},"modified":"2026-04-20T17:41:44","modified_gmt":"2026-04-20T09:41:44","slug":"double-color-sheet-for-laser-cuttting","status":"publish","type":"product","link":"https:\/\/jrtacrylic.com\/fr\/product\/double-color-sheet\/double-color-sheet-for-laser-cuttting.html","title":{"rendered":"Feuille bicolore pour d\u00e9coupe laser"},"content":{"rendered":"<div data-page-id=\"Cg0mdO79Co3ol7xTdYncY6W9nHe\" data-lark-html-role=\"root\" data-docx-has-block-data=\"true\">\n<div class=\"ace-line ace-line old-record-id-Cg0mdO79Co3ol7xTdYncY6W9nHe\">Feuille bicolore D\u00e9tails du produit<\/div>\n<h1 class=\"heading-1 ace-line old-record-id-UXIzfCL5ddO2AYcDy6UcGMAtnCb\">Aper\u00e7u du produit<\/h1>\n<div class=\"ace-line ace-line old-record-id-QcY7fDAYtdETsycFOxnc7Gu8nnf\">Notre feuille bicolore est un mat\u00e9riau d\u00e9coratif et fonctionnel tr\u00e8s performant et polyvalent, con\u00e7u \u00e0 l'aide d'une technologie d'extrusion avanc\u00e9e pour combiner deux couleurs contrast\u00e9es ou compl\u00e9mentaires en une seule feuille int\u00e9gr\u00e9e. Con\u00e7ue pour r\u00e9pondre aux divers besoins des applications industrielles, commerciales et de bricolage, cette feuille se distingue par la solidit\u00e9 \u00e9clatante de ses couleurs, ses excellentes propri\u00e9t\u00e9s physiques et sa facilit\u00e9 de mise en \u0153uvre. Qu'il s'agisse de signalisation, de d\u00e9coration int\u00e9rieure ou de composants industriels, elle offre \u00e0 la fois un attrait esth\u00e9tique et des performances fiables, ce qui en fait un choix privil\u00e9gi\u00e9 pour les professionnels comme pour les passionn\u00e9s.<\/div>\n<h1 class=\"heading-1 ace-line old-record-id-FSNtfLCfsdSxj7cdIKIcpUNunSf\">Caract\u00e9ristiques principales et avantages<\/h1>\n<ul class=\"list-bullet1\">\n<li class=\"ace-line ace-line old-record-id-Kh4XfrnxVdh5AYcqLKCcR2Ucn3k\" data-list=\"bullet\">\n<div><strong>Int\u00e9gration bicolore<\/strong>: Combine sans couture deux couleurs distinctes en une seule feuille, \u00e9liminant ainsi la n\u00e9cessit\u00e9 d'une pulv\u00e9risation ult\u00e9rieure. L'adh\u00e9rence des couleurs est ferme et ne p\u00e8le pas, ce qui garantit un attrait visuel durable sans d\u00e9coloration, m\u00eame apr\u00e8s une utilisation prolong\u00e9e.<\/div>\n<\/li>\n<li class=\"ace-line ace-line old-record-id-YfGofFwOkds121cgFdzcnhjDnHe\" data-list=\"bullet\">\n<div><strong>Durabilit\u00e9 exceptionnelle<\/strong>: Fabriqu\u00e9e \u00e0 partir de mat\u00e9riaux de haute qualit\u00e9 (ABS, HDPE ou acrylique en option), la feuille pr\u00e9sente une excellente r\u00e9sistance aux chocs, \u00e0 l'usure et \u00e0 la tol\u00e9rance aux basses temp\u00e9ratures (applicable \u00e0 -40\u2103~80\u2103). Elle est \u00e9galement stabilis\u00e9e aux UV, r\u00e9sistante \u00e0 l'humidit\u00e9 et \u00e0 la corrosion, et peut \u00eatre utilis\u00e9e \u00e0 l'int\u00e9rieur comme \u00e0 l'ext\u00e9rieur sans jaunissement ni d\u00e9gradation.<\/div>\n<\/li>\n<li class=\"ace-line ace-line old-record-id-IvuXfCTJFdPYZCczzRhcy5K1ntf\" data-list=\"bullet\">\n<div><strong>Facilit\u00e9 de traitement<\/strong>: Compatible avec diverses m\u00e9thodes de traitement, notamment la d\u00e9coupe au laser, la gravure CNC, le pliage \u00e0 chaud, le sciage et le collage. Il peut \u00eatre facilement d\u00e9coup\u00e9 dans des formes et des tailles personnalis\u00e9es, perc\u00e9 ou grav\u00e9 pour obtenir des motifs complexes, ce qui le rend id\u00e9al pour les projets personnalis\u00e9s et la production de masse.<\/div>\n<\/li>\n<li class=\"ace-line ace-line old-record-id-DwOkftOHDd5CVRcjEDQcR5Uxnqf\" data-list=\"bullet\">\n<div><strong>Respectueux de l'environnement et s\u00fbr<\/strong>: Adopte des mati\u00e8res premi\u00e8res non toxiques et recyclables conformes aux normes environnementales internationales. Exempt de substances nocives, il peut \u00eatre utilis\u00e9 en toute s\u00e9curit\u00e9 dans les composants d'\u00e9quipements m\u00e9dicaux, les produits pour enfants et les applications li\u00e9es \u00e0 l'alimentation.<\/div>\n<\/li>\n<li class=\"ace-line ace-line old-record-id-XsHbfEw3ldOHU7crbFFciHZvnX3\" data-list=\"bullet\">\n<div><strong>Options de surface polyvalentes<\/strong>: Disponible en finition brillante, mate ou textur\u00e9e. Les surfaces brillantes rehaussent l'\u00e9clat des couleurs \u00e0 des fins d\u00e9coratives, tandis que les surfaces mates r\u00e9duisent les reflets et que les surfaces textur\u00e9es am\u00e9liorent l'adh\u00e9rence pour des applications fonctionnelles telles que les rev\u00eatements de sol.<\/div>\n<\/li>\n<\/ul>\n<h1 class=\"heading-1 ace-line old-record-id-AjUdfCo2ZdYCGUcNtbic2Vdfnph\">Sp\u00e9cifications techniques<\/h1>\n<div>\n<table class=\"ace-table\" data-ace-table-col-widths=\"200;200;200\">\n<colgroup>\n<col width=\"200\" \/>\n<col width=\"200\" \/>\n<col width=\"200\" \/><\/colgroup>\n<thead>\n<tr>\n<th colspan=\"1\" rowspan=\"1\">\n<div class=\"ace-line ace-line old-record-id-B17XfB9nPd5skScWj09c5ctVn6d\">Objet<\/div>\n<\/th>\n<th colspan=\"1\" rowspan=\"1\">\n<div class=\"ace-line ace-line old-record-id-Ebc0fYuWAd1Q2xcVdj9cKLyynpc\">Sp\u00e9cifications<\/div>\n<\/th>\n<th colspan=\"1\" rowspan=\"1\">\n<div class=\"ace-line ace-line old-record-id-L40qfnKFfdgdddcOtypcpjuYnZd\">Gamme optionnelle<\/div>\n<\/th>\n<\/tr>\n<\/thead>\n<tbody>\n<tr>\n<td colspan=\"1\" rowspan=\"1\">\n<div class=\"ace-line ace-line old-record-id-Dhm8fM0CpdTCvsc80EJclL65nPd\">Mat\u00e9riau<\/div>\n<\/td>\n<td colspan=\"1\" rowspan=\"1\">\n<div class=\"ace-line ace-line old-record-id-RYKtfdvhjdVfeWc2ugscaprsnJh\">ABS \/ HDPE \/ Acrylique<\/div>\n<\/td>\n<td colspan=\"1\" rowspan=\"1\">\n<div class=\"ace-line ace-line old-record-id-Eswff09ZQdeDIwcpQEtc4wYonBf\">Personnalisable en fonction de l'application<\/div>\n<\/td>\n<\/tr>\n<tr>\n<td colspan=\"1\" rowspan=\"1\">\n<div class=\"ace-line ace-line old-record-id-Kk0bfpvnIdH6TcceEX9c6Ha5nGc\">\u00c9paisseur<\/div>\n<\/td>\n<td colspan=\"1\" rowspan=\"1\">\n<div class=\"ace-line ace-line old-record-id-XDpdfQVgXdp79Xcyuxnc21N3nwT\">0,5 mm - 30 mm<\/div>\n<\/td>\n<td colspan=\"1\" rowspan=\"1\">\n<div class=\"ace-line ace-line old-record-id-D1HWfSFFJdbnkwc6nUscAP6vn6e\">0,1 mm - 100 mm (personnalisable)<\/div>\n<\/td>\n<\/tr>\n<tr>\n<td colspan=\"1\" rowspan=\"1\">\n<div class=\"ace-line ace-line old-record-id-VWO6fmzjsda8RWc10Ngc9OhMnuc\">Taille standard<\/div>\n<\/td>\n<td colspan=\"1\" rowspan=\"1\">\n<div class=\"ace-line ace-line old-record-id-PRcifVKZmd7YjkcySmEcRTFen0O\">600\u00d71200mm, 1220\u00d72440mm<\/div>\n<\/td>\n<td colspan=\"1\" rowspan=\"1\">\n<div class=\"ace-line ace-line old-record-id-MUh4fc5zMd2kblcuRYIcmVcInKd\">Dimensions personnalis\u00e9es (largeur maximale de 2500 mm, longueur au choix)<\/div>\n<\/td>\n<\/tr>\n<tr>\n<td colspan=\"1\" rowspan=\"1\">\n<div class=\"ace-line ace-line old-record-id-SqhlfcQM0dAaxfcqq84cJ6oDnGf\">Combinaisons de couleurs<\/div>\n<\/td>\n<td colspan=\"1\" rowspan=\"1\">\n<div class=\"ace-line ace-line old-record-id-Bgq7f6vbLdyU8WczOWgchSqAnEd\">Noir et blanc, or et noir, argent et noir, rouge et blanc<\/div>\n<\/td>\n<td colspan=\"1\" rowspan=\"1\">\n<div class=\"ace-line ace-line old-record-id-LKlGfTGkwd67K7cpq5YcCtoSnEb\">Toutes les combinaisons de couleurs personnalis\u00e9es<\/div>\n<\/td>\n<\/tr>\n<tr>\n<td colspan=\"1\" rowspan=\"1\">\n<div class=\"ace-line ace-line old-record-id-T1YufPflFdFDitc2InDcEdaVn0d\">Densit\u00e9<\/div>\n<\/td>\n<td colspan=\"1\" rowspan=\"1\">\n<div class=\"ace-line ace-line old-record-id-SW9Yftl5bdC2Mkc5OjYcTTFRnie\">1,05-1,08g\/cm\u00b3 (ABS) ; 0,94-0,96g\/cm\u00b3 (HDPE)<\/div>\n<\/td>\n<td colspan=\"1\" rowspan=\"1\">\n<div class=\"ace-line ace-line old-record-id-EtUsf9EPVdM3t8cMFrEc21L7nfP\">D\u00e9pend du mat\u00e9riau<\/div>\n<\/td>\n<\/tr>\n<tr>\n<td colspan=\"1\" rowspan=\"1\">\n<div class=\"ace-line ace-line old-record-id-PvjKf4DppdMXfecT8Nfc45z2njg\">R\u00e9sistance \u00e0 la traction<\/div>\n<\/td>\n<td colspan=\"1\" rowspan=\"1\">\n<div class=\"ace-line ace-line old-record-id-XIorfBxK6dbbafcItzTc6tZHnbh\">40-80MPa<\/div>\n<\/td>\n<td colspan=\"1\" rowspan=\"1\">\n<div class=\"ace-line ace-line old-record-id-TyRIfmmJYd1g1KcFgeZcp7HHnve\">R\u00e9glable en fonction du mat\u00e9riau et de l'\u00e9paisseur<\/div>\n<\/td>\n<\/tr>\n<tr>\n<td colspan=\"1\" rowspan=\"1\">\n<div class=\"ace-line ace-line old-record-id-Ojw0fuTeddyrimcvWXucwbHRnGh\">Temp\u00e9rature de d\u00e9viation de la chaleur<\/div>\n<\/td>\n<td colspan=\"1\" rowspan=\"1\">\n<div class=\"ace-line ace-line old-record-id-EUAxfzzZTdzzUvcQc3XceQsJnLg\">90-105\u2103 (ABS) ; 80\u2103 (Acrylique)<\/div>\n<\/td>\n<td colspan=\"1\" rowspan=\"1\">\n<div class=\"ace-line ace-line old-record-id-Onm5f58ARdVphBcM1YCcGzfinxL\">D\u00e9pend du mat\u00e9riau<\/div>\n<\/td>\n<\/tr>\n<tr>\n<td colspan=\"1\" rowspan=\"1\">\n<div class=\"ace-line ace-line old-record-id-O7RbfX9RcdFqtacIuP7cYAdinrg\">Indice d'inflammabilit\u00e9<\/div>\n<\/td>\n<td colspan=\"1\" rowspan=\"1\">\n<div class=\"ace-line ace-line old-record-id-Cd9Qf9majdNWOJcn1FkcWRSdnUf\">HB<\/div>\n<\/td>\n<td colspan=\"1\" rowspan=\"1\">\n<div class=\"ace-line ace-line old-record-id-W7fPfSIv9dgVEGcbylUcYPspnpc\">Personnalisable en fonction des besoins en mati\u00e8re d'ignifugation<\/div>\n<\/td>\n<\/tr>\n<\/tbody>\n<\/table>\n<\/div>\n<h1 class=\"heading-1 ace-line old-record-id-OKJJfPAkrdWBWHcjwk3cM6vXn0Y\">Sc\u00e9narios d'application<\/h1>\n<div class=\"ace-line ace-line old-record-id-YjaaffsyZd1X1fcyBTgclVtSndg\">Gr\u00e2ce \u00e0 sa polyvalence et \u00e0 sa fiabilit\u00e9, notre feuille bicolore est largement utilis\u00e9e dans de nombreux secteurs d'activit\u00e9. Les principales applications sont les suivantes<\/div>\n<ul class=\"list-bullet1\">\n<li class=\"ace-line ace-line old-record-id-ZsZufIhxIdYVmYcZWiMcplxKnHf\" data-list=\"bullet\">\n<div><strong>Publicit\u00e9 et signalisation<\/strong>: Enseignes, plaques d'identification, \u00e9tiquettes de prix, affichettes d'\u00e9tag\u00e8re, panneaux publicitaires lumineux et d\u00e9corations de stands d'exposition grav\u00e9s au laser.<\/div>\n<\/li>\n<li class=\"ace-line ace-line old-record-id-Iu18f7LcMdtUI9cTPNmc3z2Mnid\" data-list=\"bullet\">\n<div><strong>Automobile et \u00e9lectronique<\/strong>: Composants int\u00e9rieurs d'automobiles, bo\u00eetiers \u00e9lectroniques, bo\u00eetiers d'appareils et panneaux de contr\u00f4le.<\/div>\n<\/li>\n<li class=\"ace-line ace-line old-record-id-EuWufuWzYdXQSMc8lpRceWy0nLh\" data-list=\"bullet\">\n<div><strong>D\u00e9coration d'int\u00e9rieur et de meubles<\/strong>: Panneaux muraux, cloisons, surfaces de meubles, plaques de porte, cartes de sol et \u00e9l\u00e9ments d\u00e9coratifs.<\/div>\n<\/li>\n<li class=\"ace-line ace-line old-record-id-ADyDfDV5IdkbU1cbcrqcdC9Qnqd\" data-list=\"bullet\">\n<div><strong>Industriel et m\u00e9dical<\/strong>: \u00c9quipements de protection, \u00e9quipements de s\u00e9curit\u00e9, composants d'\u00e9quipements m\u00e9dicaux et pi\u00e8ces industrielles r\u00e9sistantes \u00e0 la corrosion.<\/div>\n<\/li>\n<li class=\"ace-line ace-line old-record-id-SpQBfqWj3dW5XMcXy90cZs7bnNg\" data-list=\"bullet\">\n<div><strong>Bricolage et produits promotionnels<\/strong>: Gravure au laser de r\u00e9compenses, troph\u00e9es, cadeaux, porte-cl\u00e9s et projets de prototypage personnalis\u00e9s.<\/div>\n<\/li>\n<li class=\"ace-line ace-line old-record-id-CrL8fLo2MdJA7XcaNctcC1WnnXe\" data-list=\"bullet\">\n<div><strong>Marine et ext\u00e9rieur<\/strong>: Composants de qualit\u00e9 marine, surfaces de quai, mobilier de jardin et signalisation ext\u00e9rieure (variantes r\u00e9sistantes aux UV).<\/div>\n<\/li>\n<\/ul>\n<h1 class=\"heading-1 ace-line old-record-id-AM8If71wNdnJY6cqfpJcLooungc\">Services de personnalisation<\/h1>\n<div class=\"ace-line ace-line old-record-id-YpiefSSZldIlJbc1EtXcQoxNnvA\">Nous comprenons que chaque projet a des exigences uniques, c'est pourquoi nous offrons des services de personnalisation complets pour r\u00e9pondre \u00e0 vos besoins sp\u00e9cifiques :<\/div>\n<ul class=\"list-bullet1\">\n<li class=\"ace-line ace-line old-record-id-ZpaFfuDqNdyk4GcdY63cf2GWnxc\" data-list=\"bullet\">\n<div>Taille et \u00e9paisseur : Dimensions et \u00e9paisseurs personnalis\u00e9es, de l'ultra-mince 0,1 mm \u00e0 l'\u00e9pais 100 mm, pour s'adapter \u00e0 votre application.<\/div>\n<\/li>\n<li class=\"ace-line ace-line old-record-id-LTaZfIfXCd16Vcc8WiDcmZFunSc\" data-list=\"bullet\">\n<div>Combinaisons de couleurs : Combinaisons de couleurs personnalis\u00e9es pour s'aligner sur la palette de votre marque ou sur votre concept de design.<\/div>\n<\/li>\n<li class=\"ace-line ace-line old-record-id-Ql6RfyvltdA78vcXNiec2VssnA0\" data-list=\"bullet\">\n<div>Finition de la surface : Surfaces brillantes, mates ou textur\u00e9es, adapt\u00e9es \u00e0 vos besoins fonctionnels et esth\u00e9tiques.<\/div>\n<\/li>\n<li class=\"ace-line ace-line old-record-id-RaS3fBoxFdDI2cczp6XcjbItnNb\" data-list=\"bullet\">\n<div>Services de traitement : Pr\u00e9d\u00e9coupe, gravure au laser, usinage CNC, impression de logos et pliage \u00e0 chaud pour r\u00e9duire votre temps de production.<\/div>\n<\/li>\n<\/ul>\n<h1 class=\"heading-1 ace-line old-record-id-M3tBfdi2vdGkMZcPO7KcOBRgnuo\">Emballage et exp\u00e9dition<\/h1>\n<ul class=\"list-bullet1\">\n<li class=\"ace-line ace-line old-record-id-IKQgfvibMdYAgsccYn2c9qEpnYg\" data-list=\"bullet\">\n<div><strong>Emballage<\/strong>: L'emballage standard comprend un film PE pour chaque feuille, ainsi que des palettes en bois ou des bo\u00eetes en carton pour \u00e9viter les rayures et les dommages pendant le transport. Des emballages personnalis\u00e9s sont disponibles pour les commandes en gros.<\/div>\n<\/li>\n<li class=\"ace-line ace-line old-record-id-SCcUfOMttdjrmOcwNQBcwAlRnFW\" data-list=\"bullet\">\n<div><strong>D\u00e9lai de livraison<\/strong>: 5-7 jours pour les commandes standard ; 15-20 jours pour les commandes en gros personnalis\u00e9es (varie en fonction de la quantit\u00e9 command\u00e9e et de la complexit\u00e9 de la personnalisation).<\/div>\n<\/li>\n<li class=\"ace-line ace-line old-record-id-Idfgf7mBrdmjXQcJelycREzUn6e\" data-list=\"bullet\">\n<div><strong>Capacit\u00e9 d'approvisionnement<\/strong>: 1200 tonnes par mois, capable de r\u00e9pondre \u00e0 des commandes en vrac \u00e0 grande \u00e9chelle avec une qualit\u00e9 stable et une livraison dans les d\u00e9lais.<\/div>\n<\/li>\n<\/ul>\n<h1 class=\"heading-1 ace-line old-record-id-CO6dfqpZfd9XN6cgzdzcz1ovn2f\">Assurance qualit\u00e9<\/h1>\n<div class=\"ace-line ace-line old-record-id-VFmnfXSKxdCs5cciKascFGIknqh\">Toutes nos feuilles bicolores sont soumises \u00e0 des contr\u00f4les de qualit\u00e9 stricts tout au long du processus de production, depuis la s\u00e9lection des mati\u00e8res premi\u00e8res jusqu'\u00e0 l'extrusion, le refroidissement et la d\u00e9coupe. Nous respectons les normes internationales afin de garantir une couleur constante, une \u00e9paisseur uniforme et d'excellentes propri\u00e9t\u00e9s physiques. Chaque lot de produits est inspect\u00e9 pour v\u00e9rifier l'\u00e9tat de surface, la solidit\u00e9 des couleurs et la durabilit\u00e9, ce qui garantit que vous recevrez des mat\u00e9riaux fiables et de haute qualit\u00e9 pour vos projets.<\/div>\n<h1 class=\"heading-1 ace-line old-record-id-XCWUfqMIJdEMowcFOFdcZHRcnXc\">Pourquoi nous choisir ?<\/h1>\n<ul class=\"list-bullet1\">\n<li class=\"ace-line ace-line old-record-id-NLWZfgSWldR7MNcsZkJcqcWUnOf\" data-list=\"bullet\">\n<div>Technologie de production avanc\u00e9e : \u00c9quip\u00e9 de lignes d'extrusion professionnelles et d'\u00e9quipements de test de qualit\u00e9 pour garantir une qualit\u00e9 de produit stable.<\/div>\n<\/li>\n<li class=\"ace-line ace-line old-record-id-VTxDfCzJfdq0SkclXXVcgbWHnih\" data-list=\"bullet\">\n<div>Riche exp\u00e9rience dans l'industrie : Des ann\u00e9es d'exp\u00e9rience dans la fabrication de feuilles bicolores, au service de clients du monde entier avec des produits et des services fiables.<\/div>\n<\/li>\n<li class=\"ace-line ace-line old-record-id-LL6xfTQNPdNKAjcfXU1cq2Senst\" data-list=\"bullet\">\n<div>Personnalisation flexible : Des options de personnalisation compl\u00e8tes pour r\u00e9pondre aux divers besoins d'application et concepts de conception.<\/div>\n<\/li>\n<li class=\"ace-line ace-line old-record-id-XzpZf0kAtdJfAAcZyl7cFF3Enpe\" data-list=\"bullet\">\n<div>Prix comp\u00e9titifs : Approvisionnement direct de l'usine, sans interm\u00e9diaire, offrant des prix comp\u00e9titifs pour les petites commandes comme pour les commandes en gros.<\/div>\n<\/li>\n<li class=\"ace-line ace-line old-record-id-FRvgf1VTJdHbmVcgxa6cYS7qnue\" data-list=\"bullet\">\n<div>Un service r\u00e9actif : Une \u00e9quipe de professionnels du service apr\u00e8s-vente assure une assistance technique et un suivi des commandes dans les meilleurs d\u00e9lais.<\/div>\n<\/li>\n<\/ul>\n<\/div>","protected":false},"excerpt":{"rendered":"<div class=\"ace-line ace-line old-record-id-YjaaffsyZd1X1fcyBTgclVtSndg\">Gr\u00e2ce \u00e0 sa polyvalence et \u00e0 sa fiabilit\u00e9, notre feuille bicolore est largement utilis\u00e9e dans de nombreux secteurs d'activit\u00e9. Les principales applications sont les suivantes<\/div>\n<ul class=\"list-bullet1\">\n<li class=\"ace-line ace-line old-record-id-ZsZufIhxIdYVmYcZWiMcplxKnHf\" data-list=\"bullet\">\n<div><strong>Publicit\u00e9 et signalisation<\/strong>: Enseignes, plaques d'identification, \u00e9tiquettes de prix, affichettes d'\u00e9tag\u00e8re, panneaux publicitaires lumineux et d\u00e9corations de stands d'exposition grav\u00e9s au laser.<\/div>\n<\/li>\n<li class=\"ace-line ace-line old-record-id-Iu18f7LcMdtUI9cTPNmc3z2Mnid\" data-list=\"bullet\">\n<div><strong>Automobile et \u00e9lectronique<\/strong>: Composants int\u00e9rieurs d'automobiles, bo\u00eetiers \u00e9lectroniques, bo\u00eetiers d'appareils et panneaux de contr\u00f4le.<\/div>\n<\/li>\n<li class=\"ace-line ace-line old-record-id-EuWufuWzYdXQSMc8lpRceWy0nLh\" data-list=\"bullet\">\n<div><strong>D\u00e9coration d'int\u00e9rieur et de meubles<\/strong>: Panneaux muraux, cloisons, surfaces de meubles, plaques de porte, cartes de sol et \u00e9l\u00e9ments d\u00e9coratifs.<\/div>\n<\/li>\n<li class=\"ace-line ace-line old-record-id-ADyDfDV5IdkbU1cbcrqcdC9Qnqd\" data-list=\"bullet\">\n<div><strong>Industriel et m\u00e9dical<\/strong>: \u00c9quipements de protection, \u00e9quipements de s\u00e9curit\u00e9, composants d'\u00e9quipements m\u00e9dicaux et pi\u00e8ces industrielles r\u00e9sistantes \u00e0 la corrosion.<\/div>\n<\/li>\n<li class=\"ace-line ace-line old-record-id-SpQBfqWj3dW5XMcXy90cZs7bnNg\" data-list=\"bullet\">\n<div><strong>Bricolage et produits promotionnels<\/strong>: Gravure au laser de r\u00e9compenses, troph\u00e9es, cadeaux, porte-cl\u00e9s et projets de prototypage personnalis\u00e9s.<\/div>\n<\/li>\n<li class=\"ace-line ace-line old-record-id-CrL8fLo2MdJA7XcaNctcC1WnnXe\" data-list=\"bullet\">\n<div><strong>Marine et ext\u00e9rieur<\/strong>: Composants de qualit\u00e9 marine, surfaces de quai, mobilier de jardin et signalisation ext\u00e9rieure (variantes r\u00e9sistantes aux UV).<\/div>\n<\/li>\n<\/ul>","protected":false},"featured_media":7471,"comment_status":"closed","ping_status":"closed","template":"","meta":{"_acf_changed":false,"_seopress_robots_primary_cat":"none","_seopress_titles_title":"","_seopress_titles_desc":"","_seopress_robots_index":"","_gspb_post_css":""},"product_brand":[],"product_cat":[122],"product_tag":[123],"class_list":{"0":"post-7455","1":"product","2":"type-product","3":"status-publish","4":"has-post-thumbnail","6":"product_cat-double-color-sheet","7":"product_tag-featured-products","9":"first","10":"instock","11":"featured","12":"shipping-taxable","13":"product-type-simple"},"acf":[],"etheme_brands":{"errors":{"invalid_taxonomy":["Taxonomie non valide."]},"error_data":[]},"_links":{"self":[{"href":"https:\/\/jrtacrylic.com\/fr\/wp-json\/wp\/v2\/product\/7455","targetHints":{"allow":["GET"]}}],"collection":[{"href":"https:\/\/jrtacrylic.com\/fr\/wp-json\/wp\/v2\/product"}],"about":[{"href":"https:\/\/jrtacrylic.com\/fr\/wp-json\/wp\/v2\/types\/product"}],"replies":[{"embeddable":true,"href":"https:\/\/jrtacrylic.com\/fr\/wp-json\/wp\/v2\/comments?post=7455"}],"version-history":[{"count":1,"href":"https:\/\/jrtacrylic.com\/fr\/wp-json\/wp\/v2\/product\/7455\/revisions"}],"predecessor-version":[{"id":7528,"href":"https:\/\/jrtacrylic.com\/fr\/wp-json\/wp\/v2\/product\/7455\/revisions\/7528"}],"wp:featuredmedia":[{"embeddable":true,"href":"https:\/\/jrtacrylic.com\/fr\/wp-json\/wp\/v2\/media\/7471"}],"wp:attachment":[{"href":"https:\/\/jrtacrylic.com\/fr\/wp-json\/wp\/v2\/media?parent=7455"}],"wp:term":[{"taxonomy":"product_brand","embeddable":true,"href":"https:\/\/jrtacrylic.com\/fr\/wp-json\/wp\/v2\/product_brand?post=7455"},{"taxonomy":"product_cat","embeddable":true,"href":"https:\/\/jrtacrylic.com\/fr\/wp-json\/wp\/v2\/product_cat?post=7455"},{"taxonomy":"product_tag","embeddable":true,"href":"https:\/\/jrtacrylic.com\/fr\/wp-json\/wp\/v2\/product_tag?post=7455"}],"curies":[{"name":"wp","href":"https:\/\/api.w.org\/{rel}","templated":true}]}}