{"id":7637,"date":"2026-04-29T15:50:19","date_gmt":"2026-04-29T07:50:19","guid":{"rendered":"https:\/\/jrtacrylic.com\/?post_type=product&#038;p=7637"},"modified":"2026-04-29T15:50:50","modified_gmt":"2026-04-29T07:50:50","slug":"pastel-acrylic-sheet","status":"publish","type":"product","link":"https:\/\/jrtacrylic.com\/fr\/product\/acrylic\/acrylic-sheet\/pastel-acrylic-sheet.html","title":{"rendered":"Feuille d'acrylique pastel\/Feuilles d'acrylique lumineuses en gel\u00e9e"},"content":{"rendered":"<div data-page-id=\"HwzndhOThobnILxIudbcHryknDb\" data-lark-html-role=\"root\" data-docx-has-block-data=\"true\">\n<h2 class=\"heading-2 ace-line old-record-id-S73ufUL1mdjco9cnlhkcvErenu7\">1. Feuille acrylique pastel<\/h2>\n<h3 class=\"heading-3 ace-line old-record-id-SiGqfQanfdCWYzcT3GPcXnxNnmg\">Aper\u00e7u du produit<\/h3>\n<div class=\"ace-line ace-line old-record-id-JQKnffEEadQpgEcCQ2jcePPKnKd\">Nos feuilles d'acrylique pastel pr\u00e9sentent des tons macaron doux et peu satur\u00e9s qui conf\u00e8rent une esth\u00e9tique douce, \u00e9l\u00e9gante et r\u00eaveuse \u00e0 n'importe quel projet. Avec leur finition matte-satin\u00e9e, elles offrent une touche sophistiqu\u00e9e tout en conservant une excellente transmission de la lumi\u00e8re pour un \u00e9clat diffus et confortable. L\u00e9g\u00e8res et r\u00e9sistantes aux chocs, ces feuilles sont faciles \u00e0 travailler et conviennent aux applications int\u00e9rieures et ext\u00e9rieures, ce qui en fait un choix populaire pour les artisans, les designers et les entreprises.<\/div>\n<h3 class=\"heading-3 ace-line old-record-id-ExFofXy1bdsFNtc4hm0cpt0Ynvb\">Caract\u00e9ristiques principales<\/h3>\n<ul class=\"list-bullet1\">\n<li class=\"ace-line ace-line old-record-id-A2oRfws1udvKvdciHe5c0TQcnCh\" data-list=\"bullet\">\n<div>Palette de couleurs douces et att\u00e9nu\u00e9es : Disponible dans les tons classiques de macaron (rose clair, vert menthe, bleu layette, lavande, cr\u00e8me, etc.), faible saturation pour un aspect doux et esth\u00e9tique.<\/div>\n<\/li>\n<li class=\"ace-line ace-line old-record-id-VOpofybr0d5N6wcFJxnctjwUn4b\" data-list=\"bullet\">\n<div>Finition \u00e9l\u00e9gante : surface lisse en satin mat, sans reflet, ajoutant une texture haut de gamme \u00e0 toute application.<\/div>\n<\/li>\n<li class=\"ace-line ace-line old-record-id-DaZNfhAGudmxncc7DxCcywk9nuf\" data-list=\"bullet\">\n<div>Durable et pratique : L\u00e9ger mais incassable, il r\u00e9siste mieux aux chocs que le verre et peut \u00eatre utilis\u00e9 en toute s\u00e9curit\u00e9.<\/div>\n<\/li>\n<li class=\"ace-line ace-line old-record-id-YVIAfI55sdeJh6crHO3cjrjXn1h\" data-list=\"bullet\">\n<div>Facile \u00e0 traiter : Peut \u00eatre facilement coup\u00e9, perc\u00e9, pli\u00e9, poli et coll\u00e9. Convient \u00e0 divers projets de bricolage et professionnels.<\/div>\n<\/li>\n<li class=\"ace-line ace-line old-record-id-SqNFfQLJFdo655cfeyeciGnPnNf\" data-list=\"bullet\">\n<div>R\u00e9sistance aux UV et aux intemp\u00e9ries : r\u00e9siste efficacement aux rayons UV et aux intemp\u00e9ries, ne jaunit pas, ne se d\u00e9colore pas et ne se fissure pas, convient \u00e0 une utilisation int\u00e9rieure et ext\u00e9rieure.<\/div>\n<\/li>\n<li class=\"ace-line ace-line old-record-id-DnP7fgyNodXmDtcXHzpcM5Scntz\" data-list=\"bullet\">\n<div>\u00c9cologique et non toxique : Fabriqu\u00e9 en acrylique PMMA vierge 100%, non toxique, inodore et respectueux de l'environnement, sans danger pour la maison et le commerce.<\/div>\n<\/li>\n<\/ul>\n<h3 class=\"heading-3 ace-line old-record-id-RfB0fGyjVdiNz1cWGhvcyeUYnDg\">Sp\u00e9cifications<\/h3>\n<div>\n<table class=\"ace-table\" style=\"height: 303px\" width=\"1228\" data-ace-table-col-widths=\"200;200\">\n<colgroup>\n<col width=\"200\" \/>\n<col width=\"200\" \/><\/colgroup>\n<thead>\n<tr>\n<th colspan=\"1\" rowspan=\"1\">\n<div class=\"ace-line ace-line old-record-id-LFimfvRszd0Xeic4PvpcvK6Vn6e\">Objet<\/div>\n<\/th>\n<th colspan=\"1\" rowspan=\"1\">\n<div class=\"ace-line ace-line old-record-id-Wti9fpD1cdFs6PcpkNVcUN3Jnic\">D\u00e9tails<\/div>\n<\/th>\n<\/tr>\n<\/thead>\n<tbody>\n<tr>\n<td colspan=\"1\" rowspan=\"1\">\n<div class=\"ace-line ace-line old-record-id-SM9Of1STAdgJXCchvopcPmT1nle\">Mat\u00e9riau<\/div>\n<\/td>\n<td colspan=\"1\" rowspan=\"1\">\n<div class=\"ace-line ace-line old-record-id-X6kofr6afdMch4cHcLxcjRk8nNd\">100% Acrylique vierge PMMA<\/div>\n<\/td>\n<\/tr>\n<tr>\n<td colspan=\"1\" rowspan=\"1\">\n<div class=\"ace-line ace-line old-record-id-XiLLf4KP5dqJpfcyBkscrv1Rnkb\">\u00c9paisseur<\/div>\n<\/td>\n<td colspan=\"1\" rowspan=\"1\">\n<div class=\"ace-line ace-line old-record-id-PGOjfzD67dE7hkcBRUgc97rVnXg\">1mm - 20mm (personnalisable)<\/div>\n<\/td>\n<\/tr>\n<tr>\n<td colspan=\"1\" rowspan=\"1\">\n<div class=\"ace-line ace-line old-record-id-OY1ZfHoE6dynMzcyVfhcJUODnsb\">Tailles standard<\/div>\n<\/td>\n<td colspan=\"1\" rowspan=\"1\">\n<div class=\"ace-line ace-line old-record-id-YSwufOVEndbzXVcQjjncNtgfnGh\">1220x2440mm \/ 865x1977mm (dimensions personnalis\u00e9es disponibles)<\/div>\n<\/td>\n<\/tr>\n<tr>\n<td colspan=\"1\" rowspan=\"1\">\n<div class=\"ace-line ace-line old-record-id-FJGwfVUVgdSTdPcgsJ8cGTlFn5b\">Options de couleur<\/div>\n<\/td>\n<td colspan=\"1\" rowspan=\"1\">\n<div class=\"ace-line ace-line old-record-id-VsGQfafjNdKNWhcTZpZcdRvUnVb\">Rose p\u00e2le, vert menthe, bleu layette, lavande, cr\u00e8me et tons pastel personnalis\u00e9s<\/div>\n<\/td>\n<\/tr>\n<tr>\n<td colspan=\"1\" rowspan=\"1\">\n<div class=\"ace-line ace-line old-record-id-APgnfsIfXdfvcPcoHrdc4QXLn4f\">Finition de la surface<\/div>\n<\/td>\n<td colspan=\"1\" rowspan=\"1\">\n<div class=\"ace-line ace-line old-record-id-YBgCfSkBcdo2OncdK9dcBj49nlf\">Mat \/ Satin<\/div>\n<\/td>\n<\/tr>\n<tr>\n<td colspan=\"1\" rowspan=\"1\">\n<div class=\"ace-line ace-line old-record-id-LUslfPsRbdhPNhcFzYucmVPMnEg\">Transmittance de la lumi\u00e8re<\/div>\n<\/td>\n<td colspan=\"1\" rowspan=\"1\">\n<div class=\"ace-line ace-line old-record-id-A94afcm7ld9iMZcQRbLc27Nunfg\">75% &#8211; 85%<\/div>\n<\/td>\n<\/tr>\n<tr>\n<td colspan=\"1\" rowspan=\"1\">\n<div class=\"ace-line ace-line old-record-id-CZfEfLP58dZnd6cWh8DcuXPJnEe\">Applications<\/div>\n<\/td>\n<td colspan=\"1\" rowspan=\"1\">\n<div class=\"ace-line ace-line old-record-id-A6lEfE9r1dzxqfcO2S7cGG1ynnf\">Bricolage, d\u00e9coration int\u00e9rieure, d\u00e9corations de f\u00eate, papeterie, accents de mobilier, cadres photo, installations artistiques, signalisation<\/div>\n<\/td>\n<\/tr>\n<\/tbody>\n<\/table>\n<\/div>\n<h3 class=\"heading-3 ace-line old-record-id-E2QjfYWANdGdDmcjJcWcNGSynod\">Utilisations id\u00e9ales<\/h3>\n<div class=\"ace-line ace-line old-record-id-MgA4fFtGOdg9Taccrs9c52RKnTd\">Parfait pour la d\u00e9coration int\u00e9rieure (d\u00e9coration murale, incrustation de meubles), l'artisanat et les cadeaux faits \u00e0 la main, les d\u00e9corations de f\u00eates et d'\u00e9v\u00e9nements, les installations artistiques, les pr\u00e9sentoirs et la production de papeterie. Les couleurs pastel douces sont particuli\u00e8rement appr\u00e9ci\u00e9es des jeunes consommateurs et des designers pour cr\u00e9er une atmosph\u00e8re chaleureuse et r\u00eaveuse.<\/div>\n<\/div>","protected":false},"excerpt":{"rendered":"<p>1. Pastel Acrylic Sheet Product Overview Our Pastel Acrylic Sheets feature soft, low-saturation macaron tones that bring a gentle, elegant, and dreamy aesthetic to any&#8230;<\/p>","protected":false},"featured_media":7640,"comment_status":"open","ping_status":"closed","template":"","meta":{"_acf_changed":false,"_seopress_robots_primary_cat":"none","_seopress_titles_title":"","_seopress_titles_desc":"","_seopress_robots_index":"","_gspb_post_css":""},"product_brand":[],"product_cat":[77],"product_tag":[],"class_list":{"0":"post-7637","1":"product","2":"type-product","3":"status-publish","4":"has-post-thumbnail","6":"product_cat-acrylic-sheet","8":"first","9":"instock","10":"shipping-taxable","11":"product-type-simple"},"acf":[],"etheme_brands":{"errors":{"invalid_taxonomy":["Taxonomie non valide."]},"error_data":[]},"_links":{"self":[{"href":"https:\/\/jrtacrylic.com\/fr\/wp-json\/wp\/v2\/product\/7637","targetHints":{"allow":["GET"]}}],"collection":[{"href":"https:\/\/jrtacrylic.com\/fr\/wp-json\/wp\/v2\/product"}],"about":[{"href":"https:\/\/jrtacrylic.com\/fr\/wp-json\/wp\/v2\/types\/product"}],"replies":[{"embeddable":true,"href":"https:\/\/jrtacrylic.com\/fr\/wp-json\/wp\/v2\/comments?post=7637"}],"version-history":[{"count":2,"href":"https:\/\/jrtacrylic.com\/fr\/wp-json\/wp\/v2\/product\/7637\/revisions"}],"predecessor-version":[{"id":7645,"href":"https:\/\/jrtacrylic.com\/fr\/wp-json\/wp\/v2\/product\/7637\/revisions\/7645"}],"wp:featuredmedia":[{"embeddable":true,"href":"https:\/\/jrtacrylic.com\/fr\/wp-json\/wp\/v2\/media\/7640"}],"wp:attachment":[{"href":"https:\/\/jrtacrylic.com\/fr\/wp-json\/wp\/v2\/media?parent=7637"}],"wp:term":[{"taxonomy":"product_brand","embeddable":true,"href":"https:\/\/jrtacrylic.com\/fr\/wp-json\/wp\/v2\/product_brand?post=7637"},{"taxonomy":"product_cat","embeddable":true,"href":"https:\/\/jrtacrylic.com\/fr\/wp-json\/wp\/v2\/product_cat?post=7637"},{"taxonomy":"product_tag","embeddable":true,"href":"https:\/\/jrtacrylic.com\/fr\/wp-json\/wp\/v2\/product_tag?post=7637"}],"curies":[{"name":"wp","href":"https:\/\/api.w.org\/{rel}","templated":true}]}}