{"id":5595,"date":"2025-09-09T15:59:15","date_gmt":"2025-09-09T07:59:15","guid":{"rendered":"https:\/\/jrtacrylic.com\/?post_type=product&#038;p=5595"},"modified":"2026-04-17T16:09:20","modified_gmt":"2026-04-17T08:09:20","slug":"impact-resistant-acrylic-sheet","status":"publish","type":"product","link":"https:\/\/jrtacrylic.com\/pt\/product\/acrylic\/acrylic-sheet\/impact-resistant-acrylic-sheet.html","title":{"rendered":"Folha de acr\u00edlico resistente a impactos"},"content":{"rendered":"<p>A chapa acr\u00edlica resistente ao impacto \u00e9 uma chapa de elevado desempenho produzida atrav\u00e9s da tecnologia de modifica\u00e7\u00e3o de misturas (PMMA e copol\u00edmero de elast\u00f3mero). Oferece 5-10 vezes a resist\u00eancia ao impacto do acr\u00edlico normal (resist\u00eancia ao impacto entalhado Izod \u226515kJ\/m\u00b2), aproximando-se da chapa de PC, mantendo as excelentes propriedades \u00f3pticas do acr\u00edlico (transmit\u00e2ncia da luz 89-91%). Com uma dureza superficial de 2H, uma gama de espessuras de 3 mm a 25 mm e um tamanho normalizado de 1220 \u00d7 2440 mm, \u00e9 adequado para aplica\u00e7\u00f5es que exigem elevada seguran\u00e7a.<\/p>\n<h2>Carater\u00edsticas principais<\/h2>\n<ul>\n<li><strong>Resist\u00eancia ao impacto ultra-elevada<\/strong>: Resist\u00eancia ao impacto Izod com entalhe 15-25kJ\/m\u00b2, teste de impacto de queda de bola (1kg@1m) sem rutura<\/li>\n<li><strong>Desempenho \u00f3tico<\/strong>: Transmit\u00e2ncia da luz 89-91%, nebulosidade &lt;2%, distor\u00e7\u00e3o \u00f3tica &lt;0,5%<\/li>\n<li><strong>Resist\u00eancia \u00e0s intemp\u00e9ries<\/strong>: Temperatura de funcionamento -40\u2103 a 90\u2103, estabilizador UV adicionado, amarelecimento exterior de 5 anos \u0394E&lt;3<\/li>\n<li><strong>Desempenho de processamento<\/strong>: Termoform\u00e1vel (150-170\u2103), corte a laser, maquinagem CNC, superf\u00edcie imprim\u00edvel<\/li>\n<li><strong>Carater\u00edsticas de seguran\u00e7a<\/strong>: Parte-se em fragmentos obtusos sem arestas vivas, cumpre as normas de vidro de seguran\u00e7a para arquitetura<\/li>\n<li><strong>Estabilidade qu\u00edmica<\/strong>: Resistente a \u00e1cidos dilu\u00eddos, \u00e1lcalis, \u00e1lcool, antipolui\u00e7\u00e3o, f\u00e1cil de limpar<\/li>\n<\/ul>\n<h2>Cen\u00e1rios de aplica\u00e7\u00e3o<\/h2>\n<h3>Prote\u00e7\u00e3o de seguran\u00e7a<\/h3>\n<ul>\n<li><strong>Vidros de seguran\u00e7a<\/strong>: Balc\u00f5es de bancos, vitrinas de joalharias, vitrinas de museus<\/li>\n<li><strong>Protectores de m\u00e1quinas<\/strong>: Pain\u00e9is de prote\u00e7\u00e3o de equipamentos industriais, isolamento de postos de trabalho de rob\u00f4s<\/li>\n<li><strong>Transporte<\/strong>: Portas de ecr\u00e3 de plataformas de metro, janelas de comboios de alta velocidade, para-brisas de iates<\/li>\n<\/ul>\n<h3>Arquitetura e espa\u00e7os p\u00fablicos<\/h3>\n<ul>\n<li><strong>Arquitet\u00f3nico<\/strong>: Cortinas de vidro, clarab\u00f3ias, corrim\u00f5es de escadas<\/li>\n<li><strong>\u00c1reas p\u00fablicas<\/strong>: Zonas de seguran\u00e7a dos aeroportos, bancadas de est\u00e1dios, instala\u00e7\u00f5es de parques de divers\u00f5es<\/li>\n<li><strong>Estabelecimentos de ensino<\/strong>: Janelas de escolas, divis\u00f3rias de laborat\u00f3rios, barreiras de prote\u00e7\u00e3o<\/li>\n<\/ul>\n<h3>Ambientes especiais<\/h3>\n<ul>\n<li><strong>Ambientes extremos<\/strong>: Esta\u00e7\u00f5es de investiga\u00e7\u00e3o polares, instala\u00e7\u00f5es no deserto, edif\u00edcios costeiros<\/li>\n<li><strong>Zonas de tr\u00e1fego intenso<\/strong>: Portas autom\u00e1ticas de centros comerciais, corredores de hospitais, plataformas de metro<\/li>\n<li><strong>Instala\u00e7\u00f5es desportivas<\/strong>: Barreiras para pistas de gelo, veda\u00e7\u00f5es para campos de t\u00e9nis, clarab\u00f3ias para piscinas<\/li>\n<\/ul>\n<h2>Par\u00e2metros t\u00e9cnicos<\/h2>\n<table width=\"0%\">\n<tbody>\n<tr>\n<td>\u00cdndice de desempenho<\/td>\n<td>M\u00e9todo de ensaio<\/td>\n<td>Intervalo de valores<\/td>\n<\/tr>\n<tr>\n<td>Densidade<\/td>\n<td>ASTM D792<\/td>\n<td>1,18-1,20 g\/cm\u00b3<\/td>\n<\/tr>\n<tr>\n<td>Transmiss\u00e3o de luz<\/td>\n<td>ASTM D1003<\/td>\n<td>89-91%<\/td>\n<\/tr>\n<tr>\n<td>Resist\u00eancia ao impacto Izod (entalhado)<\/td>\n<td>ASTM D256<\/td>\n<td>15-25 kJ\/m\u00b2<\/td>\n<\/tr>\n<tr>\n<td>Resist\u00eancia \u00e0 tra\u00e7\u00e3o<\/td>\n<td>ASTM D638<\/td>\n<td>55-65 MPa<\/td>\n<\/tr>\n<tr>\n<td>Resist\u00eancia \u00e0 flex\u00e3o<\/td>\n<td>ASTM D790<\/td>\n<td>80-95 MPa<\/td>\n<\/tr>\n<tr>\n<td>Temperatura de distor\u00e7\u00e3o t\u00e9rmica<\/td>\n<td>ASTM D648<\/td>\n<td>85-90\u2103<\/td>\n<\/tr>\n<tr>\n<td>Ponto de amolecimento Vicat<\/td>\n<td>ASTM D1525<\/td>\n<td>95-100\u2103<\/td>\n<\/tr>\n<tr>\n<td>Dureza do l\u00e1pis<\/td>\n<td>ASTM D3363<\/td>\n<td>2H<\/td>\n<\/tr>\n<\/tbody>\n<\/table>\n<h2>Diretrizes de processamento<\/h2>\n<ul>\n<li><strong>Ferramentas de corte<\/strong>: L\u00e2minas de a\u00e7o de alta velocidade (100-120 dentes), corte a laser (pot\u00eancia 100-150W)<\/li>\n<li><strong>Termoformagem<\/strong>: Temperatura de aquecimento 150-170 \u2103, tempo de espera 3-5 minutos \/ mm de espessura<\/li>\n<li><strong>Tratamento de bordos<\/strong>: Polimento por chama (temperatura 2000-2500 \u2103), evitar o sobreaquecimento causando descolora\u00e7\u00e3o<\/li>\n<li><strong>M\u00e9todos de liga\u00e7\u00e3o<\/strong>: Fixa\u00e7\u00e3o mec\u00e2nica (parafusos de a\u00e7o inoxid\u00e1vel + anilhas), colagem estrutural com adesivo (adesivo de poliuretano)<\/li>\n<li><strong>Tratamento de superf\u00edcie<\/strong>: Imprim\u00edvel (tintas UV), revestido (revestimento anti-riscos)<\/li>\n<\/ul>\n<h2>Especifica\u00e7\u00f5es do produto<\/h2>\n<table width=\"0%\">\n<tbody>\n<tr>\n<td>Espessura<\/td>\n<td>Tamanho padr\u00e3o<\/td>\n<td>N\u00edvel de resist\u00eancia ao impacto<\/td>\n<td>Aplica\u00e7\u00e3o recomendada<\/td>\n<\/tr>\n<tr>\n<td>3-6mm<\/td>\n<td>1220\u00d72440mm<\/td>\n<td>5\u00d7 acr\u00edlico normal<\/td>\n<td>Barreiras de prote\u00e7\u00e3o<\/td>\n<\/tr>\n<tr>\n<td>8-12mm<\/td>\n<td>1220\u00d72440mm<\/td>\n<td>8\u00d7 acr\u00edlico normal<\/td>\n<td>Vidro de seguran\u00e7a<\/td>\n<\/tr>\n<tr>\n<td>15-20mm<\/td>\n<td>2000\u00d73000mm<\/td>\n<td>10\u00d7 acr\u00edlico normal<\/td>\n<td>Protec\u00e7\u00f5es de m\u00e1quinas<\/td>\n<\/tr>\n<tr>\n<td>25 mm<\/td>\n<td>2000\u00d73000mm<\/td>\n<td>12\u00d7 acr\u00edlico normal<\/td>\n<td>Aplica\u00e7\u00f5es \u00e0 prova de bala<\/td>\n<\/tr>\n<\/tbody>\n<\/table>\n<p>&nbsp;<\/p>","protected":false},"excerpt":{"rendered":"<p>A chapa acr\u00edlica resistente ao impacto \u00e9 uma chapa de elevado desempenho produzida atrav\u00e9s da tecnologia de modifica\u00e7\u00e3o de misturas (PMMA e copol\u00edmero de elast\u00f3mero). Oferece 5-10 vezes a resist\u00eancia ao impacto do acr\u00edlico normal (resist\u00eancia ao impacto entalhado Izod \u226515kJ\/m\u00b2), aproximando-se da chapa de PC, mantendo as excelentes propriedades \u00f3pticas do acr\u00edlico (transmit\u00e2ncia da luz 89-91%). Com uma dureza superficial de 2H, uma gama de espessuras de 3 mm a 25 mm e um tamanho normalizado de 1220 \u00d7 2440 mm, \u00e9 adequado para aplica\u00e7\u00f5es que exigem elevada seguran\u00e7a.<\/p>","protected":false},"featured_media":7510,"comment_status":"closed","ping_status":"closed","template":"","meta":{"_acf_changed":false,"_seopress_robots_primary_cat":"none","_seopress_titles_title":"","_seopress_titles_desc":"Our impact-resistant acrylic sheets protect against physical damage, ideal for high-impact environments and security applications.","_seopress_robots_index":"","_gspb_post_css":""},"product_brand":[],"product_cat":[77],"product_tag":[],"class_list":{"0":"post-5595","1":"product","2":"type-product","3":"status-publish","4":"has-post-thumbnail","6":"product_cat-acrylic-sheet","8":"first","9":"instock","10":"shipping-taxable","11":"product-type-simple"},"acf":[],"etheme_brands":{"errors":{"invalid_taxonomy":["Taxonomia inv\u00e1lida."]},"error_data":[]},"_links":{"self":[{"href":"https:\/\/jrtacrylic.com\/pt\/wp-json\/wp\/v2\/product\/5595","targetHints":{"allow":["GET"]}}],"collection":[{"href":"https:\/\/jrtacrylic.com\/pt\/wp-json\/wp\/v2\/product"}],"about":[{"href":"https:\/\/jrtacrylic.com\/pt\/wp-json\/wp\/v2\/types\/product"}],"replies":[{"embeddable":true,"href":"https:\/\/jrtacrylic.com\/pt\/wp-json\/wp\/v2\/comments?post=5595"}],"version-history":[{"count":0,"href":"https:\/\/jrtacrylic.com\/pt\/wp-json\/wp\/v2\/product\/5595\/revisions"}],"wp:featuredmedia":[{"embeddable":true,"href":"https:\/\/jrtacrylic.com\/pt\/wp-json\/wp\/v2\/media\/7510"}],"wp:attachment":[{"href":"https:\/\/jrtacrylic.com\/pt\/wp-json\/wp\/v2\/media?parent=5595"}],"wp:term":[{"taxonomy":"product_brand","embeddable":true,"href":"https:\/\/jrtacrylic.com\/pt\/wp-json\/wp\/v2\/product_brand?post=5595"},{"taxonomy":"product_cat","embeddable":true,"href":"https:\/\/jrtacrylic.com\/pt\/wp-json\/wp\/v2\/product_cat?post=5595"},{"taxonomy":"product_tag","embeddable":true,"href":"https:\/\/jrtacrylic.com\/pt\/wp-json\/wp\/v2\/product_tag?post=5595"}],"curies":[{"name":"wp","href":"https:\/\/api.w.org\/{rel}","templated":true}]}}