{"id":5636,"date":"2025-09-09T16:31:58","date_gmt":"2025-09-09T08:31:58","guid":{"rendered":"https:\/\/jrtacrylic.com\/?post_type=product&#038;p=5636"},"modified":"2026-04-20T17:01:10","modified_gmt":"2026-04-20T09:01:10","slug":"bathroom-acrylic-sheet","status":"publish","type":"product","link":"https:\/\/jrtacrylic.com\/pt\/product\/acrylic\/acrylic-sheet\/bathroom-acrylic-sheet.html","title":{"rendered":"Folha de acr\u00edlico para casa de banho"},"content":{"rendered":"<p>Casa de banho <a class=\"wpil_keyword_link\" title=\"Folha de acr\u00edlico\" href=\"https:\/\/jrtacrylic.com\/product\/acrylic\/acrylic-sheet\" data-wpil-keyword-link=\"linked\" data-wpil-monitor-id=\"44\">Folha de acr\u00edlico<\/a> \u00e9 um material de alto desempenho especialmente desenvolvido para ambientes h\u00famidos. Adopta uma estrutura composta de PMMA\/ABS, integrando a tecnologia antibacteriana de i\u00f5es de prata e o design \u00e0 prova de \u00e1gua 100% para obter a combina\u00e7\u00e3o perfeita de antibacteriano, limpeza f\u00e1cil e durabilidade. Apesar da sua espessura ultrafina de 4 mm, possui uma resist\u00eancia ao impacto 10 vezes superior \u00e0 do vidro. A superf\u00edcie \u00e9 submetida a um tratamento de cura UV para garantir que n\u00e3o amarelece durante 15 anos, o que a torna uma solu\u00e7\u00e3o ideal para espa\u00e7os de banho modernos.<\/p>\n<h4>Carater\u00edsticas principais<\/h4>\n<ul>\n<li>Imperme\u00e1vel e antibacteriano: Estrutura n\u00e3o porosa 100% (absor\u00e7\u00e3o de \u00e1gua 99% contra Escherichia coli\/Staphylococcus aureus - Propriedades Mec\u00e2nicas: Resist\u00eancia \u00e0 tra\u00e7\u00e3o 51-80 MPa, alongamento na rutura 160%, dureza Rockwell R 124, resist\u00eancia ao impacto 213 J\/m - Carater\u00edsticas da superf\u00edcie: Brilho espelhado &gt;90 GU, f\u00e1cil de limpar (taxa de res\u00edduos de manchas &lt;0,5%), resist\u00eancia qu\u00edmica (sem altera\u00e7\u00e3o ap\u00f3s 500 horas de imers\u00e3o em champ\u00f4\/gel de banho) - Sa\u00fade Ambiental: Em conformidade com as normas da FDA para contacto com alimentos, emiss\u00f5es de COV &lt;12g\/L, certifica\u00e7\u00e3o LEED para edif\u00edcios verdes<\/li>\n<\/ul>\n<h4>Cen\u00e1rios de aplica\u00e7\u00e3o<\/h4>\n<ol>\n<li>Sistemas de duche: Divis\u00f3rias de duche integradas, bases de duche, pain\u00e9is de parede \u00e0 prova de \u00e1gua<\/li>\n<li>Lou\u00e7a sanit\u00e1ria: banheiras em acr\u00edlico, bancadas de lavat\u00f3rio, pain\u00e9is de arm\u00e1rios de espelhos de casa de banho<\/li>\n<li>Decora\u00e7\u00e3o de paredes: Paredes de casa de banho, cinturas \u00e0 prova de \u00e1gua, tectos integrados<\/li>\n<li>\u00c1reas especiais: Paredes interiores da sala de sauna, janelas de observa\u00e7\u00e3o da sala de vapor, decora\u00e7\u00e3o \u00e0 beira da piscina<\/li>\n<\/ol>\n<h4>Par\u00e2metros t\u00e9cnicos<\/h4>\n<table width=\"0%\">\n<tbody>\n<tr>\n<td>Par\u00e2metro<\/td>\n<td>Norma de ensaio<\/td>\n<td>Valor<\/td>\n<\/tr>\n<tr>\n<td>Gama de espessuras<\/td>\n<td>&#8211;<\/td>\n<td>2-20mm<\/td>\n<\/tr>\n<tr>\n<td>Tamanho padr\u00e3o<\/td>\n<td>&#8211;<\/td>\n<td>1220\u00d72440mm<\/td>\n<\/tr>\n<tr>\n<td>Transmiss\u00e3o de luz<\/td>\n<td>ASTM D1003<\/td>\n<td>94%<\/td>\n<\/tr>\n<tr>\n<td>Resist\u00eancia \u00e0 flex\u00e3o<\/td>\n<td>ASTM D790<\/td>\n<td>67 MPa<\/td>\n<\/tr>\n<tr>\n<td>Temperatura de distor\u00e7\u00e3o t\u00e9rmica<\/td>\n<td>ISO 75<\/td>\n<td>105\u2103<\/td>\n<\/tr>\n<tr>\n<td>Classifica\u00e7\u00e3o de resist\u00eancia \u00e0s intemp\u00e9ries<\/td>\n<td>ASTM G154<\/td>\n<td>5000 horas sem calcina\u00e7\u00e3o<\/td>\n<\/tr>\n<\/tbody>\n<\/table>\n<h4>Instala\u00e7\u00e3o e manuten\u00e7\u00e3o<\/h4>\n<ul>\n<li>Sistema de instala\u00e7\u00e3o: Adotar um design de bot\u00e3o de press\u00e3o oculto, selar as juntas com selante de silicone neutro, recomenda-se uma junta de expans\u00e3o de 3 mm - Solu\u00e7\u00e3o de limpeza: Limpeza di\u00e1ria com um pano ligeiramente h\u00famido; as manchas mais dif\u00edceis podem ser tratadas com uma solu\u00e7\u00e3o de per\u00f3xido de hidrog\u00e9nio 3% - Ciclo de manuten\u00e7\u00e3o: Tratar com um agente de polimento especial uma vez por ano para restaurar o brilho da superf\u00edcie<\/li>\n<\/ul>\n<h4>Vantagens do produto<\/h4>\n<ol>\n<li>Desempenho de seguran\u00e7a: Parte-se em fragmentos obtusos sem arestas vivas, com certifica\u00e7\u00e3o de seguran\u00e7a CE<\/li>\n<li>Flexibilidade de design: Suporta impress\u00e3o digital para padr\u00f5es personalizados, pode simular texturas naturais como m\u00e1rmore\/gr\u00e3o de madeira<\/li>\n<li>Vantagem em termos de custos: custo de instala\u00e7\u00e3o 40% inferior ao da pedra, redu\u00e7\u00e3o de 65% nos custos de manuten\u00e7\u00e3o durante o ciclo de vida<\/li>\n<li>Sustentabilidade: 100% recicl\u00e1veis, consumo de energia na produ\u00e7\u00e3o 72% inferior ao do vidro<\/li>\n<\/ol>","protected":false},"excerpt":{"rendered":"<p>Casa de banho <a class=\"wpil_keyword_link\" title=\"Folha de acr\u00edlico\" href=\"https:\/\/jrtacrylic.com\/product\/acrylic\/acrylic-sheet\" data-wpil-keyword-link=\"linked\" data-wpil-monitor-id=\"45\">Folha de acr\u00edlico<\/a> \u00e9 um material de alto desempenho especialmente desenvolvido para ambientes h\u00famidos. Adopta uma estrutura composta de PMMA\/ABS, integrando a tecnologia antibacteriana de i\u00f5es de prata e o design \u00e0 prova de \u00e1gua 100% para obter a combina\u00e7\u00e3o perfeita de antibacteriano, limpeza f\u00e1cil e durabilidade. Apesar da sua espessura ultrafina de 4 mm, possui uma resist\u00eancia ao impacto 10 vezes superior \u00e0 do vidro. A superf\u00edcie \u00e9 submetida a um tratamento de cura UV para garantir que n\u00e3o amarelece durante 15 anos, o que a torna uma solu\u00e7\u00e3o ideal para espa\u00e7os de banho modernos.<\/p>","protected":false},"featured_media":7554,"comment_status":"closed","ping_status":"closed","template":"","meta":{"_acf_changed":false,"_seopress_robots_primary_cat":"none","_seopress_titles_title":"","_seopress_titles_desc":"Our eco-friendly bathroom acrylic sheets are designed for sustainability. Perfect for durable, energy-efficient bathtubs and showers, with easy maintenance.","_seopress_robots_index":"","_gspb_post_css":""},"product_brand":[],"product_cat":[77],"product_tag":[],"class_list":{"0":"post-5636","1":"product","2":"type-product","3":"status-publish","4":"has-post-thumbnail","6":"product_cat-acrylic-sheet","8":"first","9":"instock","10":"shipping-taxable","11":"product-type-simple"},"acf":[],"etheme_brands":{"errors":{"invalid_taxonomy":["Taxonomia inv\u00e1lida."]},"error_data":[]},"_links":{"self":[{"href":"https:\/\/jrtacrylic.com\/pt\/wp-json\/wp\/v2\/product\/5636","targetHints":{"allow":["GET"]}}],"collection":[{"href":"https:\/\/jrtacrylic.com\/pt\/wp-json\/wp\/v2\/product"}],"about":[{"href":"https:\/\/jrtacrylic.com\/pt\/wp-json\/wp\/v2\/types\/product"}],"replies":[{"embeddable":true,"href":"https:\/\/jrtacrylic.com\/pt\/wp-json\/wp\/v2\/comments?post=5636"}],"version-history":[{"count":1,"href":"https:\/\/jrtacrylic.com\/pt\/wp-json\/wp\/v2\/product\/5636\/revisions"}],"predecessor-version":[{"id":7558,"href":"https:\/\/jrtacrylic.com\/pt\/wp-json\/wp\/v2\/product\/5636\/revisions\/7558"}],"wp:featuredmedia":[{"embeddable":true,"href":"https:\/\/jrtacrylic.com\/pt\/wp-json\/wp\/v2\/media\/7554"}],"wp:attachment":[{"href":"https:\/\/jrtacrylic.com\/pt\/wp-json\/wp\/v2\/media?parent=5636"}],"wp:term":[{"taxonomy":"product_brand","embeddable":true,"href":"https:\/\/jrtacrylic.com\/pt\/wp-json\/wp\/v2\/product_brand?post=5636"},{"taxonomy":"product_cat","embeddable":true,"href":"https:\/\/jrtacrylic.com\/pt\/wp-json\/wp\/v2\/product_cat?post=5636"},{"taxonomy":"product_tag","embeddable":true,"href":"https:\/\/jrtacrylic.com\/pt\/wp-json\/wp\/v2\/product_tag?post=5636"}],"curies":[{"name":"wp","href":"https:\/\/api.w.org\/{rel}","templated":true}]}}