{"id":5653,"date":"2025-09-09T16:38:55","date_gmt":"2025-09-09T08:38:55","guid":{"rendered":"https:\/\/jrtacrylic.com\/?post_type=product&#038;p=5653"},"modified":"2026-04-20T16:22:10","modified_gmt":"2026-04-20T08:22:10","slug":"sound-barrier-acrylic-sheet-2","status":"publish","type":"product","link":"https:\/\/jrtacrylic.com\/pt\/product\/acrylic\/acrylic-sheet\/sound-barrier-acrylic-sheet-2.html","title":{"rendered":"Folha de acr\u00edlico com barreira ac\u00fastica"},"content":{"rendered":"<p>Barreira ac\u00fastica <a class=\"wpil_keyword_link\" title=\"Folha de acr\u00edlico\" href=\"https:\/\/jrtacrylic.com\/product\/acrylic\/acrylic-sheet\" data-wpil-keyword-link=\"linked\" data-wpil-monitor-id=\"46\">Folha de acr\u00edlico<\/a> \u00e9 uma folha de pl\u00e1stico de engenharia especial que integra redu\u00e7\u00e3o de ru\u00eddo ac\u00fastico, transpar\u00eancia visual e seguran\u00e7a estrutural. Fabricada utilizando um processo de coextrus\u00e3o multicamadas, cont\u00e9m camadas especiais de amortecimento ac\u00fastico e um design microestruturado da superf\u00edcie, alcan\u00e7ando um efeito de redu\u00e7\u00e3o de ru\u00eddo de 30-35 dB e uma transmit\u00e2ncia de luz superior a 90%. Em compara\u00e7\u00e3o com as barreiras ac\u00fasticas tradicionais de bet\u00e3o, reduz o peso em mais de 60% e o custo de instala\u00e7\u00e3o em 40%, tornando-a uma solu\u00e7\u00e3o inovadora para o controlo do ru\u00eddo do tr\u00e1fego urbano.<\/p>\n<h2>Carater\u00edsticas principais<\/h2>\n<ul>\n<li><strong>Desempenho ac\u00fastico<\/strong>: Isolamento do som a\u00e9reo 30-35dB (100-5000Hz)<\/li>\n<li><strong>Transmiss\u00e3o de luz<\/strong>85%-92%, mantendo a transpar\u00eancia visual<\/li>\n<li><strong>Resist\u00eancia estrutural<\/strong>: Resist\u00eancia ao impacto \u226515kJ\/m\u00b2, capaz de resistir ao tuf\u00e3o de n\u00edvel 12<\/li>\n<li><strong>Resist\u00eancia \u00e0s intemp\u00e9ries<\/strong>: Opera\u00e7\u00e3o est\u00e1vel em -40 \u2103 ~ 80 \u2103 faixa de temperatura, prote\u00e7\u00e3o UV sem amarelecimento por 5 anos<\/li>\n<li><strong>Projeto de preven\u00e7\u00e3o de colis\u00e3o com aves<\/strong>: Linhas horizontais pretas na superf\u00edcie, que proporcionam um aviso visual e um efeito decorativo<\/li>\n<li><strong>Leve<\/strong>: Densidade 1,2kg\/m\u00b2-mm, apenas 50% de peso de vidro<\/li>\n<\/ul>\n<h2>Cen\u00e1rios de aplica\u00e7\u00e3o<\/h2>\n<h3>Dom\u00ednio dos transportes<\/h3>\n<ul>\n<li><strong>Auto-estradas<\/strong>: Barreiras ac\u00fasticas em ambos os lados, barreiras ac\u00fasticas na ponte<\/li>\n<li><strong>Tr\u00e2nsito ferrovi\u00e1rio urbano<\/strong>: Barreiras ac\u00fasticas ao longo das linhas de metro e de metropolitano ligeiro<\/li>\n<li><strong>Instala\u00e7\u00f5es aeroportu\u00e1rias<\/strong>: Barreiras ac\u00fasticas \u00e0 volta das pistas dos aeroportos, muros de redu\u00e7\u00e3o do ru\u00eddo nos terminais<\/li>\n<\/ul>\n<h3>Constru\u00e7\u00e3o e sectores industriais<\/h3>\n<ul>\n<li><strong>Isolamento ac\u00fastico de edif\u00edcios<\/strong>: Janelas com isolamento ac\u00fastico para hospitais, escolas, zonas residenciais<\/li>\n<li><strong>Redu\u00e7\u00e3o do ru\u00eddo industrial<\/strong>: Barreiras ac\u00fasticas para oficinas de f\u00e1brica, caixas de isolamento ac\u00fastico de equipamentos<\/li>\n<li><strong>\u00c1reas comerciais<\/strong>: Barreiras ac\u00fasticas para bares e KTVs ao ar livre<\/li>\n<\/ul>\n<h3>Cen\u00e1rios especiais<\/h3>\n<ul>\n<li><strong>Est\u00e1dios<\/strong>: Barreiras ac\u00fasticas para stands, controlo do ru\u00eddo de eventos<\/li>\n<li><strong>Estaleiros de constru\u00e7\u00e3o<\/strong>: Veda\u00e7\u00f5es tempor\u00e1rias de isolamento ac\u00fastico, barreiras de redu\u00e7\u00e3o do ru\u00eddo de crava\u00e7\u00e3o de estacas<\/li>\n<li><strong>Esta\u00e7\u00f5es de energia<\/strong>: Turbinas a g\u00e1s, barreiras ac\u00fasticas para ventiladores<\/li>\n<\/ul>\n<h2>Par\u00e2metros t\u00e9cnicos<\/h2>\n<table width=\"0%\">\n<tbody>\n<tr>\n<td>Par\u00e2metro<\/td>\n<td>Valor<\/td>\n<\/tr>\n<tr>\n<td>Gama de espessuras<\/td>\n<td>10mm-25mm<\/td>\n<\/tr>\n<tr>\n<td>Tamanho padr\u00e3o<\/td>\n<td>2440\u00d71220mm, 3000\u00d71500mm<\/td>\n<\/tr>\n<tr>\n<td>Redu\u00e7\u00e3o de ru\u00eddo<\/td>\n<td>30-35dB(A)<\/td>\n<\/tr>\n<tr>\n<td>Transmiss\u00e3o de luz<\/td>\n<td>\u226585%<\/td>\n<\/tr>\n<tr>\n<td>Resist\u00eancia \u00e0 press\u00e3o do vento<\/td>\n<td>\u22652400Pa<\/td>\n<\/tr>\n<tr>\n<td>Classifica\u00e7\u00e3o de fogo<\/td>\n<td>UL94 V-0<\/td>\n<\/tr>\n<tr>\n<td>Vida \u00fatil<\/td>\n<td>15 anos (exterior)<\/td>\n<\/tr>\n<\/tbody>\n<\/table>\n<h2>Sistema de instala\u00e7\u00e3o<\/h2>\n<ul>\n<li><strong>Estrutura de apoio<\/strong>: Estrutura em liga de alum\u00ednio ou estrutura em a\u00e7o<\/li>\n<li><strong>M\u00e9todo de liga\u00e7\u00e3o<\/strong>: Tiras el\u00e1sticas de veda\u00e7\u00e3o + fixa\u00e7\u00e3o mec\u00e2nica<\/li>\n<li><strong>Projeto de drenagem<\/strong>: Ranhuras de drenagem reservadas entre os pain\u00e9is para evitar a acumula\u00e7\u00e3o de \u00e1gua<\/li>\n<li><strong>Desempenho s\u00edsmico<\/strong>: Capaz de resistir a um terramoto de magnitude 6<\/li>\n<\/ul>\n<h2>Vantagens do produto<\/h2>\n<ul>\n<li><strong>Benef\u00edcios ambientais<\/strong>: Reduz o ru\u00eddo do tr\u00e1fego em 10-15 decib\u00e9is, melhorando a qualidade de vida dos residentes nas imedia\u00e7\u00f5es<\/li>\n<li><strong>Integra\u00e7\u00e3o paisag\u00edstica<\/strong>: A conce\u00e7\u00e3o transparente reduz a obstru\u00e7\u00e3o visual, mantendo a continuidade da paisagem urbana<\/li>\n<li><strong>Instala\u00e7\u00e3o r\u00e1pida<\/strong>: Conce\u00e7\u00e3o modular, efic\u00e1cia de instala\u00e7\u00e3o 3 vezes superior \u00e0 das barreiras tradicionais<\/li>\n<li><strong>Baixo custo de manuten\u00e7\u00e3o<\/strong>: Design sem manuten\u00e7\u00e3o, f\u00e1cil de limpar, baixo custo de ciclo de vida<\/li>\n<\/ul>","protected":false},"excerpt":{"rendered":"<p>Barreira ac\u00fastica <a class=\"wpil_keyword_link\" title=\"Folha de acr\u00edlico\" href=\"https:\/\/jrtacrylic.com\/product\/acrylic\/acrylic-sheet\" data-wpil-keyword-link=\"linked\" data-wpil-monitor-id=\"47\">Folha de acr\u00edlico<\/a> \u00e9 uma folha de pl\u00e1stico de engenharia especial que integra redu\u00e7\u00e3o de ru\u00eddo ac\u00fastico, transpar\u00eancia visual e seguran\u00e7a estrutural. Fabricada utilizando um processo de coextrus\u00e3o multicamadas, cont\u00e9m camadas especiais de amortecimento ac\u00fastico e um design microestruturado da superf\u00edcie, alcan\u00e7ando um efeito de redu\u00e7\u00e3o de ru\u00eddo de 30-35 dB e uma transmit\u00e2ncia de luz superior a 90%. Em compara\u00e7\u00e3o com as barreiras ac\u00fasticas tradicionais de bet\u00e3o, reduz o peso em mais de 60% e o custo de instala\u00e7\u00e3o em 40%, tornando-a uma solu\u00e7\u00e3o inovadora para o controlo do ru\u00eddo do tr\u00e1fego urbano.<\/p>","protected":false},"featured_media":7541,"comment_status":"closed","ping_status":"closed","template":"","meta":{"_acf_changed":false,"_seopress_robots_primary_cat":"none","_seopress_titles_title":"","_seopress_titles_desc":"Our noise-reducing acrylic sheets create effective sound barriers in noisy environments. Ideal for urban, industrial, and transportation applications.","_seopress_robots_index":"","_gspb_post_css":""},"product_brand":[],"product_cat":[77],"product_tag":[],"class_list":{"0":"post-5653","1":"product","2":"type-product","3":"status-publish","4":"has-post-thumbnail","6":"product_cat-acrylic-sheet","8":"first","9":"instock","10":"shipping-taxable","11":"product-type-simple"},"acf":[],"etheme_brands":{"errors":{"invalid_taxonomy":["Taxonomia inv\u00e1lida."]},"error_data":[]},"_links":{"self":[{"href":"https:\/\/jrtacrylic.com\/pt\/wp-json\/wp\/v2\/product\/5653","targetHints":{"allow":["GET"]}}],"collection":[{"href":"https:\/\/jrtacrylic.com\/pt\/wp-json\/wp\/v2\/product"}],"about":[{"href":"https:\/\/jrtacrylic.com\/pt\/wp-json\/wp\/v2\/types\/product"}],"replies":[{"embeddable":true,"href":"https:\/\/jrtacrylic.com\/pt\/wp-json\/wp\/v2\/comments?post=5653"}],"version-history":[{"count":1,"href":"https:\/\/jrtacrylic.com\/pt\/wp-json\/wp\/v2\/product\/5653\/revisions"}],"predecessor-version":[{"id":7542,"href":"https:\/\/jrtacrylic.com\/pt\/wp-json\/wp\/v2\/product\/5653\/revisions\/7542"}],"wp:featuredmedia":[{"embeddable":true,"href":"https:\/\/jrtacrylic.com\/pt\/wp-json\/wp\/v2\/media\/7541"}],"wp:attachment":[{"href":"https:\/\/jrtacrylic.com\/pt\/wp-json\/wp\/v2\/media?parent=5653"}],"wp:term":[{"taxonomy":"product_brand","embeddable":true,"href":"https:\/\/jrtacrylic.com\/pt\/wp-json\/wp\/v2\/product_brand?post=5653"},{"taxonomy":"product_cat","embeddable":true,"href":"https:\/\/jrtacrylic.com\/pt\/wp-json\/wp\/v2\/product_cat?post=5653"},{"taxonomy":"product_tag","embeddable":true,"href":"https:\/\/jrtacrylic.com\/pt\/wp-json\/wp\/v2\/product_tag?post=5653"}],"curies":[{"name":"wp","href":"https:\/\/api.w.org\/{rel}","templated":true}]}}