{"id":5661,"date":"2025-09-09T16:47:47","date_gmt":"2025-09-09T08:47:47","guid":{"rendered":"https:\/\/jrtacrylic.com\/?post_type=product&#038;p=5661"},"modified":"2026-04-16T16:56:43","modified_gmt":"2026-04-16T08:56:43","slug":"special-thick-acrylic-sheet","status":"publish","type":"product","link":"https:\/\/jrtacrylic.com\/pt\/product\/acrylic\/acrylic-sheet\/special-thick-acrylic-sheet.html","title":{"rendered":"Folha de acr\u00edlico espesso especial"},"content":{"rendered":"<p>Espesso especial <a class=\"wpil_keyword_link\" title=\"Folha de acr\u00edlico\" href=\"https:\/\/jrtacrylic.com\/product\/acrylic\/acrylic-sheet\" data-wpil-keyword-link=\"linked\" data-wpil-monitor-id=\"48\">Folha de acr\u00edlico<\/a> \u00c9 um material altamente transparente feito de PMMA (polimetilmetacrilato) de grau \u00f3ptico 100% atrav\u00e9s de processos de fundi\u00e7\u00e3o ou extrus\u00e3o. Oferece 92% de transmit\u00e2ncia de luz, compar\u00e1vel ao vidro \u00f3ptico, mas proporciona 17 vezes a resist\u00eancia ao impacto e 50% de vantagem em peso em rela\u00e7\u00e3o ao vidro. A superf\u00edcie \u00e9 submetida a um polimento de precis\u00e3o com valor Ra \u22640,02\u03bcm, alcan\u00e7ando um acabamento espelhado. O tamanho padr\u00e3o \u00e9 1220\u00d72440mm com espessura variando de 1mm a 50mm, suportando corte personalizado, tornando-o um material ideal para substitui\u00e7\u00e3o do vidro.<\/p>\n<h2>Carater\u00edsticas principais<\/h2>\n<ul>\n<li><strong>Desempenho \u00f3tico superior<\/strong>: 92% transmit\u00e2ncia da luz vis\u00edvel, neblina &lt;1%, sem distor\u00e7\u00e3o \u00f3tica<\/li>\n<li><strong>Resist\u00eancia mec\u00e2nica<\/strong>: Resist\u00eancia ao impacto 16kJ\/m\u00b2, resist\u00eancia \u00e0 tra\u00e7\u00e3o 65MPa, resist\u00eancia \u00e0 flex\u00e3o 90MPa<\/li>\n<li><strong>Resist\u00eancia \u00e0s intemp\u00e9ries<\/strong>: Estabilidade de temperatura de -40 \u2103 a 80 \u2103, o estabilizador UV garante que n\u00e3o haja amarelecimento por 5 anos ao ar livre<\/li>\n<li><strong>Flexibilidade de processamento<\/strong>: Termoform\u00e1vel (140-160 \u2103), corte a laser, grava\u00e7\u00e3o CNC, excelente desempenho de liga\u00e7\u00e3o<\/li>\n<li><strong>Carater\u00edsticas da superf\u00edcie<\/strong>: Dureza HB, f\u00e1cil de limpar, resistente a impress\u00f5es digitais, resistente a riscos (dureza do l\u00e1pis 2H)<\/li>\n<li><strong>Seguran\u00e7a ambiental<\/strong>: Em conformidade com as normas de contacto com alimentos da FDA, certificado RoHS, sem emiss\u00e3o de formalde\u00eddo<\/li>\n<\/ul>\n<h2>Cen\u00e1rios de aplica\u00e7\u00e3o<\/h2>\n<h3>Arquitetura e decora\u00e7\u00e3o<\/h3>\n<ul>\n<li><strong>Engenharia de ilumina\u00e7\u00e3o natural<\/strong>: clarab\u00f3ias, pain\u00e9is de estufa, vidros secund\u00e1rios<\/li>\n<li><strong>Design de interiores<\/strong>: divis\u00f3rias de duche, pain\u00e9is de mobili\u00e1rio, divis\u00f3rias de ambientes<\/li>\n<li><strong>Constru\u00e7\u00e3o de paredes-cortina<\/strong>: elementos de fachada transparentes, coberturas, balaustradas<\/li>\n<\/ul>\n<h3>Publicidade e exibi\u00e7\u00e3o<\/h3>\n<ul>\n<li><strong>Sinal\u00e9tica<\/strong>: sinais luminosos, vitrinas, expositores de ponto de venda<\/li>\n<li><strong>Retalho<\/strong>: produtos, balc\u00f5es de cosm\u00e9tica, expositores de j\u00f3ias<\/li>\n<li><strong>Exposi\u00e7\u00e3o<\/strong>: stands de feiras, caixas de luz, expositores promocionais<\/li>\n<\/ul>\n<h3>Aplica\u00e7\u00f5es industriais e especiais<\/h3>\n<ul>\n<li><strong>Equipamento m\u00e9dico<\/strong>: tabuleiros para instrumentos cir\u00fargicos, caixas para dispositivos m\u00e9dicos<\/li>\n<li><strong>Eletr\u00f3nica<\/strong>: ecr\u00e3s de visualiza\u00e7\u00e3o, pain\u00e9is t\u00e1cteis, coberturas de prote\u00e7\u00e3o<\/li>\n<li><strong>Aplica\u00e7\u00f5es \u00f3pticas<\/strong>: lentes, guias de luz, instrumentos de precis\u00e3o<\/li>\n<\/ul>\n<h2>Par\u00e2metros t\u00e9cnicos<\/h2>\n<table width=\"0%\">\n<tbody>\n<tr>\n<td>Im\u00f3veis<\/td>\n<td>M\u00e9todo de ensaio<\/td>\n<td>Valor<\/td>\n<\/tr>\n<tr>\n<td>Transmiss\u00e3o de luz<\/td>\n<td>ASTM D1003<\/td>\n<td>\u226592%<\/td>\n<\/tr>\n<tr>\n<td>Densidade<\/td>\n<td>ASTM D792<\/td>\n<td>1,19 g\/cm\u00b3<\/td>\n<\/tr>\n<tr>\n<td>Resist\u00eancia ao impacto (Notched Izod)<\/td>\n<td>ASTM D256<\/td>\n<td>16 kJ\/m\u00b2<\/td>\n<\/tr>\n<tr>\n<td>Resist\u00eancia \u00e0 tra\u00e7\u00e3o<\/td>\n<td>ASTM D638<\/td>\n<td>65 MPa<\/td>\n<\/tr>\n<tr>\n<td>Resist\u00eancia \u00e0 flex\u00e3o<\/td>\n<td>ASTM D790<\/td>\n<td>90 MPa<\/td>\n<\/tr>\n<tr>\n<td>Temperatura de deflex\u00e3o t\u00e9rmica<\/td>\n<td>ASTM D648<\/td>\n<td>85\u00b0C @ 264 psi<\/td>\n<\/tr>\n<tr>\n<td>Absor\u00e7\u00e3o de \u00e1gua<\/td>\n<td>ASTM D570<\/td>\n<td>\u22640,3%<\/td>\n<\/tr>\n<tr>\n<td>Expans\u00e3o T\u00e9rmica Linear<\/td>\n<td>ASTM D696<\/td>\n<td>7\u00d710-\u2075 \/\u00b0C<\/td>\n<\/tr>\n<\/tbody>\n<\/table>\n<h2>Processamento e instala\u00e7\u00e3o<\/h2>\n<ul>\n<li><strong>Corte<\/strong>: Corte a laser (recomendado para precis\u00e3o), serra circular com l\u00e2mina de dentes finos<\/li>\n<li><strong>Termoformagem<\/strong>: Aquecer a 140-160\u00b0C, raio de curvatura m\u00ednimo 3\u00d7 espessura do material<\/li>\n<li><strong>Liga\u00e7\u00e3o<\/strong>: Cimento solvente (\u00e0 base de diclorometano), adesivos de cura UV<\/li>\n<li><strong>Acabamento de bordas<\/strong>: Polimento com chama, polimento com diamante, jato de areia<\/li>\n<li><strong>Montagem<\/strong>: Fixa\u00e7\u00f5es mec\u00e2nicas com anilhas, fixa\u00e7\u00e3o adesiva, fixa\u00e7\u00e3o de bordos<\/li>\n<\/ul>\n<h2>Especifica\u00e7\u00f5es e embalagem<\/h2>\n<ul>\n<li><strong>Tamanhos padr\u00e3o<\/strong>: 1220\u00d72440mm, 1524\u00d73048mm<\/li>\n<li><strong>Gama de espessuras<\/strong>: 1mm, 2mm, 3mm, 5mm, 8mm, 10mm, at\u00e9 50mm<\/li>\n<li><strong>Op\u00e7\u00f5es de superf\u00edcie<\/strong>: Revestimento transparente, fosco, n\u00e3o ofuscante e resistente aos raios UV<\/li>\n<li><strong>Embalagem<\/strong>: Pel\u00edcula protetora PE em ambos os lados, palete de madeira para transporte<\/li>\n<\/ul>","protected":false},"excerpt":{"rendered":"<p>Espesso especial <a class=\"wpil_keyword_link\" title=\"Folha de acr\u00edlico\" href=\"https:\/\/jrtacrylic.com\/product\/acrylic\/acrylic-sheet\" data-wpil-keyword-link=\"linked\" data-wpil-monitor-id=\"49\">Folha de acr\u00edlico<\/a> \u00c9 um material altamente transparente feito de PMMA (polimetilmetacrilato) de grau \u00f3ptico 100% atrav\u00e9s de processos de fundi\u00e7\u00e3o ou extrus\u00e3o. Oferece 92% de transmit\u00e2ncia de luz, compar\u00e1vel ao vidro \u00f3ptico, mas proporciona 17 vezes a resist\u00eancia ao impacto e 50% de vantagem em peso em rela\u00e7\u00e3o ao vidro. A superf\u00edcie \u00e9 submetida a um polimento de precis\u00e3o com valor Ra \u22640,02\u03bcm, alcan\u00e7ando um acabamento espelhado. O tamanho padr\u00e3o \u00e9 1220\u00d72440mm com espessura variando de 1mm a 50mm, suportando corte personalizado, tornando-o um material ideal para substitui\u00e7\u00e3o do vidro.<\/p>","protected":false},"featured_media":7432,"comment_status":"closed","ping_status":"closed","template":"","meta":{"_acf_changed":false,"_seopress_robots_primary_cat":"none","_seopress_titles_title":"","_seopress_titles_desc":"Custom thick acrylic sheets for robust applications. Durable, impact-resistant, ideal for industrial, architectural, and creative projects.","_seopress_robots_index":"","_gspb_post_css":""},"product_brand":[],"product_cat":[77],"product_tag":[],"class_list":{"0":"post-5661","1":"product","2":"type-product","3":"status-publish","4":"has-post-thumbnail","6":"product_cat-acrylic-sheet","8":"first","9":"instock","10":"shipping-taxable","11":"product-type-simple"},"acf":[],"etheme_brands":{"errors":{"invalid_taxonomy":["Taxonomia inv\u00e1lida."]},"error_data":[]},"_links":{"self":[{"href":"https:\/\/jrtacrylic.com\/pt\/wp-json\/wp\/v2\/product\/5661","targetHints":{"allow":["GET"]}}],"collection":[{"href":"https:\/\/jrtacrylic.com\/pt\/wp-json\/wp\/v2\/product"}],"about":[{"href":"https:\/\/jrtacrylic.com\/pt\/wp-json\/wp\/v2\/types\/product"}],"replies":[{"embeddable":true,"href":"https:\/\/jrtacrylic.com\/pt\/wp-json\/wp\/v2\/comments?post=5661"}],"version-history":[{"count":0,"href":"https:\/\/jrtacrylic.com\/pt\/wp-json\/wp\/v2\/product\/5661\/revisions"}],"wp:featuredmedia":[{"embeddable":true,"href":"https:\/\/jrtacrylic.com\/pt\/wp-json\/wp\/v2\/media\/7432"}],"wp:attachment":[{"href":"https:\/\/jrtacrylic.com\/pt\/wp-json\/wp\/v2\/media?parent=5661"}],"wp:term":[{"taxonomy":"product_brand","embeddable":true,"href":"https:\/\/jrtacrylic.com\/pt\/wp-json\/wp\/v2\/product_brand?post=5661"},{"taxonomy":"product_cat","embeddable":true,"href":"https:\/\/jrtacrylic.com\/pt\/wp-json\/wp\/v2\/product_cat?post=5661"},{"taxonomy":"product_tag","embeddable":true,"href":"https:\/\/jrtacrylic.com\/pt\/wp-json\/wp\/v2\/product_tag?post=5661"}],"curies":[{"name":"wp","href":"https:\/\/api.w.org\/{rel}","templated":true}]}}