{"id":7455,"date":"2026-04-16T14:57:53","date_gmt":"2026-04-16T06:57:53","guid":{"rendered":"https:\/\/jrtacrylic.com\/?post_type=product&#038;p=7455"},"modified":"2026-04-20T17:41:44","modified_gmt":"2026-04-20T09:41:44","slug":"double-color-sheet-for-laser-cuttting","status":"publish","type":"product","link":"https:\/\/jrtacrylic.com\/pt\/product\/double-color-sheet\/double-color-sheet-for-laser-cuttting.html","title":{"rendered":"Folha de cor dupla para corte a laser"},"content":{"rendered":"<div data-page-id=\"Cg0mdO79Co3ol7xTdYncY6W9nHe\" data-lark-html-role=\"root\" data-docx-has-block-data=\"true\">\n<div class=\"ace-line ace-line old-record-id-Cg0mdO79Co3ol7xTdYncY6W9nHe\">Folha de cor dupla Detalhes do produto<\/div>\n<h1 class=\"heading-1 ace-line old-record-id-UXIzfCL5ddO2AYcDy6UcGMAtnCb\">Vis\u00e3o geral do produto<\/h1>\n<div class=\"ace-line ace-line old-record-id-QcY7fDAYtdETsycFOxnc7Gu8nnf\">A nossa folha de cor dupla \u00e9 um material decorativo e funcional vers\u00e1til e de elevado desempenho, fabricado com tecnologia de extrus\u00e3o avan\u00e7ada para combinar duas cores contrastantes ou complementares numa folha integrada. Concebida para satisfazer as diversas necessidades das aplica\u00e7\u00f5es industriais, comerciais e de bricolage, esta folha destaca-se pela solidez da cor vibrante, pelas excelentes propriedades f\u00edsicas e pela facilidade de processamento. Quer se trate de sinal\u00e9tica, decora\u00e7\u00e3o de interiores ou componentes industriais, proporciona um apelo est\u00e9tico e um desempenho fi\u00e1vel, o que a torna a escolha preferida de profissionais e entusiastas.<\/div>\n<h1 class=\"heading-1 ace-line old-record-id-FSNtfLCfsdSxj7cdIKIcpUNunSf\">Principais carater\u00edsticas e vantagens<\/h1>\n<ul class=\"list-bullet1\">\n<li class=\"ace-line ace-line old-record-id-Kh4XfrnxVdh5AYcqLKCcR2Ucn3k\" data-list=\"bullet\">\n<div><strong>Integra\u00e7\u00e3o de duas cores<\/strong>: Combina perfeitamente duas cores distintas numa \u00fanica folha, eliminando a necessidade de p\u00f3s-pulveriza\u00e7\u00e3o. A liga\u00e7\u00e3o das cores \u00e9 firme e n\u00e3o descasca, assegurando uma atra\u00e7\u00e3o visual duradoura sem desvanecimento ou descolora\u00e7\u00e3o, mesmo ap\u00f3s uma utiliza\u00e7\u00e3o prolongada.<\/div>\n<\/li>\n<li class=\"ace-line ace-line old-record-id-YfGofFwOkds121cgFdzcnhjDnHe\" data-list=\"bullet\">\n<div><strong>Durabilidade excecional<\/strong>: Feita de materiais de alta qualidade (ABS, HDPE ou acr\u00edlico opcional), a folha possui excelente resist\u00eancia ao impacto, resist\u00eancia ao desgaste e toler\u00e2ncia a baixas temperaturas (aplic\u00e1vel a -40 \u2103 ~ 80 \u2103). Tamb\u00e9m \u00e9 estabilizado por UV, \u00e0 prova de umidade e resistente \u00e0 corros\u00e3o, adequado para uso interno e externo sem amarelecimento ou degrada\u00e7\u00e3o.<\/div>\n<\/li>\n<li class=\"ace-line ace-line old-record-id-IvuXfCTJFdPYZCczzRhcy5K1ntf\" data-list=\"bullet\">\n<div><strong>F\u00e1cil processamento<\/strong>: Compat\u00edvel com v\u00e1rios m\u00e9todos de processamento, incluindo corte a laser, grava\u00e7\u00e3o CNC, dobragem a quente, serragem e colagem. Pode ser facilmente cortado em formas e tamanhos personalizados, perfurado ou gravado para obter desenhos complexos, o que o torna ideal para projectos personalizados e produ\u00e7\u00e3o em massa<\/div>\n<\/li>\n<li class=\"ace-line ace-line old-record-id-DwOkftOHDd5CVRcjEDQcR5Uxnqf\" data-list=\"bullet\">\n<div><strong>Amigo do ambiente e seguro<\/strong>: Adopta mat\u00e9rias-primas n\u00e3o t\u00f3xicas e recicl\u00e1veis que cumprem as normas ambientais internacionais. Isento de subst\u00e2ncias nocivas, \u00e9 seguro para utiliza\u00e7\u00e3o em componentes de equipamento m\u00e9dico, produtos para crian\u00e7as e aplica\u00e7\u00f5es relacionadas com alimentos<\/div>\n<\/li>\n<li class=\"ace-line ace-line old-record-id-XsHbfEw3ldOHU7crbFFciHZvnX3\" data-list=\"bullet\">\n<div><strong>Op\u00e7\u00f5es de superf\u00edcie vers\u00e1teis<\/strong>: Dispon\u00edvel em acabamentos de superf\u00edcie brilhantes, mate ou texturados. As superf\u00edcies brilhantes aumentam a vibra\u00e7\u00e3o da cor para fins decorativos, enquanto as superf\u00edcies mate reduzem o brilho e as superf\u00edcies texturadas melhoram a ader\u00eancia para aplica\u00e7\u00f5es funcionais, como pavimentos<\/div>\n<\/li>\n<\/ul>\n<h1 class=\"heading-1 ace-line old-record-id-AjUdfCo2ZdYCGUcNtbic2Vdfnph\">Especifica\u00e7\u00f5es t\u00e9cnicas<\/h1>\n<div>\n<table class=\"ace-table\" data-ace-table-col-widths=\"200;200;200\">\n<colgroup>\n<col width=\"200\" \/>\n<col width=\"200\" \/>\n<col width=\"200\" \/><\/colgroup>\n<thead>\n<tr>\n<th colspan=\"1\" rowspan=\"1\">\n<div class=\"ace-line ace-line old-record-id-B17XfB9nPd5skScWj09c5ctVn6d\">Item<\/div>\n<\/th>\n<th colspan=\"1\" rowspan=\"1\">\n<div class=\"ace-line ace-line old-record-id-Ebc0fYuWAd1Q2xcVdj9cKLyynpc\">Especifica\u00e7\u00e3o<\/div>\n<\/th>\n<th colspan=\"1\" rowspan=\"1\">\n<div class=\"ace-line ace-line old-record-id-L40qfnKFfdgdddcOtypcpjuYnZd\">Gama opcional<\/div>\n<\/th>\n<\/tr>\n<\/thead>\n<tbody>\n<tr>\n<td colspan=\"1\" rowspan=\"1\">\n<div class=\"ace-line ace-line old-record-id-Dhm8fM0CpdTCvsc80EJclL65nPd\">Material<\/div>\n<\/td>\n<td colspan=\"1\" rowspan=\"1\">\n<div class=\"ace-line ace-line old-record-id-RYKtfdvhjdVfeWc2ugscaprsnJh\">ABS \/ HDPE \/ Acr\u00edlico<\/div>\n<\/td>\n<td colspan=\"1\" rowspan=\"1\">\n<div class=\"ace-line ace-line old-record-id-Eswff09ZQdeDIwcpQEtc4wYonBf\">Personaliz\u00e1vel com base na aplica\u00e7\u00e3o<\/div>\n<\/td>\n<\/tr>\n<tr>\n<td colspan=\"1\" rowspan=\"1\">\n<div class=\"ace-line ace-line old-record-id-Kk0bfpvnIdH6TcceEX9c6Ha5nGc\">Espessura<\/div>\n<\/td>\n<td colspan=\"1\" rowspan=\"1\">\n<div class=\"ace-line ace-line old-record-id-XDpdfQVgXdp79Xcyuxnc21N3nwT\">0,5 mm - 30 mm<\/div>\n<\/td>\n<td colspan=\"1\" rowspan=\"1\">\n<div class=\"ace-line ace-line old-record-id-D1HWfSFFJdbnkwc6nUscAP6vn6e\">0,1 mm - 100 mm (personaliz\u00e1vel)<\/div>\n<\/td>\n<\/tr>\n<tr>\n<td colspan=\"1\" rowspan=\"1\">\n<div class=\"ace-line ace-line old-record-id-VWO6fmzjsda8RWc10Ngc9OhMnuc\">Tamanho padr\u00e3o<\/div>\n<\/td>\n<td colspan=\"1\" rowspan=\"1\">\n<div class=\"ace-line ace-line old-record-id-PRcifVKZmd7YjkcySmEcRTFen0O\">600\u00d71200mm, 1220\u00d72440mm<\/div>\n<\/td>\n<td colspan=\"1\" rowspan=\"1\">\n<div class=\"ace-line ace-line old-record-id-MUh4fc5zMd2kblcuRYIcmVcInKd\">Tamanhos personalizados (largura m\u00e1xima de 2500 mm, qualquer comprimento)<\/div>\n<\/td>\n<\/tr>\n<tr>\n<td colspan=\"1\" rowspan=\"1\">\n<div class=\"ace-line ace-line old-record-id-SqhlfcQM0dAaxfcqq84cJ6oDnGf\">Combina\u00e7\u00f5es de cores<\/div>\n<\/td>\n<td colspan=\"1\" rowspan=\"1\">\n<div class=\"ace-line ace-line old-record-id-Bgq7f6vbLdyU8WczOWgchSqAnEd\">Preto e branco, dourado e preto, prateado e preto, vermelho e branco<\/div>\n<\/td>\n<td colspan=\"1\" rowspan=\"1\">\n<div class=\"ace-line ace-line old-record-id-LKlGfTGkwd67K7cpq5YcCtoSnEb\">Qualquer combina\u00e7\u00e3o de cores personalizada<\/div>\n<\/td>\n<\/tr>\n<tr>\n<td colspan=\"1\" rowspan=\"1\">\n<div class=\"ace-line ace-line old-record-id-T1YufPflFdFDitc2InDcEdaVn0d\">Densidade<\/div>\n<\/td>\n<td colspan=\"1\" rowspan=\"1\">\n<div class=\"ace-line ace-line old-record-id-SW9Yftl5bdC2Mkc5OjYcTTFRnie\">1,05-1,08g\/cm\u00b3 (ABS); 0,94-0,96g\/cm\u00b3 (HDPE)<\/div>\n<\/td>\n<td colspan=\"1\" rowspan=\"1\">\n<div class=\"ace-line ace-line old-record-id-EtUsf9EPVdM3t8cMFrEc21L7nfP\">Depende do material<\/div>\n<\/td>\n<\/tr>\n<tr>\n<td colspan=\"1\" rowspan=\"1\">\n<div class=\"ace-line ace-line old-record-id-PvjKf4DppdMXfecT8Nfc45z2njg\">Resist\u00eancia \u00e0 tra\u00e7\u00e3o<\/div>\n<\/td>\n<td colspan=\"1\" rowspan=\"1\">\n<div class=\"ace-line ace-line old-record-id-XIorfBxK6dbbafcItzTc6tZHnbh\">40-80MPa<\/div>\n<\/td>\n<td colspan=\"1\" rowspan=\"1\">\n<div class=\"ace-line ace-line old-record-id-TyRIfmmJYd1g1KcFgeZcp7HHnve\">Ajust\u00e1vel em fun\u00e7\u00e3o do material e da espessura<\/div>\n<\/td>\n<\/tr>\n<tr>\n<td colspan=\"1\" rowspan=\"1\">\n<div class=\"ace-line ace-line old-record-id-Ojw0fuTeddyrimcvWXucwbHRnGh\">Temperatura de deflex\u00e3o t\u00e9rmica<\/div>\n<\/td>\n<td colspan=\"1\" rowspan=\"1\">\n<div class=\"ace-line ace-line old-record-id-EUAxfzzZTdzzUvcQc3XceQsJnLg\">90-105\u2103 (ABS); 80\u2103 (Acr\u00edlico)<\/div>\n<\/td>\n<td colspan=\"1\" rowspan=\"1\">\n<div class=\"ace-line ace-line old-record-id-Onm5f58ARdVphBcM1YCcGzfinxL\">Depende do material<\/div>\n<\/td>\n<\/tr>\n<tr>\n<td colspan=\"1\" rowspan=\"1\">\n<div class=\"ace-line ace-line old-record-id-O7RbfX9RcdFqtacIuP7cYAdinrg\">Classifica\u00e7\u00e3o de inflamabilidade<\/div>\n<\/td>\n<td colspan=\"1\" rowspan=\"1\">\n<div class=\"ace-line ace-line old-record-id-Cd9Qf9majdNWOJcn1FkcWRSdnUf\">HB<\/div>\n<\/td>\n<td colspan=\"1\" rowspan=\"1\">\n<div class=\"ace-line ace-line old-record-id-W7fPfSIv9dgVEGcbylUcYPspnpc\">Personaliz\u00e1vel para necessidades de retardador de fogo<\/div>\n<\/td>\n<\/tr>\n<\/tbody>\n<\/table>\n<\/div>\n<h1 class=\"heading-1 ace-line old-record-id-OKJJfPAkrdWBWHcjwk3cM6vXn0Y\">Cen\u00e1rios de aplica\u00e7\u00e3o<\/h1>\n<div class=\"ace-line ace-line old-record-id-YjaaffsyZd1X1fcyBTgclVtSndg\">A nossa chapa dupla cor \u00e9 amplamente utilizada em v\u00e1rias ind\u00fastrias, gra\u00e7as \u00e0 sua versatilidade e fiabilidade. As principais aplica\u00e7\u00f5es incluem:<\/div>\n<ul class=\"list-bullet1\">\n<li class=\"ace-line ace-line old-record-id-ZsZufIhxIdYVmYcZWiMcplxKnHf\" data-list=\"bullet\">\n<div><strong>Publicidade e sinal\u00e9tica<\/strong>: Sinais gravados a laser, placas de identifica\u00e7\u00e3o, etiquetas de pre\u00e7os, etiquetas de prateleiras, pain\u00e9is publicit\u00e1rios iluminados e decora\u00e7\u00f5es de stands de exposi\u00e7\u00e3o.<\/div>\n<\/li>\n<li class=\"ace-line ace-line old-record-id-Iu18f7LcMdtUI9cTPNmc3z2Mnid\" data-list=\"bullet\">\n<div><strong>Autom\u00f3vel e eletr\u00f3nica<\/strong>: Componentes interiores de autom\u00f3veis, caixas electr\u00f3nicas, caixas de dispositivos e pain\u00e9is de controlo.<\/div>\n<\/li>\n<li class=\"ace-line ace-line old-record-id-EuWufuWzYdXQSMc8lpRceWy0nLh\" data-list=\"bullet\">\n<div><strong>Decora\u00e7\u00e3o de interiores e mobili\u00e1rio<\/strong>: Pain\u00e9is de parede, divis\u00f3rias, superf\u00edcies de mobili\u00e1rio, placas de matr\u00edcula de portas, placas de pavimento e pormenores decorativos.<\/div>\n<\/li>\n<li class=\"ace-line ace-line old-record-id-ADyDfDV5IdkbU1cbcrqcdC9Qnqd\" data-list=\"bullet\">\n<div><strong>Industrial e m\u00e9dico<\/strong>: Equipamento de prote\u00e7\u00e3o, equipamento de seguran\u00e7a, componentes de equipamento m\u00e9dico e pe\u00e7as industriais resistentes \u00e0 corros\u00e3o.<\/div>\n<\/li>\n<li class=\"ace-line ace-line old-record-id-SpQBfqWj3dW5XMcXy90cZs7bnNg\" data-list=\"bullet\">\n<div><strong>Produtos de bricolage e promocionais<\/strong>: Grava\u00e7\u00e3o a laser de pr\u00e9mios, trof\u00e9us, artes para presentes, porta-chaves e projectos de prototipagem personalizados.<\/div>\n<\/li>\n<li class=\"ace-line ace-line old-record-id-CrL8fLo2MdJA7XcaNctcC1WnnXe\" data-list=\"bullet\">\n<div><strong>Marinha e exterior<\/strong>: Componentes para a marinha, superf\u00edcies de cais, mobili\u00e1rio de jardim e sinal\u00e9tica exterior (variantes resistentes aos raios UV).<\/div>\n<\/li>\n<\/ul>\n<h1 class=\"heading-1 ace-line old-record-id-AM8If71wNdnJY6cqfpJcLooungc\">Servi\u00e7os de personaliza\u00e7\u00e3o<\/h1>\n<div class=\"ace-line ace-line old-record-id-YpiefSSZldIlJbc1EtXcQoxNnvA\">Compreendemos que cada projeto tem requisitos \u00fanicos, pelo que oferecemos servi\u00e7os de personaliza\u00e7\u00e3o abrangentes para satisfazer as suas necessidades espec\u00edficas:<\/div>\n<ul class=\"list-bullet1\">\n<li class=\"ace-line ace-line old-record-id-ZpaFfuDqNdyk4GcdY63cf2GWnxc\" data-list=\"bullet\">\n<div>Tamanho e espessura: Tamanhos e espessuras personalizados, desde 0,1 mm ultra-fino a 100 mm de espessura, para se adaptarem \u00e0 sua aplica\u00e7\u00e3o.<\/div>\n<\/li>\n<li class=\"ace-line ace-line old-record-id-LTaZfIfXCd16Vcc8WiDcmZFunSc\" data-list=\"bullet\">\n<div>Combina\u00e7\u00f5es de cores: Combina\u00e7\u00f5es de cores personalizadas para se alinharem com a paleta da sua marca ou conceito de design.<\/div>\n<\/li>\n<li class=\"ace-line ace-line old-record-id-Ql6RfyvltdA78vcXNiec2VssnA0\" data-list=\"bullet\">\n<div>Acabamento da superf\u00edcie: Superf\u00edcies brilhantes, mate ou texturadas, adaptadas \u00e0s suas necessidades funcionais e est\u00e9ticas.<\/div>\n<\/li>\n<li class=\"ace-line ace-line old-record-id-RaS3fBoxFdDI2cczp6XcjbItnNb\" data-list=\"bullet\">\n<div>Servi\u00e7os de processamento: Pr\u00e9-corte, grava\u00e7\u00e3o a laser, maquinagem CNC, impress\u00e3o de log\u00f3tipos e dobragem a quente para poupar tempo de produ\u00e7\u00e3o.<\/div>\n<\/li>\n<\/ul>\n<h1 class=\"heading-1 ace-line old-record-id-M3tBfdi2vdGkMZcPO7KcOBRgnuo\">Embalagem e expedi\u00e7\u00e3o<\/h1>\n<ul class=\"list-bullet1\">\n<li class=\"ace-line ace-line old-record-id-IKQgfvibMdYAgsccYn2c9qEpnYg\" data-list=\"bullet\">\n<div><strong>Embalagem<\/strong>: A embalagem standard inclui uma pel\u00edcula de PE para cada folha e paletes de madeira ou caixas de cart\u00e3o para evitar riscos e danos durante o transporte. A embalagem personalizada est\u00e1 dispon\u00edvel para encomendas a granel.<\/div>\n<\/li>\n<li class=\"ace-line ace-line old-record-id-SCcUfOMttdjrmOcwNQBcwAlRnFW\" data-list=\"bullet\">\n<div><strong>Prazo de entrega<\/strong>: 5-7 dias para encomendas padr\u00e3o; 15-20 dias para encomendas personalizadas em massa (varia consoante a quantidade da encomenda e a complexidade da personaliza\u00e7\u00e3o).<\/div>\n<\/li>\n<li class=\"ace-line ace-line old-record-id-Idfgf7mBrdmjXQcJelycREzUn6e\" data-list=\"bullet\">\n<div><strong>Capacidade de fornecimento<\/strong>: 1200 toneladas por m\u00eas, capaz de satisfazer encomendas a granel em grande escala com qualidade est\u00e1vel e entrega atempada.<\/div>\n<\/li>\n<\/ul>\n<h1 class=\"heading-1 ace-line old-record-id-CO6dfqpZfd9XN6cgzdzcz1ovn2f\">Garantia de qualidade<\/h1>\n<div class=\"ace-line ace-line old-record-id-VFmnfXSKxdCs5cciKascFGIknqh\">Todas as nossas Folhas Dupla Cor s\u00e3o submetidas a rigorosos testes de controlo de qualidade ao longo do processo de produ\u00e7\u00e3o, desde a sele\u00e7\u00e3o da mat\u00e9ria-prima at\u00e9 \u00e0 extrus\u00e3o, arrefecimento e corte. Cumprimos as normas internacionais para garantir uma cor consistente, uma espessura uniforme e excelentes propriedades f\u00edsicas. Cada lote de produtos \u00e9 inspeccionado quanto \u00e0 suavidade da superf\u00edcie, solidez da cor e durabilidade, garantindo que recebe materiais fi\u00e1veis e de alta qualidade para os seus projectos.<\/div>\n<h1 class=\"heading-1 ace-line old-record-id-XCWUfqMIJdEMowcFOFdcZHRcnXc\">Porqu\u00ea escolher-nos?<\/h1>\n<ul class=\"list-bullet1\">\n<li class=\"ace-line ace-line old-record-id-NLWZfgSWldR7MNcsZkJcqcWUnOf\" data-list=\"bullet\">\n<div>Tecnologia de produ\u00e7\u00e3o avan\u00e7ada: Equipado com linhas de extrus\u00e3o profissionais e equipamento de teste de qualidade para garantir uma qualidade est\u00e1vel do produto.<\/div>\n<\/li>\n<li class=\"ace-line ace-line old-record-id-VTxDfCzJfdq0SkclXXVcgbWHnih\" data-list=\"bullet\">\n<div>Rica experi\u00eancia no sector: Anos de experi\u00eancia no fabrico de chapas de dupla cor, servindo clientes em todo o mundo com produtos e servi\u00e7os fi\u00e1veis.<\/div>\n<\/li>\n<li class=\"ace-line ace-line old-record-id-LL6xfTQNPdNKAjcfXU1cq2Senst\" data-list=\"bullet\">\n<div>Personaliza\u00e7\u00e3o flex\u00edvel: Op\u00e7\u00f5es de personaliza\u00e7\u00e3o abrangentes para satisfazer diversas necessidades de aplica\u00e7\u00e3o e conceitos de design.<\/div>\n<\/li>\n<li class=\"ace-line ace-line old-record-id-XzpZf0kAtdJfAAcZyl7cFF3Enpe\" data-list=\"bullet\">\n<div>Pre\u00e7os competitivos: Fornecimento direto da f\u00e1brica, sem intermedi\u00e1rios, oferecendo pre\u00e7os competitivos tanto para encomendas pequenas como para encomendas a granel.<\/div>\n<\/li>\n<li class=\"ace-line ace-line old-record-id-FRvgf1VTJdHbmVcgxa6cYS7qnue\" data-list=\"bullet\">\n<div>Servi\u00e7o de resposta: Equipa p\u00f3s-venda profissional para fornecer apoio t\u00e9cnico atempado e acompanhamento de encomendas.<\/div>\n<\/li>\n<\/ul>\n<\/div>","protected":false},"excerpt":{"rendered":"<div class=\"ace-line ace-line old-record-id-YjaaffsyZd1X1fcyBTgclVtSndg\">A nossa chapa dupla cor \u00e9 amplamente utilizada em v\u00e1rias ind\u00fastrias, gra\u00e7as \u00e0 sua versatilidade e fiabilidade. As principais aplica\u00e7\u00f5es incluem:<\/div>\n<ul class=\"list-bullet1\">\n<li class=\"ace-line ace-line old-record-id-ZsZufIhxIdYVmYcZWiMcplxKnHf\" data-list=\"bullet\">\n<div><strong>Publicidade e sinal\u00e9tica<\/strong>: Sinais gravados a laser, placas de identifica\u00e7\u00e3o, etiquetas de pre\u00e7os, etiquetas de prateleiras, pain\u00e9is publicit\u00e1rios iluminados e decora\u00e7\u00f5es de stands de exposi\u00e7\u00e3o.<\/div>\n<\/li>\n<li class=\"ace-line ace-line old-record-id-Iu18f7LcMdtUI9cTPNmc3z2Mnid\" data-list=\"bullet\">\n<div><strong>Autom\u00f3vel e eletr\u00f3nica<\/strong>: Componentes interiores de autom\u00f3veis, caixas electr\u00f3nicas, caixas de dispositivos e pain\u00e9is de controlo.<\/div>\n<\/li>\n<li class=\"ace-line ace-line old-record-id-EuWufuWzYdXQSMc8lpRceWy0nLh\" data-list=\"bullet\">\n<div><strong>Decora\u00e7\u00e3o de interiores e mobili\u00e1rio<\/strong>: Pain\u00e9is de parede, divis\u00f3rias, superf\u00edcies de mobili\u00e1rio, placas de matr\u00edcula de portas, placas de pavimento e pormenores decorativos.<\/div>\n<\/li>\n<li class=\"ace-line ace-line old-record-id-ADyDfDV5IdkbU1cbcrqcdC9Qnqd\" data-list=\"bullet\">\n<div><strong>Industrial e m\u00e9dico<\/strong>: Equipamento de prote\u00e7\u00e3o, equipamento de seguran\u00e7a, componentes de equipamento m\u00e9dico e pe\u00e7as industriais resistentes \u00e0 corros\u00e3o.<\/div>\n<\/li>\n<li class=\"ace-line ace-line old-record-id-SpQBfqWj3dW5XMcXy90cZs7bnNg\" data-list=\"bullet\">\n<div><strong>Produtos de bricolage e promocionais<\/strong>: Grava\u00e7\u00e3o a laser de pr\u00e9mios, trof\u00e9us, artes para presentes, porta-chaves e projectos de prototipagem personalizados.<\/div>\n<\/li>\n<li class=\"ace-line ace-line old-record-id-CrL8fLo2MdJA7XcaNctcC1WnnXe\" data-list=\"bullet\">\n<div><strong>Marinha e exterior<\/strong>: Componentes para a marinha, superf\u00edcies de cais, mobili\u00e1rio de jardim e sinal\u00e9tica exterior (variantes resistentes aos raios UV).<\/div>\n<\/li>\n<\/ul>","protected":false},"featured_media":7471,"comment_status":"closed","ping_status":"closed","template":"","meta":{"_acf_changed":false,"_seopress_robots_primary_cat":"none","_seopress_titles_title":"","_seopress_titles_desc":"","_seopress_robots_index":"","_gspb_post_css":""},"product_brand":[],"product_cat":[122],"product_tag":[123],"class_list":{"0":"post-7455","1":"product","2":"type-product","3":"status-publish","4":"has-post-thumbnail","6":"product_cat-double-color-sheet","7":"product_tag-featured-products","9":"first","10":"instock","11":"featured","12":"shipping-taxable","13":"product-type-simple"},"acf":[],"etheme_brands":{"errors":{"invalid_taxonomy":["Taxonomia inv\u00e1lida."]},"error_data":[]},"_links":{"self":[{"href":"https:\/\/jrtacrylic.com\/pt\/wp-json\/wp\/v2\/product\/7455","targetHints":{"allow":["GET"]}}],"collection":[{"href":"https:\/\/jrtacrylic.com\/pt\/wp-json\/wp\/v2\/product"}],"about":[{"href":"https:\/\/jrtacrylic.com\/pt\/wp-json\/wp\/v2\/types\/product"}],"replies":[{"embeddable":true,"href":"https:\/\/jrtacrylic.com\/pt\/wp-json\/wp\/v2\/comments?post=7455"}],"version-history":[{"count":1,"href":"https:\/\/jrtacrylic.com\/pt\/wp-json\/wp\/v2\/product\/7455\/revisions"}],"predecessor-version":[{"id":7528,"href":"https:\/\/jrtacrylic.com\/pt\/wp-json\/wp\/v2\/product\/7455\/revisions\/7528"}],"wp:featuredmedia":[{"embeddable":true,"href":"https:\/\/jrtacrylic.com\/pt\/wp-json\/wp\/v2\/media\/7471"}],"wp:attachment":[{"href":"https:\/\/jrtacrylic.com\/pt\/wp-json\/wp\/v2\/media?parent=7455"}],"wp:term":[{"taxonomy":"product_brand","embeddable":true,"href":"https:\/\/jrtacrylic.com\/pt\/wp-json\/wp\/v2\/product_brand?post=7455"},{"taxonomy":"product_cat","embeddable":true,"href":"https:\/\/jrtacrylic.com\/pt\/wp-json\/wp\/v2\/product_cat?post=7455"},{"taxonomy":"product_tag","embeddable":true,"href":"https:\/\/jrtacrylic.com\/pt\/wp-json\/wp\/v2\/product_tag?post=7455"}],"curies":[{"name":"wp","href":"https:\/\/api.w.org\/{rel}","templated":true}]}}