{"id":7637,"date":"2026-04-29T15:50:19","date_gmt":"2026-04-29T07:50:19","guid":{"rendered":"https:\/\/jrtacrylic.com\/?post_type=product&#038;p=7637"},"modified":"2026-04-29T15:50:50","modified_gmt":"2026-04-29T07:50:50","slug":"pastel-acrylic-sheet","status":"publish","type":"product","link":"https:\/\/jrtacrylic.com\/pt\/product\/acrylic\/acrylic-sheet\/pastel-acrylic-sheet.html","title":{"rendered":"Folha de acr\u00edlico pastel\/folha de acr\u00edlico para ilumina\u00e7\u00e3o de gelatina"},"content":{"rendered":"<div data-page-id=\"HwzndhOThobnILxIudbcHryknDb\" data-lark-html-role=\"root\" data-docx-has-block-data=\"true\">\n<h2 class=\"heading-2 ace-line old-record-id-S73ufUL1mdjco9cnlhkcvErenu7\">1. Folha de acr\u00edlico pastel<\/h2>\n<h3 class=\"heading-3 ace-line old-record-id-SiGqfQanfdCWYzcT3GPcXnxNnmg\">Vis\u00e3o geral do produto<\/h3>\n<div class=\"ace-line ace-line old-record-id-JQKnffEEadQpgEcCQ2jcePPKnKd\">As nossas folhas acr\u00edlicas Pastel apresentam tons macarons suaves e de baixa satura\u00e7\u00e3o que conferem uma est\u00e9tica suave, elegante e sonhadora a qualquer projeto. Com um acabamento mate-acetinado suave, oferecem um toque sofisticado, mantendo uma excelente transmiss\u00e3o de luz para um brilho difuso e confort\u00e1vel. Leves e resistentes a estilha\u00e7os, estas folhas s\u00e3o f\u00e1ceis de processar e adequadas para aplica\u00e7\u00f5es interiores e exteriores, o que as torna uma escolha popular para artes\u00e3os, designers e empresas.<\/div>\n<h3 class=\"heading-3 ace-line old-record-id-ExFofXy1bdsFNtc4hm0cpt0Ynvb\">Carater\u00edsticas principais<\/h3>\n<ul class=\"list-bullet1\">\n<li class=\"ace-line ace-line old-record-id-A2oRfws1udvKvdciHe5c0TQcnCh\" data-list=\"bullet\">\n<div>Paleta de cores suaves e discretas: Dispon\u00edvel em tons cl\u00e1ssicos de macaron (rosa claro, verde menta, azul beb\u00e9, lavanda, creme, etc.), baixa satura\u00e7\u00e3o para um aspeto suave e est\u00e9tico.<\/div>\n<\/li>\n<li class=\"ace-line ace-line old-record-id-VOpofybr0d5N6wcFJxnctjwUn4b\" data-list=\"bullet\">\n<div>Acabamento elegante: Superf\u00edcie lisa de cetim mate, sem brilho, que confere uma textura de alta qualidade a qualquer aplica\u00e7\u00e3o.<\/div>\n<\/li>\n<li class=\"ace-line ace-line old-record-id-DaZNfhAGudmxncc7DxCcywk9nuf\" data-list=\"bullet\">\n<div>Dur\u00e1vel e pr\u00e1tico: Leve mas resistente aos estilha\u00e7os, mais resistente ao impacto do que o vidro, seguro de utilizar.<\/div>\n<\/li>\n<li class=\"ace-line ace-line old-record-id-YVIAfI55sdeJh6crHO3cjrjXn1h\" data-list=\"bullet\">\n<div>F\u00e1cil de processar: Pode ser facilmente cortado, perfurado, dobrado, polido e colado, adequado para v\u00e1rios projectos de bricolage e profissionais.<\/div>\n<\/li>\n<li class=\"ace-line ace-line old-record-id-SqNFfQLJFdo655cfeyeciGnPnNf\" data-list=\"bullet\">\n<div>Resistente aos raios UV e \u00e0s intemp\u00e9ries: Resiste eficazmente \u00e0 radia\u00e7\u00e3o UV e \u00e0s intemp\u00e9ries, n\u00e3o amarelece, desvanece ou racha, sendo adequada para utiliza\u00e7\u00e3o no interior e no exterior.<\/div>\n<\/li>\n<li class=\"ace-line ace-line old-record-id-DnP7fgyNodXmDtcXHzpcM5Scntz\" data-list=\"bullet\">\n<div>Amigo do ambiente e n\u00e3o t\u00f3xico: Feito de acr\u00edlico PMMA virgem 100%, n\u00e3o t\u00f3xico, inodoro e amigo do ambiente, seguro para uso dom\u00e9stico e comercial.<\/div>\n<\/li>\n<\/ul>\n<h3 class=\"heading-3 ace-line old-record-id-RfB0fGyjVdiNz1cWGhvcyeUYnDg\">Especifica\u00e7\u00f5es<\/h3>\n<div>\n<table class=\"ace-table\" style=\"height: 303px\" width=\"1228\" data-ace-table-col-widths=\"200;200\">\n<colgroup>\n<col width=\"200\" \/>\n<col width=\"200\" \/><\/colgroup>\n<thead>\n<tr>\n<th colspan=\"1\" rowspan=\"1\">\n<div class=\"ace-line ace-line old-record-id-LFimfvRszd0Xeic4PvpcvK6Vn6e\">Item<\/div>\n<\/th>\n<th colspan=\"1\" rowspan=\"1\">\n<div class=\"ace-line ace-line old-record-id-Wti9fpD1cdFs6PcpkNVcUN3Jnic\">Detalhes<\/div>\n<\/th>\n<\/tr>\n<\/thead>\n<tbody>\n<tr>\n<td colspan=\"1\" rowspan=\"1\">\n<div class=\"ace-line ace-line old-record-id-SM9Of1STAdgJXCchvopcPmT1nle\">Material<\/div>\n<\/td>\n<td colspan=\"1\" rowspan=\"1\">\n<div class=\"ace-line ace-line old-record-id-X6kofr6afdMch4cHcLxcjRk8nNd\">100% Acr\u00edlico PMMA virgem<\/div>\n<\/td>\n<\/tr>\n<tr>\n<td colspan=\"1\" rowspan=\"1\">\n<div class=\"ace-line ace-line old-record-id-XiLLf4KP5dqJpfcyBkscrv1Rnkb\">Espessura<\/div>\n<\/td>\n<td colspan=\"1\" rowspan=\"1\">\n<div class=\"ace-line ace-line old-record-id-PGOjfzD67dE7hkcBRUgc97rVnXg\">1mm - 20mm (personaliz\u00e1vel)<\/div>\n<\/td>\n<\/tr>\n<tr>\n<td colspan=\"1\" rowspan=\"1\">\n<div class=\"ace-line ace-line old-record-id-OY1ZfHoE6dynMzcyVfhcJUODnsb\">Tamanhos padr\u00e3o<\/div>\n<\/td>\n<td colspan=\"1\" rowspan=\"1\">\n<div class=\"ace-line ace-line old-record-id-YSwufOVEndbzXVcQjjncNtgfnGh\">1220x2440mm \/ 865x1977mm (tamanhos de corte personalizados dispon\u00edveis)<\/div>\n<\/td>\n<\/tr>\n<tr>\n<td colspan=\"1\" rowspan=\"1\">\n<div class=\"ace-line ace-line old-record-id-FJGwfVUVgdSTdPcgsJ8cGTlFn5b\">Op\u00e7\u00f5es de cores<\/div>\n<\/td>\n<td colspan=\"1\" rowspan=\"1\">\n<div class=\"ace-line ace-line old-record-id-VsGQfafjNdKNWhcTZpZcdRvUnVb\">Rosa claro, verde menta, azul beb\u00e9, lavanda, creme e tons pastel personalizados<\/div>\n<\/td>\n<\/tr>\n<tr>\n<td colspan=\"1\" rowspan=\"1\">\n<div class=\"ace-line ace-line old-record-id-APgnfsIfXdfvcPcoHrdc4QXLn4f\">Acabamento da superf\u00edcie<\/div>\n<\/td>\n<td colspan=\"1\" rowspan=\"1\">\n<div class=\"ace-line ace-line old-record-id-YBgCfSkBcdo2OncdK9dcBj49nlf\">Mate \/ Acetinado<\/div>\n<\/td>\n<\/tr>\n<tr>\n<td colspan=\"1\" rowspan=\"1\">\n<div class=\"ace-line ace-line old-record-id-LUslfPsRbdhPNhcFzYucmVPMnEg\">Transmiss\u00e3o de luz<\/div>\n<\/td>\n<td colspan=\"1\" rowspan=\"1\">\n<div class=\"ace-line ace-line old-record-id-A94afcm7ld9iMZcQRbLc27Nunfg\">75% &#8211; 85%<\/div>\n<\/td>\n<\/tr>\n<tr>\n<td colspan=\"1\" rowspan=\"1\">\n<div class=\"ace-line ace-line old-record-id-CZfEfLP58dZnd6cWh8DcuXPJnEe\">Aplica\u00e7\u00f5es<\/div>\n<\/td>\n<td colspan=\"1\" rowspan=\"1\">\n<div class=\"ace-line ace-line old-record-id-A6lEfE9r1dzxqfcO2S7cGG1ynnf\">Artesanato DIY, decora\u00e7\u00e3o de casa, decora\u00e7\u00f5es de festas, artigos de papelaria, pormenores de mobili\u00e1rio, molduras para fotografias, instala\u00e7\u00f5es art\u00edsticas, sinal\u00e9tica<\/div>\n<\/td>\n<\/tr>\n<\/tbody>\n<\/table>\n<\/div>\n<h3 class=\"heading-3 ace-line old-record-id-E2QjfYWANdGdDmcjJcWcNGSynod\">Utiliza\u00e7\u00f5es ideais<\/h3>\n<div class=\"ace-line ace-line old-record-id-MgA4fFtGOdg9Taccrs9c52RKnTd\">Perfeito para design de interiores (decora\u00e7\u00e3o de paredes, incrusta\u00e7\u00f5es de m\u00f3veis), artesanato e presentes DIY, decora\u00e7\u00f5es de festas e eventos, instala\u00e7\u00f5es art\u00edsticas, expositores e produ\u00e7\u00e3o de artigos de papelaria. As cores pastel suaves s\u00e3o especialmente populares entre os jovens consumidores e designers para criar uma atmosfera quente e sonhadora.<\/div>\n<\/div>","protected":false},"excerpt":{"rendered":"<p>1. Pastel Acrylic Sheet Product Overview Our Pastel Acrylic Sheets feature soft, low-saturation macaron tones that bring a gentle, elegant, and dreamy aesthetic to any&#8230;<\/p>","protected":false},"featured_media":7640,"comment_status":"open","ping_status":"closed","template":"","meta":{"_acf_changed":false,"_seopress_robots_primary_cat":"none","_seopress_titles_title":"","_seopress_titles_desc":"","_seopress_robots_index":"","_gspb_post_css":""},"product_brand":[],"product_cat":[77],"product_tag":[],"class_list":{"0":"post-7637","1":"product","2":"type-product","3":"status-publish","4":"has-post-thumbnail","6":"product_cat-acrylic-sheet","8":"first","9":"instock","10":"shipping-taxable","11":"product-type-simple"},"acf":[],"etheme_brands":{"errors":{"invalid_taxonomy":["Taxonomia inv\u00e1lida."]},"error_data":[]},"_links":{"self":[{"href":"https:\/\/jrtacrylic.com\/pt\/wp-json\/wp\/v2\/product\/7637","targetHints":{"allow":["GET"]}}],"collection":[{"href":"https:\/\/jrtacrylic.com\/pt\/wp-json\/wp\/v2\/product"}],"about":[{"href":"https:\/\/jrtacrylic.com\/pt\/wp-json\/wp\/v2\/types\/product"}],"replies":[{"embeddable":true,"href":"https:\/\/jrtacrylic.com\/pt\/wp-json\/wp\/v2\/comments?post=7637"}],"version-history":[{"count":2,"href":"https:\/\/jrtacrylic.com\/pt\/wp-json\/wp\/v2\/product\/7637\/revisions"}],"predecessor-version":[{"id":7645,"href":"https:\/\/jrtacrylic.com\/pt\/wp-json\/wp\/v2\/product\/7637\/revisions\/7645"}],"wp:featuredmedia":[{"embeddable":true,"href":"https:\/\/jrtacrylic.com\/pt\/wp-json\/wp\/v2\/media\/7640"}],"wp:attachment":[{"href":"https:\/\/jrtacrylic.com\/pt\/wp-json\/wp\/v2\/media?parent=7637"}],"wp:term":[{"taxonomy":"product_brand","embeddable":true,"href":"https:\/\/jrtacrylic.com\/pt\/wp-json\/wp\/v2\/product_brand?post=7637"},{"taxonomy":"product_cat","embeddable":true,"href":"https:\/\/jrtacrylic.com\/pt\/wp-json\/wp\/v2\/product_cat?post=7637"},{"taxonomy":"product_tag","embeddable":true,"href":"https:\/\/jrtacrylic.com\/pt\/wp-json\/wp\/v2\/product_tag?post=7637"}],"curies":[{"name":"wp","href":"https:\/\/api.w.org\/{rel}","templated":true}]}}